{"id":2100,"date":"2019-08-21T17:23:07","date_gmt":"2019-08-21T15:23:07","guid":{"rendered":"http:\/\/www.lopanner.com\/main\/?page_id=2100"},"modified":"2019-08-21T17:35:42","modified_gmt":"2019-08-21T15:35:42","slug":"cookie-policy","status":"publish","type":"page","link":"https:\/\/lopanner.com\/main\/cookie-policy\/","title":{"rendered":"Cookie policy"},"content":{"rendered":"<p>[et_pb_section bb_built=&#8221;1&#8243;][et_pb_row][et_pb_column type=&#8221;4_4&#8243;][et_pb_text _builder_version=&#8221;3.0.66&#8243; background_layout=&#8221;light&#8221; text_orientation=&#8221;left&#8221; border_style=&#8221;solid&#8221;]<\/p>\n<h1>Cosa sono i cookie?<\/h1>\n<p>I cookie sono file di testo di dimensioni ridotte che i siti visitati dagli utenti inviano ai loro terminali o dispositivi, in cui vengono memorizzati per essere trasmessi nuovamente agli stessi siti in occasione di visite successive. I cookie (e\/o tecnologie similari come ad esempio le tecnologie SDK per il mondo mobile) possono essere memorizzati in modo permanente (cookie persistenti) sul tuo dispositivo o avere un durata variabile; possono infatti cancellarsi con la chiusura del browser o avere una durata limitata alla singola sessione (cookie di sessione). I cookie possono essere installati da lopanner.com (cookie di prima parte) o da altri siti web (cookie di terze parti). I cookie sono utilizzati per diverse finalit\u00e0 come meglio specificato al successivo punto 2 della presente pagina. Per le attivit\u00e0 di profilazione, i dati personali raccolti tramite cookie sono trattati per un periodo massimo di 3 mesi dal momento in cui viene prestato il consenso al trattamento. Di seguito troverai tutte le informazioni sui cookie installati attraverso il sito di lopanner.com e\/o relative applicazioni e le indicazioni necessarie su come gestire le tue preferenze riguardo ad essi. Ti ricordiamo che la nostra piattaforma supporta i browser e\/o applicazioni di seguito individuati ai fini di una corretta erogazione del servizio. Per risultati ottimali si consiglia di scaricare la versione pi\u00f9 recente del proprio browser e\/o app. Ti ricordiamo che lopanner.com non pu\u00f2 garantire il corretto funzionamento del servizio e l\u2019effettivit\u00e0 delle indicazioni contenute nella presente informativa per precedenti versioni di browser non supportati.<\/p>\n<p>Browser sito desktop<br \/>\n\u00b7 Chrome versione 49.0 o successiva<br \/>\n\u00b7 Firefox versione 52.0 o successiva<br \/>\n\u00b7 Internet Explorer versione 11 o successiva<br \/>\n\u00b7 Safari versione 8 o successiva<\/p>\n<p>Browser sito mobile<br \/>\n\u00b7 iOS 7.1 o successivo (iPhone 4 o successivo): Safari<br \/>\n\u00b7 Android 4.1 o successivo: Chrome 28.0 o successivo, Samsung Browser 3.3 o successivo, Android browser.<br \/>\n\u00b7 Windows Phone 8.1 o successivo: IEMobile<\/p>\n<p>Browser per dispositivi tablet<br \/>\n\u00b7 Ipad: Safari<br \/>\n\u00b7 Android: Android Browser<\/p>\n<h1>Quali cookie sono presenti su lopanner.com ?<\/h1>\n<p>Cookie di prima parte e relative finalit\u00e0<br \/>\nLe finalit\u00e0 principali dei cookie installati da aduvda.eu sono:<br \/>\n\u00b7 tecniche, vengono cio\u00e8 utilizzati per finalit\u00e0 connesse all\u2019erogazione del servizio e per consentire o migliorare la navigazione su lopanner.com o memorizzare le ricerche. Tali cookie sono indispensabili per garantire al sito un corretto funzionamento.<\/p>\n<p>Cookie di terza parte e relative finalit\u00e0<br \/>\nLe finalit\u00e0 principali dei cookie installati da terze parti sono:<br \/>\n\u00b7 analitiche: per raccogliere informazioni statistiche sull\u2019utilizzo del servizio da parte degli utenti (e.g. numero visitatori, pagine visitate, \u2026). Questi cookie sono utilizzati per analizzare il traffico sulle pagine del sito in modo anonimo, senza memorizzare dati personali.<br \/>\nTerze parti:<a href=\"https:\/\/policies.google.com\/privacy?hl=it\" target=\"_blank\" rel=\"noreferrer noopener\">Google Analytics<\/a><br \/>\nInoltre, potrebbero essere attivati dei cookie specialmente concepiti per \u00abreti sociali\u00bb. Essi permettono all\u2019utente di interagire tramite le reti sociali (funzione condividi,\u00a0<a href=\"https:\/\/www.facebook.com\/privacy\/explanation\" target=\"_blank\" rel=\"noreferrer noopener\">Facebook<\/a>). Quando una pagina contiene questo comando, si stabilisce un collegamento diretto con la rete sociale selezionata.<br \/>\nL\u2019impiego delle suddette tecnologie \u00e8 regolato dalle informative sulla privacy di dette societ\u00e0 e non dall\u2019informativa privacy di lopanner.com .<\/p>\n<h1>Come viene prestato il consenso all\u2019utilizzo dei cookie?<\/h1>\n<p>Il consenso all\u2019utilizzo dei cookie viene prestato dall\u2019utente attraverso le seguenti modalit\u00e0: chiudendo il banner contenente l\u2019informativa breve, scorrendo la pagina che ospita il banner o cliccando qualunque suo elemento e pu\u00f2 essere revocato in ogni momento. Tutti i cookie tecnici non richiedono consenso, pertanto vengono installati automaticamente a seguito dell\u2019accesso al sito.<\/p>\n<h1>Come revocare il consenso all\u2019utilizzo dei cookie?<\/h1>\n<p>I cookie possono essere completamente disattivati dal browser utilizzando l\u2019apposita funzione prevista nella maggior parte dei programmi di navigazione. \u00c8 bene sapere per\u00f2 che disattivando i cookie alcune delle funzionalit\u00e0 del sito lopanner.com potrebbero non essere utilizzabili. Link alle informative dei principali browser per ulteriori informazioni sulla disattivazione dei cookie:<a href=\"https:\/\/support.google.com\/chrome\/answer\/95647?hl=it\" target=\"_blank\" rel=\"noreferrer noopener\">Chrome<\/a>,\u00a0<a href=\"https:\/\/support.mozilla.org\/it\/kb\/Gestione%20dei%20cookie\" target=\"_blank\" rel=\"noreferrer noopener\">Firefox<\/a>,\u00a0<a href=\"http:\/\/windows.microsoft.com\/it-it\/internet-explorer\/delete-manage-cookies#ie=ie-11\" target=\"_blank\" rel=\"noreferrer noopener\">Internet Explorer<\/a>,\u00a0<a href=\"https:\/\/support.apple.com\/it-it\/HT201265\" target=\"_blank\" rel=\"noreferrer noopener\">Safari<\/a>,\u00a0<a href=\"https:\/\/privacy.microsoft.com\/en-us\/windows-10-microsoft-edge-and-privacy\" target=\"_blank\" rel=\"noreferrer noopener\">Edge<\/a>.. Per disattivare singolarmente i cookie di performance e di profilazione di terza parte clicca sui link all\u2019informativa delle terze parti espressamente indicati al precedente punto 2 della presente policy sui cookie.<\/p>\n<h1>Ulteriori informazioni sui cookie<\/h1>\n<p>Le piattaforme\u00a0<a href=\"http:\/\/www.youronlinechoices.com\/it\/help\" target=\"_blank\" rel=\"noreferrer noopener\">Youonlinechoice<\/a>\u00a0e\u00a0<a href=\"http:\/\/optout.networkadvertising.org\/#!\/\" target=\"_blank\" rel=\"noreferrer noopener\">Networkadvertising.org<\/a>\u00a0offrono la possibilit\u00e0 di rifiutare o accettare i cookie di molti professionisti della pubblicit\u00e0 digitale. Ti consigliamo di utilizzare queste piattaforme per gestire la revoca del consenso all\u2019utilizzo dei cookie.<br \/>\nPer saperne di pi\u00f9 sulla pubblicit\u00e0 mirata puoi consultare le seguenti pagine:<br \/>\n\u00b7\u00a0<a href=\"http:\/\/www.youronlinechoices.eu\/\" target=\"_blank\" rel=\"noreferrer noopener\">European Interactive Digital Advertising Alliance<\/a>\u00a0(EIDAA)<br \/>\n\u00b7\u00a0<a href=\"http:\/\/www.networkadvertising.org\/\" target=\"_blank\" rel=\"noreferrer noopener\">Network Advertising Initiative<\/a>\u00a0(NAI)<br \/>\n\u00b7\u00a0<a href=\"http:\/\/www.iab.com\/\" target=\"_blank\" rel=\"noreferrer noopener\">Interactive Advertising Bureau<\/a>\u00a0(IAB)<\/p>\n<p>&nbsp;<\/p>\n<p>[\/et_pb_text][\/et_pb_column][\/et_pb_row][\/et_pb_section]<\/p>\n","protected":false},"excerpt":{"rendered":"<p>[et_pb_section bb_built=&#8221;1&#8243;][et_pb_row][et_pb_column type=&#8221;4_4&#8243;][et_pb_text _builder_version=&#8221;3.0.66&#8243; background_layout=&#8221;light&#8221; text_orientation=&#8221;left&#8221; border_style=&#8221;solid&#8221;] Cosa sono i cookie? I cookie sono file di testo di dimensioni ridotte che i siti visitati dagli utenti inviano ai loro terminali o dispositivi, in cui vengono memorizzati per essere trasmessi nuovamente agli stessi siti in occasione di visite successive. I cookie (e\/o tecnologie similari come ad [&hellip;]<\/p>\n","protected":false},"author":1,"featured_media":0,"parent":0,"menu_order":0,"comment_status":"closed","ping_status":"closed","template":"","meta":{"_et_pb_use_builder":"on","_et_pb_old_content":"","_et_gb_content_width":""},"_links":{"self":[{"href":"https:\/\/lopanner.com\/main\/wp-json\/wp\/v2\/pages\/2100"}],"collection":[{"href":"https:\/\/lopanner.com\/main\/wp-json\/wp\/v2\/pages"}],"about":[{"href":"https:\/\/lopanner.com\/main\/wp-json\/wp\/v2\/types\/page"}],"author":[{"embeddable":true,"href":"https:\/\/lopanner.com\/main\/wp-json\/wp\/v2\/users\/1"}],"replies":[{"embeddable":true,"href":"https:\/\/lopanner.com\/main\/wp-json\/wp\/v2\/comments?post=2100"}],"version-history":[{"count":1,"href":"https:\/\/lopanner.com\/main\/wp-json\/wp\/v2\/pages\/2100\/revisions"}],"predecessor-version":[{"id":2101,"href":"https:\/\/lopanner.com\/main\/wp-json\/wp\/v2\/pages\/2100\/revisions\/2101"}],"wp:attachment":[{"href":"https:\/\/lopanner.com\/main\/wp-json\/wp\/v2\/media?parent=2100"}],"curies":[{"name":"wp","href":"https:\/\/api.w.org\/{rel}","templated":true}]}}