{"id":2137,"date":"2019-09-27T09:06:23","date_gmt":"2019-09-27T07:06:23","guid":{"rendered":"https:\/\/www.lopanner.com\/main\/?page_id=2137"},"modified":"2025-10-03T09:47:28","modified_gmt":"2025-10-03T07:47:28","slug":"valais","status":"publish","type":"page","link":"https:\/\/lopanner.com\/main\/valais\/","title":{"rendered":"Valais"},"content":{"rendered":"<p>[et_pb_section fb_built=&#8221;1&#8243; fullwidth=&#8221;on&#8221; _builder_version=&#8221;3.0.66&#8243; background_color=&#8221;#e02b20&#8243; global_module=&#8221;247&#8243;][et_pb_fullwidth_image src=&#8221;https:\/\/www.lopanner.com\/main\/wp-content\/uploads\/2017\/10\/img_forni3.jpg&#8221; disabled_on=&#8221;on|on|&#8221; _builder_version=&#8221;3.29.1&#8243; animation=&#8221;off&#8221; border_style=&#8221;solid&#8221;][\/et_pb_fullwidth_image][et_pb_fullwidth_image src=&#8221;https:\/\/www.lopanner.com\/main\/wp-content\/uploads\/2017\/10\/Pane_nero.jpg&#8221; disabled_on=&#8221;||on&#8221; _builder_version=&#8221;3.0.87&#8243; animation=&#8221;off&#8221; border_style=&#8221;solid&#8221;][\/et_pb_fullwidth_image][\/et_pb_section][et_pb_section fb_built=&#8221;1&#8243; _builder_version=&#8221;3.22&#8243; custom_padding=&#8221;30px|0px|40px|0px&#8221;][et_pb_row _builder_version=&#8221;3.25&#8243; background_size=&#8221;initial&#8221; background_position=&#8221;top_left&#8221; background_repeat=&#8221;repeat&#8221; custom_padding=&#8221;32px|0px|15px|0px&#8221;][et_pb_column type=&#8221;4_4&#8243; _builder_version=&#8221;3.0.47&#8243; custom_padding=&#8221;|||&#8221; custom_padding__hover=&#8221;|||&#8221;][et_pb_text admin_label=&#8221;VALAIS&#8221; _builder_version=&#8221;3.29.1&#8243; header_font_size=&#8221;40px&#8221; header_font_size_tablet=&#8221;&#8221; header_font_size_phone=&#8221;25px&#8221; header_font_size_last_edited=&#8221;on|phone&#8221; border_style=&#8221;solid&#8221;]<\/p>\n<h1 style=\"text-align: center;\"><strong>VALAIS<br \/><\/strong><\/h1>\n<p>[\/et_pb_text][et_pb_text disabled_on=&#8221;on|on|on&#8221; _builder_version=&#8221;4.6.1&#8243; _module_preset=&#8221;default&#8221; disabled=&#8221;on&#8221;]<\/p>\n<h2><strong>Erschmatt<\/strong><\/h2>\n<p>Dans de nombreux villages valaisans, le pain de seigle \u00e9tait consid\u00e9r\u00e9 comme la principale c\u00e9r\u00e9ale panifiable. On plantait soi-m\u00eame le seigle et on le cuisait dans le four du village. Aujourd&#8217;hui, la cuisson du pain de seigle reste une tradition vivante. Le grand four (pour environ 150 pains) d&#8217;Erschmatt pr\u00e8s de Lo\u00e8che a plus de 400 ans et est utilis\u00e9 chaque ann\u00e9e apr\u00e8s No\u00ebl. Nous avons besoin d&#8217;un four plus petit (pour 50 pains au maximum) lors de manifestations de boulangerie tout au long de l&#8217;ann\u00e9e. La farine provient de nos propres champs en terrasses, que nous cultivons.<\/p>\n<h2 style=\"text-align: center;\"><span style=\"text-decoration: underline;\"><br \/><a href=\"https:\/\/urlsand.esvalabs.com\/?u=https%3A%2F%2Fwww.erschmatt.ch%2Ffr%2Fseigle%2F&amp;e=c4177592&amp;h=1c5c02db&amp;f=n&amp;p=y\">www.erschmatt.ch\/fr\/seigle\/<\/a><\/span><\/h2>\n<p>[\/et_pb_text][\/et_pb_column][\/et_pb_row][et_pb_row column_structure=&#8221;1_2,1_2&#8243; _builder_version=&#8221;4.6.1&#8243; _module_preset=&#8221;default&#8221;][et_pb_column type=&#8221;1_2&#8243; _builder_version=&#8221;4.6.1&#8243; _module_preset=&#8221;default&#8221;][et_pb_text _builder_version=&#8221;4.6.1&#8243; _module_preset=&#8221;default&#8221;]<\/p>\n<p>Jusqu\u2019aux premi\u00e8res d\u00e9cennies du XX si\u00e8cle, faire le pain au four des villages (four dit banal dans le Valais romand) avait une importance vitale pour les communaut\u00e9s alpines car strictement li\u00e9es au mod\u00e8le de subsistance alimentaire. Ces communaut\u00e9s y ont d\u00e9velopp\u00e9 des savoirs complexes, qui allaient de la culture de c\u00e9r\u00e9ales en montagne \u00e0 la panification. Cette organisation reposait souvent sur de savoir-faire partag\u00e9s par les membres de la communaut\u00e9 car les fours banals \u00e9taient des biens communs. Leur gestion et entretien \u00e9tait donc une affaire de tous les membres d\u2019une communaut\u00e9. Apr\u00e8s une p\u00e9riode d\u2019abandon de la pratique, qui semblait destin\u00e9e \u00e0 dispara\u00eetre, emport\u00e9e par les grands changements li\u00e9s \u00e0 la modernisation des styles de vie, \u00e0 l\u2019industrialisation, et \u00e0 la professionnalisation du m\u00e9tier de boulanger, c\u2019est \u00e0 partir des ann\u00e9es 1980-1990 que bon nombre de fours ont \u00e9t\u00e9 restaur\u00e9s par des passionn\u00e9s. Les anciens consortages ont \u00e9t\u00e9 repris et de nouvelles associations ont \u00e9t\u00e9 fond\u00e9e pour leur r\u00e9novation. Les deux perp\u00e9tuent la tradition de la cuisson collective du pain, et d\u2019autres sp\u00e9cialit\u00e9s douces, selon des formes contemporaines de panification et dans un contexte festif, familiale et de voisinage. <br \/>En 2025, pour la premi\u00e8re fois, le Valais rejoint les autres territoires alpins pour c\u00e9l\u00e9brer ensemble cette tradition les 18 et 19 octobre, gr\u00e2ce \u00e0 la collaboration entre le Centre r\u00e9gional d\u2019\u00e9tudes des populations alpines, l\u2019association Erlebniswelt Roggen Erschmatt, l\u2019Association du pain de seigle valaisan AOP et le Four banal de Voll\u00e8ges.<\/p>\n<p>[\/et_pb_text][\/et_pb_column][et_pb_column type=&#8221;1_2&#8243; _builder_version=&#8221;4.6.1&#8243; _module_preset=&#8221;default&#8221;][et_pb_text _builder_version=&#8221;4.6.1&#8243; _module_preset=&#8221;default&#8221;]<\/p>\n<p>Bis in die ersten Jahrzehnte des 20. Jahrhunderts war das Backen von Brot im Dorfbackofen f\u00fcr die Berggemeinden von entscheidender Bedeutung, da es eng mit ihrer Ern\u00e4hrungssicherung verbunden war. Diese Gemeinschaften entwickelten komplexes Wissen, das vom Getreideanbau in den Bergen bis zur Brotherstellung reichte. Diese Organisation beruhte oft auf dem gemeinsamen Wissen der Gemeindemitglieder, da die Gemeinschafts\u00f6fen gemeinschaftliches Eigentum waren. Ihre Verwaltung und Instandhaltung war daher eine Angelegenheit aller Gemeindemitglieder. Die grossen Ver\u00e4nderungen im Zusammenhang mit der Modernisierung des Lebensstils, der Industrialisierung und der Professionalisierung des B\u00e4ckerberufs f\u00fchrten dazu, dass die Praxis des gemeinsamen Brotbackens zunehmend aufgegeben wurde und zu verschwinden schien. Eine Revitalisierung vieler \u00d6fen erfolgte ab den 1980er- und 1990er-Jahren dank dem Einsatz vieler Enthusiasten. Die urspr\u00fcnglichen Arbeitsgemeinschaften wurden wiederbelebt und neue Vereine f\u00fcr ihre Renovierung gegr\u00fcndet. Sie f\u00fchren die Tradition des gemeinsamen Backens von Brot und anderen s\u00fcssen Spezialit\u00e4ten fort, wobei zeitgem\u00e4sse Backmethoden zum Einsatz kommen und ein festliches, famili\u00e4res und nachbarschaftliches Ambiente herrscht.<\/p>\n<p>Im Jahr 2025 schliesst sich das Wallis zum ersten Mal den bereits aktiven Alpenregionen an, um diese Tradition am 18. und 19. Oktober gemeinsam zu feiern. Dies ist der Zusammenarbeit zwischen dem Regionalen Zentrum f\u00fcr Alpenforschung, dem Verein Erlebniswelt Roggen Erschmatt, dem Verein f\u00fcr Walliser Roggenbrot AOP und dem Gemeinschaftsbackofen von Voll\u00e8ges zu verdanken.<\/p>\n<p>[\/et_pb_text][\/et_pb_column][\/et_pb_row][et_pb_row column_structure=&#8221;1_4,1_4,1_4,1_4&#8243; _builder_version=&#8221;4.6.1&#8243; _module_preset=&#8221;default&#8221;][et_pb_column type=&#8221;1_4&#8243; _builder_version=&#8221;4.6.1&#8243; _module_preset=&#8221;default&#8221;][et_pb_image src=&#8221;https:\/\/lopanner.com\/main\/wp-content\/uploads\/2025\/09\/Locandina-2025-Valais.jpg&#8221; title_text=&#8221;Locandina 2025 Valais&#8221; show_in_lightbox=&#8221;on&#8221; _builder_version=&#8221;4.6.1&#8243; _module_preset=&#8221;default&#8221;][\/et_pb_image][\/et_pb_column][et_pb_column type=&#8221;1_4&#8243; _builder_version=&#8221;4.6.1&#8243; _module_preset=&#8221;default&#8221;][et_pb_image src=&#8221;https:\/\/lopanner.com\/main\/wp-content\/uploads\/2025\/09\/flyer_p2-1.jpg&#8221; title_text=&#8221;flyer_p2&#8243; show_in_lightbox=&#8221;on&#8221; _builder_version=&#8221;4.6.1&#8243; _module_preset=&#8221;default&#8221;][\/et_pb_image][\/et_pb_column][et_pb_column type=&#8221;1_4&#8243; _builder_version=&#8221;4.6.1&#8243; _module_preset=&#8221;default&#8221;][et_pb_image src=&#8221;https:\/\/lopanner.com\/main\/wp-content\/uploads\/2025\/09\/flyer_p3-1.jpg&#8221; title_text=&#8221;flyer_p3&#8243; show_in_lightbox=&#8221;on&#8221; _builder_version=&#8221;4.6.1&#8243; _module_preset=&#8221;default&#8221;][\/et_pb_image][\/et_pb_column][et_pb_column type=&#8221;1_4&#8243; _builder_version=&#8221;4.6.1&#8243; _module_preset=&#8221;default&#8221;][et_pb_image src=&#8221;https:\/\/lopanner.com\/main\/wp-content\/uploads\/2025\/09\/flyer_p4-1.jpg&#8221; title_text=&#8221;flyer_p4&#8243; show_in_lightbox=&#8221;on&#8221; _builder_version=&#8221;4.6.1&#8243; _module_preset=&#8221;default&#8221;][\/et_pb_image][\/et_pb_column][\/et_pb_row][et_pb_row column_structure=&#8221;1_2,1_2&#8243; _builder_version=&#8221;4.6.1&#8243; _module_preset=&#8221;default&#8221;][et_pb_column type=&#8221;1_2&#8243; _builder_version=&#8221;4.6.1&#8243; _module_preset=&#8221;default&#8221;][et_pb_text disabled_on=&#8221;off|off|off&#8221; _builder_version=&#8221;4.6.1&#8243; _module_preset=&#8221;default&#8221;]<\/p>\n<h2><strong>Erlebniswelt Roggen Erschmatt<\/strong><\/h2>\n<h2 style=\"text-align: left;\"><span style=\"text-decoration: underline;\"> <a href=\"https:\/\/urlsand.esvalabs.com\/?u=https%3A%2F%2Fwww.erschmatt.ch%2Ffr%2Fseigle%2F&amp;e=c4177592&amp;h=1c5c02db&amp;f=n&amp;p=y\">www.erschmatt.ch\/fr\/seigle\/<\/a><\/span><\/h2>\n<h2><a href=\"https:\/\/www.erschmatt.ch\/roggen\/\">www.erschmatt.ch\/roggen\/<\/a><\/h2>\n<p>[\/et_pb_text][et_pb_text disabled_on=&#8221;off|off|off&#8221; _builder_version=&#8221;4.6.1&#8243; _module_preset=&#8221;default&#8221;]<\/p>\n<h2><strong>Association du pain de seigle valaisan AOP<\/strong><\/h2>\n<h2><a href=\"http:\/\/www.paindeseiglevalaisan.ch\" target=\"_blank\" rel=\"noopener noreferrer\">www.paindeseiglevalaisan.ch<\/a><\/h2>\n<p>[\/et_pb_text][\/et_pb_column][et_pb_column type=&#8221;1_2&#8243; _builder_version=&#8221;4.6.1&#8243; _module_preset=&#8221;default&#8221;][et_pb_text disabled_on=&#8221;off|off|off&#8221; _builder_version=&#8221;4.6.1&#8243; _module_preset=&#8221;default&#8221;]<\/p>\n<h2><strong>Four banal de Voll\u00e8ges<\/strong><\/h2>\n<h2><a href=\"http:\/\/www.fourbanalvolleges.ch\">www.fourbanalvolleges.ch<\/a><\/h2>\n<p>[\/et_pb_text][et_pb_text disabled_on=&#8221;off|off|off&#8221; _builder_version=&#8221;4.6.1&#8243; _module_preset=&#8221;default&#8221;]<\/p>\n<h2><strong>Centre r\u00e9gional d\u2019\u00e9tudes des populations alpines<\/strong><\/h2>\n<h2><a href=\"https:\/\/www.crepa.ch\/\" target=\"_blank\" rel=\"noopener noreferrer\">www.crepa.ch\/<\/a><\/h2>\n<p>[\/et_pb_text][\/et_pb_column][\/et_pb_row][et_pb_row column_structure=&#8221;1_3,1_3,1_3&#8243; disabled_on=&#8221;on|on|on&#8221; _builder_version=&#8221;3.25&#8243; background_size=&#8221;initial&#8221; background_position=&#8221;top_left&#8221; background_repeat=&#8221;repeat&#8221; disabled=&#8221;on&#8221;][et_pb_column type=&#8221;1_3&#8243; _builder_version=&#8221;3.0.47&#8243; custom_padding=&#8221;|||&#8221; custom_padding__hover=&#8221;|||&#8221;][et_pb_blurb title=&#8221;Four banal de Voll\u00e8ges&#8221; url=&#8221;\/main\/volleges&#8221; image=&#8221;https:\/\/www.lopanner.com\/main\/wp-content\/uploads\/2019\/09\/Volleges-lopanner-2019-IMG-20190907-WA0000.jpg&#8221; admin_label=&#8221;Four banal de Voll\u00e8ges&#8221; module_id=&#8221;forni&#8221; _builder_version=&#8221;3.29.1&#8243; header_font=&#8221;|||on|||||&#8221; header_font_size=&#8221;22px&#8221; text_orientation=&#8221;center&#8221;][\/et_pb_blurb][\/et_pb_column][et_pb_column type=&#8221;1_3&#8243; _builder_version=&#8221;3.0.47&#8243; custom_padding=&#8221;|||&#8221; custom_padding__hover=&#8221;|||&#8221;][et_pb_blurb title=&#8221;Four banal de l\u2019hospice du Grand-Saint Bernard&#8221; url=&#8221;\/main\/four-banal-de-lhospice&#8221; image=&#8221;https:\/\/www.lopanner.com\/main\/wp-content\/uploads\/2019\/09\/Lo-panner-bourg-Saint-Pierre-04.jpg&#8221; admin_label=&#8221;Four banal de l\u2019hospice du Grand-Saint Bernard&#8221; module_id=&#8221;forni&#8221; _builder_version=&#8221;3.29.1&#8243; header_font=&#8221;|||on|||||&#8221; header_font_size=&#8221;22px&#8221; text_orientation=&#8221;center&#8221;][\/et_pb_blurb][\/et_pb_column][et_pb_column type=&#8221;1_3&#8243; _builder_version=&#8221;3.0.47&#8243; custom_padding=&#8221;|||&#8221; custom_padding__hover=&#8221;|||&#8221;][\/et_pb_column][\/et_pb_row][\/et_pb_section][et_pb_section fb_built=&#8221;1&#8243; _builder_version=&#8221;3.22&#8243; custom_padding=&#8221;0px|0px|64px|0px&#8221;][et_pb_row _builder_version=&#8221;3.25&#8243; background_size=&#8221;initial&#8221; background_position=&#8221;top_left&#8221; background_repeat=&#8221;repeat&#8221;][et_pb_column type=&#8221;4_4&#8243; _builder_version=&#8221;3.0.47&#8243; background_position=&#8221;top_left&#8221; custom_padding=&#8221;|||&#8221; custom_padding__hover=&#8221;|||&#8221;][et_pb_image src=&#8221;https:\/\/www.lopanner.com\/main\/wp-content\/uploads\/2017\/10\/intangiblesearch.png&#8221; url=&#8221;http:\/\/www.intangiblesearch.eu\/show_ich_detail.php?db_name=intangible_search&#038;lingua=italiano&#038;idk=ICH-DST00-0000000292&#8243; url_new_window=&#8221;on&#8221; align=&#8221;center&#8221; align_tablet=&#8221;center&#8221; align_phone=&#8221;&#8221; align_last_edited=&#8221;on|desktop&#8221; admin_label=&#8221;LOGO INSTANGIBLE SEARCH&#8221; _builder_version=&#8221;3.23&#8243; max_width=&#8221;400px&#8221; max_width_tablet=&#8221;&#8221; max_width_phone=&#8221;&#8221; max_width_last_edited=&#8221;on|desktop&#8221; animation=&#8221;off&#8221; border_style=&#8221;solid&#8221; sticky=&#8221;off&#8221; always_center_on_mobile=&#8221;on&#8221;][\/et_pb_image][et_pb_image src=&#8221;https:\/\/lopanner.com\/main\/wp-content\/uploads\/2021\/10\/Loghi-generali2021_web.jpg&#8221; title_text=&#8221;Loghi-generali2021_web&#8221; align=&#8221;center&#8221; align_tablet=&#8221;center&#8221; align_phone=&#8221;&#8221; align_last_edited=&#8221;on|desktop&#8221; admin_label=&#8221;LOGHI UNIONE EUROPEA&#8221; _builder_version=&#8221;4.6.1&#8243; hover_enabled=&#8221;0&#8243; animation=&#8221;off&#8221; border_style=&#8221;solid&#8221; sticky=&#8221;off&#8221; always_center_on_mobile=&#8221;on&#8221; sticky_enabled=&#8221;0&#8243;][\/et_pb_image][\/et_pb_column][\/et_pb_row][\/et_pb_section]<\/p>\n","protected":false},"excerpt":{"rendered":"<p>[et_pb_section fb_built=&#8221;1&#8243; fullwidth=&#8221;on&#8221; _builder_version=&#8221;3.0.66&#8243; background_color=&#8221;#e02b20&#8243; global_module=&#8221;247&#8243;][et_pb_fullwidth_image src=&#8221;https:\/\/www.lopanner.com\/main\/wp-content\/uploads\/2017\/10\/img_forni3.jpg&#8221; disabled_on=&#8221;on|on|&#8221; _builder_version=&#8221;3.29.1&#8243; animation=&#8221;off&#8221; border_style=&#8221;solid&#8221;][\/et_pb_fullwidth_image][et_pb_fullwidth_image src=&#8221;https:\/\/www.lopanner.com\/main\/wp-content\/uploads\/2017\/10\/Pane_nero.jpg&#8221; disabled_on=&#8221;||on&#8221; _builder_version=&#8221;3.0.87&#8243; animation=&#8221;off&#8221; border_style=&#8221;solid&#8221;][\/et_pb_fullwidth_image][\/et_pb_section][et_pb_section fb_built=&#8221;1&#8243; _builder_version=&#8221;3.22&#8243; custom_padding=&#8221;30px|0px|40px|0px&#8221;][et_pb_row _builder_version=&#8221;3.25&#8243; background_size=&#8221;initial&#8221; background_position=&#8221;top_left&#8221; background_repeat=&#8221;repeat&#8221; custom_padding=&#8221;32px|0px|15px|0px&#8221;][et_pb_column type=&#8221;4_4&#8243; _builder_version=&#8221;3.0.47&#8243; custom_padding=&#8221;|||&#8221; custom_padding__hover=&#8221;|||&#8221;][et_pb_text admin_label=&#8221;VALAIS&#8221; _builder_version=&#8221;3.29.1&#8243; header_font_size=&#8221;40px&#8221; header_font_size_tablet=&#8221;&#8221; header_font_size_phone=&#8221;25px&#8221; header_font_size_last_edited=&#8221;on|phone&#8221; border_style=&#8221;solid&#8221;] VALAIS [\/et_pb_text][et_pb_text disabled_on=&#8221;on|on|on&#8221; _builder_version=&#8221;4.6.1&#8243; _module_preset=&#8221;default&#8221; disabled=&#8221;on&#8221;] Erschmatt Dans de nombreux villages valaisans, le pain de seigle \u00e9tait consid\u00e9r\u00e9 comme la [&hellip;]<\/p>\n","protected":false},"author":1,"featured_media":0,"parent":0,"menu_order":0,"comment_status":"closed","ping_status":"closed","template":"","meta":{"_et_pb_use_builder":"on","_et_pb_old_content":"","_et_gb_content_width":""},"_links":{"self":[{"href":"https:\/\/lopanner.com\/main\/wp-json\/wp\/v2\/pages\/2137"}],"collection":[{"href":"https:\/\/lopanner.com\/main\/wp-json\/wp\/v2\/pages"}],"about":[{"href":"https:\/\/lopanner.com\/main\/wp-json\/wp\/v2\/types\/page"}],"author":[{"embeddable":true,"href":"https:\/\/lopanner.com\/main\/wp-json\/wp\/v2\/users\/1"}],"replies":[{"embeddable":true,"href":"https:\/\/lopanner.com\/main\/wp-json\/wp\/v2\/comments?post=2137"}],"version-history":[{"count":29,"href":"https:\/\/lopanner.com\/main\/wp-json\/wp\/v2\/pages\/2137\/revisions"}],"predecessor-version":[{"id":2832,"href":"https:\/\/lopanner.com\/main\/wp-json\/wp\/v2\/pages\/2137\/revisions\/2832"}],"wp:attachment":[{"href":"https:\/\/lopanner.com\/main\/wp-json\/wp\/v2\/media?parent=2137"}],"curies":[{"name":"wp","href":"https:\/\/api.w.org\/{rel}","templated":true}]}}