{"id":1111,"date":"2017-09-29T10:37:50","date_gmt":"2017-09-29T08:37:50","guid":{"rendered":"http:\/\/www.lopanner.com\/vda\/?page_id=1111"},"modified":"2025-10-10T16:34:55","modified_gmt":"2025-10-10T14:34:55","slug":"avise","status":"publish","type":"page","link":"https:\/\/lopanner.com\/vda\/avise\/","title":{"rendered":"Avise"},"content":{"rendered":"<p>[et_pb_section fb_built=&#8221;1&#8243; fullwidth=&#8221;on&#8221; _builder_version=&#8221;3.0.66&#8243; background_color=&#8221;#e02b20&#8243; global_module=&#8221;247&#8243; locked=&#8221;off&#8221;][et_pb_fullwidth_image src=&#8221;https:\/\/www.lopanner.com\/vda\/wp-content\/uploads\/2017\/09\/forno_home2.jpg&#8221; disabled_on=&#8221;on|on|&#8221; _builder_version=&#8221;3.0.87&#8243; animation=&#8221;off&#8221; border_style=&#8221;solid&#8221;][\/et_pb_fullwidth_image][et_pb_fullwidth_image src=&#8221;https:\/\/www.lopanner.com\/vda\/wp-content\/uploads\/2017\/09\/forno_home.jpg&#8221; disabled_on=&#8221;||on&#8221; _builder_version=&#8221;3.0.87&#8243; animation=&#8221;off&#8221; border_style=&#8221;solid&#8221;][\/et_pb_fullwidth_image][\/et_pb_section][et_pb_section fb_built=&#8221;1&#8243; _builder_version=&#8221;3.29.2&#8243; custom_padding=&#8221;30px|0px|40px|0px&#8221; z_index_tablet=&#8221;500&#8243; box_shadow_horizontal_tablet=&#8221;0px&#8221; box_shadow_vertical_tablet=&#8221;0px&#8221; box_shadow_blur_tablet=&#8221;40px&#8221; box_shadow_spread_tablet=&#8221;0px&#8221;][et_pb_row column_structure=&#8221;3_5,2_5&#8243; _builder_version=&#8221;3.29.2&#8243; background_size=&#8221;initial&#8221; background_position=&#8221;top_left&#8221; background_repeat=&#8221;repeat&#8221; custom_padding=&#8221;32px|0px|15px|0px&#8221; z_index_tablet=&#8221;500&#8243; box_shadow_horizontal_tablet=&#8221;0px&#8221; box_shadow_vertical_tablet=&#8221;0px&#8221; box_shadow_blur_tablet=&#8221;40px&#8221; box_shadow_spread_tablet=&#8221;0px&#8221;][et_pb_column type=&#8221;3_5&#8243; _builder_version=&#8221;3.0.47&#8243; custom_padding=&#8221;|||&#8221; custom_padding__hover=&#8221;|||&#8221;][et_pb_text admin_label=&#8221;I FORNI DELLA FESTA DE LO PAN NER&#8221; _builder_version=&#8221;3.29.2&#8243; header_font_size=&#8221;40px&#8221; custom_margin=&#8221;50px|||&#8221; header_font_size_tablet=&#8221;&#8221; header_font_size_phone=&#8221;25px&#8221; header_font_size_last_edited=&#8221;on|phone&#8221; z_index_tablet=&#8221;500&#8243; text_text_shadow_horizontal_length_tablet=&#8221;0px&#8221; text_text_shadow_vertical_length_tablet=&#8221;0px&#8221; text_text_shadow_blur_strength_tablet=&#8221;1px&#8221; link_text_shadow_horizontal_length_tablet=&#8221;0px&#8221; link_text_shadow_vertical_length_tablet=&#8221;0px&#8221; link_text_shadow_blur_strength_tablet=&#8221;1px&#8221; ul_text_shadow_horizontal_length_tablet=&#8221;0px&#8221; ul_text_shadow_vertical_length_tablet=&#8221;0px&#8221; ul_text_shadow_blur_strength_tablet=&#8221;1px&#8221; ol_text_shadow_horizontal_length_tablet=&#8221;0px&#8221; ol_text_shadow_vertical_length_tablet=&#8221;0px&#8221; ol_text_shadow_blur_strength_tablet=&#8221;1px&#8221; quote_text_shadow_horizontal_length_tablet=&#8221;0px&#8221; quote_text_shadow_vertical_length_tablet=&#8221;0px&#8221; quote_text_shadow_blur_strength_tablet=&#8221;1px&#8221; header_text_shadow_horizontal_length_tablet=&#8221;0px&#8221; header_text_shadow_vertical_length_tablet=&#8221;0px&#8221; header_text_shadow_blur_strength_tablet=&#8221;1px&#8221; header_2_text_shadow_horizontal_length_tablet=&#8221;0px&#8221; header_2_text_shadow_vertical_length_tablet=&#8221;0px&#8221; header_2_text_shadow_blur_strength_tablet=&#8221;1px&#8221; header_3_text_shadow_horizontal_length_tablet=&#8221;0px&#8221; header_3_text_shadow_vertical_length_tablet=&#8221;0px&#8221; header_3_text_shadow_blur_strength_tablet=&#8221;1px&#8221; header_4_text_shadow_horizontal_length_tablet=&#8221;0px&#8221; header_4_text_shadow_vertical_length_tablet=&#8221;0px&#8221; header_4_text_shadow_blur_strength_tablet=&#8221;1px&#8221; header_5_text_shadow_horizontal_length_tablet=&#8221;0px&#8221; header_5_text_shadow_vertical_length_tablet=&#8221;0px&#8221; header_5_text_shadow_blur_strength_tablet=&#8221;1px&#8221; header_6_text_shadow_horizontal_length_tablet=&#8221;0px&#8221; header_6_text_shadow_vertical_length_tablet=&#8221;0px&#8221; header_6_text_shadow_blur_strength_tablet=&#8221;1px&#8221; box_shadow_horizontal_tablet=&#8221;0px&#8221; box_shadow_vertical_tablet=&#8221;0px&#8221; box_shadow_blur_tablet=&#8221;40px&#8221; box_shadow_spread_tablet=&#8221;0px&#8221;]<\/p>\n<h1 style=\"text-align: left;\"><strong>I FORNI DELLA FESTA <br \/>DE LO PAN NER<\/strong><\/h1>\n<p>[\/et_pb_text][et_pb_text admin_label=&#8221;NOME FORNO&#8221; _builder_version=&#8221;3.29.2&#8243; z_index_tablet=&#8221;500&#8243; text_text_shadow_horizontal_length_tablet=&#8221;0px&#8221; text_text_shadow_vertical_length_tablet=&#8221;0px&#8221; text_text_shadow_blur_strength_tablet=&#8221;1px&#8221; link_text_shadow_horizontal_length_tablet=&#8221;0px&#8221; link_text_shadow_vertical_length_tablet=&#8221;0px&#8221; link_text_shadow_blur_strength_tablet=&#8221;1px&#8221; ul_text_shadow_horizontal_length_tablet=&#8221;0px&#8221; ul_text_shadow_vertical_length_tablet=&#8221;0px&#8221; ul_text_shadow_blur_strength_tablet=&#8221;1px&#8221; ol_text_shadow_horizontal_length_tablet=&#8221;0px&#8221; ol_text_shadow_vertical_length_tablet=&#8221;0px&#8221; ol_text_shadow_blur_strength_tablet=&#8221;1px&#8221; quote_text_shadow_horizontal_length_tablet=&#8221;0px&#8221; quote_text_shadow_vertical_length_tablet=&#8221;0px&#8221; quote_text_shadow_blur_strength_tablet=&#8221;1px&#8221; header_text_shadow_horizontal_length_tablet=&#8221;0px&#8221; header_text_shadow_vertical_length_tablet=&#8221;0px&#8221; header_text_shadow_blur_strength_tablet=&#8221;1px&#8221; header_2_text_shadow_horizontal_length_tablet=&#8221;0px&#8221; header_2_text_shadow_vertical_length_tablet=&#8221;0px&#8221; header_2_text_shadow_blur_strength_tablet=&#8221;1px&#8221; header_3_text_shadow_horizontal_length_tablet=&#8221;0px&#8221; header_3_text_shadow_vertical_length_tablet=&#8221;0px&#8221; header_3_text_shadow_blur_strength_tablet=&#8221;1px&#8221; header_4_text_shadow_horizontal_length_tablet=&#8221;0px&#8221; header_4_text_shadow_vertical_length_tablet=&#8221;0px&#8221; header_4_text_shadow_blur_strength_tablet=&#8221;1px&#8221; header_5_text_shadow_horizontal_length_tablet=&#8221;0px&#8221; header_5_text_shadow_vertical_length_tablet=&#8221;0px&#8221; header_5_text_shadow_blur_strength_tablet=&#8221;1px&#8221; header_6_text_shadow_horizontal_length_tablet=&#8221;0px&#8221; header_6_text_shadow_vertical_length_tablet=&#8221;0px&#8221; header_6_text_shadow_blur_strength_tablet=&#8221;1px&#8221; box_shadow_horizontal_tablet=&#8221;0px&#8221; box_shadow_vertical_tablet=&#8221;0px&#8221; box_shadow_blur_tablet=&#8221;40px&#8221; box_shadow_spread_tablet=&#8221;0px&#8221;]<\/p>\n<h1 style=\"text-align: left;\"><strong>Avise<\/strong><\/h1>\n<p>[\/et_pb_text][\/et_pb_column][et_pb_column type=&#8221;2_5&#8243; _builder_version=&#8221;3.0.47&#8243; custom_padding=&#8221;|||&#8221; custom_padding__hover=&#8221;|||&#8221;][et_pb_image src=&#8221;https:\/\/www.lopanner.com\/vda\/wp-content\/uploads\/2017\/09\/avise.jpg&#8221; url=&#8221;https:\/\/lopanner.com\/vda\/forni\/&#8221; align_tablet=&#8221;center&#8221; align_phone=&#8221;&#8221; align_last_edited=&#8221;on|desktop&#8221; admin_label=&#8221;CARTINA FORNO&#8221; _builder_version=&#8221;3.29.2&#8243; animation_style=&#8221;slide&#8221; animation_direction=&#8221;left&#8221; animation_duration=&#8221;500ms&#8221; animation_intensity_slide=&#8221;10%&#8221; z_index_tablet=&#8221;500&#8243; box_shadow_horizontal_tablet=&#8221;0px&#8221; box_shadow_vertical_tablet=&#8221;0px&#8221; box_shadow_blur_tablet=&#8221;40px&#8221; box_shadow_spread_tablet=&#8221;0px&#8221;]<\/p>\n<p>[\/et_pb_image][\/et_pb_column][\/et_pb_row][et_pb_row column_structure=&#8221;1_3,1_3,1_3&#8243; _builder_version=&#8221;3.29.2&#8243; background_size=&#8221;initial&#8221; background_position=&#8221;top_left&#8221; background_repeat=&#8221;repeat&#8221; z_index_tablet=&#8221;500&#8243; box_shadow_horizontal_tablet=&#8221;0px&#8221; box_shadow_vertical_tablet=&#8221;0px&#8221; box_shadow_blur_tablet=&#8221;40px&#8221; box_shadow_spread_tablet=&#8221;0px&#8221;][et_pb_column type=&#8221;1_3&#8243; _builder_version=&#8221;3.0.47&#8243; custom_padding=&#8221;|||&#8221; custom_padding__hover=&#8221;|||&#8221;][et_pb_text _builder_version=&#8221;3.29.2&#8243; text_font_size=&#8221;18px&#8221; text_line_height=&#8221;1.8em&#8221;]<\/p>\n<p><strong>IL FORNO DI RUNAZ<\/strong><br \/>Un tempo nel villaggio di Runaz c&#8217;erano 4 forni tutti appartenenti a privati. Le famiglie della frazione li utilizzavano per la cottura del pane destinato al loro consumo. La farina adoperata proveniva dai campi di segale e frumento che a quei tempi ogni famiglia possedeva. Il pane si faceva nel mese di dicembre.<br \/>Intorno agli anni 60 questi forni vennero chiusi. Negli anni 80 il Comune, a seguito dell&#8217;acquisto della ex casa Vauthier nei pressi delle scuole elementari, fece costruire un forno per dare la possibilit\u00e0 agli abitanti di continuare l&#8217;attivit\u00e0 di cottura del <em>pan n\u00e8e<\/em>.<br \/>Ancora oggi qualche famiglia della frazione utilizza, nei mesi invernali, questo forno che ha una capacit\u00e0 di 30-40 pani. Alcuni di loro mantengono la tradizione del vero pane nero adoperando solo farina di frumento e segale proveniente dai loro campi.<\/p>\n<p>[\/et_pb_text][\/et_pb_column][et_pb_column type=&#8221;1_3&#8243; _builder_version=&#8221;3.0.47&#8243; custom_padding=&#8221;|||&#8221; custom_padding__hover=&#8221;|||&#8221;][et_pb_text _builder_version=&#8221;3.29.2&#8243; text_font_size=&#8221;18&#8243; text_line_height=&#8221;1.8em&#8221;]<\/p>\n<p><strong>IL FORNO DI CERELLAZ<\/strong><br \/>L&#8217;attuale forno di Cerellaz si trova al centro del paese. E&#8217; stato costruito negli anni &#8217;70 dopo la demolizione del vecchio forno avvenuta con il passaggio della strada regionale Avise-Cerellaz nel 1969.<br \/>Il forno ha una capacit\u00e0 di 80-90 pani e annualmente, nel periodo natalizio, viene riacceso per la cottura del pane. Come ai vecchi tempi, le famiglie della frazione continuano ad utilizzarlo rispettando il proprio turno di accensione. Ogni anno, infatti, \u00e8 una famiglia diversa che d\u00e0 inizio al periodo della cottura, occupandosi di <em>chou\u00e9 lo foo<\/em>, scaldare il forno, e di pulire le stanze. Questa organizzazione a turni, che tiene conto della disposizione delle case del villaggio, si \u00e8 tramandata negli anni, permettendo la suddivisione delle spese per l&#8217;accensione tra i vari utilizzatori del forno.<\/p>\n<p><a href=\"http:\/\/www.lovevda.it\/it\/banca-dati\/3\/localita\/valle-d-aosta\/avise\/365\" target=\"_blank\" rel=\"noopener noreferrer\"><strong>www.lovevda.it<\/strong><\/a><\/p>\n<p>&nbsp;<\/p>\n<p>&nbsp;<\/p>\n<p>[\/et_pb_text][\/et_pb_column][et_pb_column type=&#8221;1_3&#8243; _builder_version=&#8221;3.0.47&#8243; background_color=&#8221;rgba(0,0,0,0.06)&#8221; custom_padding=&#8221;25px|25px|10px|25px&#8221; custom_padding_tablet=&#8221;|||&#8221; custom_padding_phone=&#8221;|||&#8221; background_color_gradient_direction_tablet=&#8221;180deg&#8221; background_color_gradient_direction_phone=&#8221;180deg&#8221; background_color_gradient_start_position_tablet=&#8221;0%&#8221; background_color_gradient_start_position_phone=&#8221;0%&#8221; background_color_gradient_end_position_tablet=&#8221;100%&#8221; background_color_gradient_end_position_phone=&#8221;100%&#8221; z_index_tablet=&#8221;9&#8243; z_index_phone=&#8221;9&#8243; filter_hue_rotate_tablet=&#8221;0deg&#8221; filter_hue_rotate_phone=&#8221;0deg&#8221; filter_saturate_tablet=&#8221;100%&#8221; filter_saturate_phone=&#8221;100%&#8221; filter_brightness_tablet=&#8221;100%&#8221; filter_brightness_phone=&#8221;100%&#8221; filter_contrast_tablet=&#8221;100%&#8221; filter_contrast_phone=&#8221;100%&#8221; filter_invert_tablet=&#8221;0%&#8221; filter_invert_phone=&#8221;0%&#8221; filter_sepia_tablet=&#8221;0%&#8221; filter_sepia_phone=&#8221;0%&#8221; filter_opacity_tablet=&#8221;100%&#8221; filter_opacity_phone=&#8221;100%&#8221; filter_blur_tablet=&#8221;0px&#8221; filter_blur_phone=&#8221;0px&#8221; animation_duration_tablet=&#8221;1000ms&#8221; animation_duration_phone=&#8221;1000ms&#8221; animation_delay_tablet=&#8221;0ms&#8221; animation_delay_phone=&#8221;0ms&#8221; animation_intensity_slide_tablet=&#8221;50%&#8221; animation_intensity_slide_phone=&#8221;50%&#8221; animation_intensity_zoom_tablet=&#8221;50%&#8221; animation_intensity_zoom_phone=&#8221;50%&#8221; animation_intensity_flip_tablet=&#8221;50%&#8221; animation_intensity_flip_phone=&#8221;50%&#8221; animation_intensity_fold_tablet=&#8221;50%&#8221; animation_intensity_fold_phone=&#8221;50%&#8221; animation_intensity_roll_tablet=&#8221;50%&#8221; animation_intensity_roll_phone=&#8221;50%&#8221; animation_starting_opacity_tablet=&#8221;0%&#8221; animation_starting_opacity_phone=&#8221;0%&#8221; hover_transition_duration_tablet=&#8221;300ms&#8221; hover_transition_duration_phone=&#8221;300ms&#8221; hover_transition_delay_tablet=&#8221;0ms&#8221; hover_transition_delay_phone=&#8221;0ms&#8221; box_shadow_horizontal_tablet=&#8221;0px&#8221; box_shadow_horizontal_phone=&#8221;0px&#8221; box_shadow_vertical_tablet=&#8221;0px&#8221; box_shadow_vertical_phone=&#8221;0px&#8221; box_shadow_blur_tablet=&#8221;40px&#8221; box_shadow_blur_phone=&#8221;40px&#8221; box_shadow_spread_tablet=&#8221;0px&#8221; box_shadow_spread_phone=&#8221;0px&#8221; disabled=&#8221;%91object HTMLInputElement%93&#8243; custom_padding__hover=&#8221;|||&#8221;][et_pb_image _builder_version=&#8221;4.6.1&#8243; _module_preset=&#8221;default&#8221; title_text=&#8221;PROGRAMMA AVISE 2025&#8243; src=&#8221;https:\/\/lopanner.com\/vda\/wp-content\/uploads\/2025\/10\/PROGRAMMA-AVISE-2025.jpg&#8221; show_in_lightbox=&#8221;on&#8221; hover_enabled=&#8221;0&#8243; sticky_enabled=&#8221;0&#8243;][\/et_pb_image][et_pb_button button_url=&#8221;https:\/\/lopanner.com\/vda\/wp-content\/uploads\/2025\/10\/PROGRAMMA-AVISE-2025.pdf&#8221; url_new_window=&#8221;on&#8221; button_text=&#8221;Programma 2025 (PDF)&#8221; disabled_on=&#8221;off|off|off&#8221; admin_label=&#8221;Pulsante Programma &#8221; _builder_version=&#8221;4.6.1&#8243; custom_button=&#8221;on&#8221; button_bg_color=&#8221;#024e64&#8243; background_layout=&#8221;dark&#8221; hover_enabled=&#8221;0&#8243; z_index_tablet=&#8221;500&#8243; button_text_shadow_horizontal_length_tablet=&#8221;0px&#8221; button_text_shadow_vertical_length_tablet=&#8221;0px&#8221; button_text_shadow_blur_strength_tablet=&#8221;1px&#8221; box_shadow_horizontal_tablet=&#8221;0px&#8221; box_shadow_vertical_tablet=&#8221;0px&#8221; box_shadow_blur_tablet=&#8221;40px&#8221; box_shadow_spread_tablet=&#8221;0px&#8221; sticky_enabled=&#8221;0&#8243;][\/et_pb_button][et_pb_text disabled_on=&#8221;on|on|on&#8221; _builder_version=&#8221;4.6.1&#8243; text_font_size=&#8221;18&#8243; text_line_height=&#8221;1.8em&#8221; locked=&#8221;off&#8221; disabled=&#8221;on&#8221;]<\/p>\n<p>Programma in via di definizione<\/p>\n<p>[\/et_pb_text][\/et_pb_column][\/et_pb_row][et_pb_row _builder_version=&#8221;3.29.2&#8243; background_size=&#8221;initial&#8221; background_position=&#8221;top_left&#8221; background_repeat=&#8221;repeat&#8221; z_index_tablet=&#8221;500&#8243; box_shadow_horizontal_tablet=&#8221;0px&#8221; box_shadow_vertical_tablet=&#8221;0px&#8221; box_shadow_blur_tablet=&#8221;40px&#8221; box_shadow_spread_tablet=&#8221;0px&#8221;][et_pb_column type=&#8221;4_4&#8243; _builder_version=&#8221;3.0.47&#8243; custom_padding=&#8221;|||&#8221; custom_padding__hover=&#8221;|||&#8221;][et_pb_code _builder_version=&#8221;4.6.1&#8243; text_orientation=&#8221;left&#8221; hover_enabled=&#8221;0&#8243; z_index_tablet=&#8221;500&#8243; sticky_enabled=&#8221;0&#8243;]<iframe src=\"https:\/\/www.google.com\/maps\/d\/u\/2\/embed?mid=1VsBSkm2Uzjev_9VmK42Yif0G_QQ\" width=\"100%\" height=\"450\"><\/iframe>[\/et_pb_code][\/et_pb_column][\/et_pb_row][\/et_pb_section][et_pb_section fb_built=&#8221;1&#8243; _builder_version=&#8221;3.22&#8243; custom_padding=&#8221;0px|0px|64px|0px&#8221;][et_pb_row use_custom_gutter=&#8221;on&#8221; gutter_width=&#8221;1&#8243; module_class=&#8221; et_pb_row_fullwidth et_pb_row_fullwidth et_pb_row_fullwidth&#8221; _builder_version=&#8221;3.25&#8243; width=&#8221;100%&#8221; width_tablet=&#8221;100%&#8221; width_phone=&#8221;&#8221; width_last_edited=&#8221;on|desktop&#8221; max_width=&#8221;100%&#8221; max_width_tablet=&#8221;100%&#8221; max_width_phone=&#8221;&#8221; max_width_last_edited=&#8221;on|desktop&#8221; custom_padding=&#8221;0px|0px|32px|0px&#8221; make_fullwidth=&#8221;on&#8221; custom_width_px=&#8221;1041px&#8221;][et_pb_column type=&#8221;4_4&#8243; _builder_version=&#8221;3.0.47&#8243; background_position=&#8221;top_left&#8221; custom_padding=&#8221;|||&#8221; custom_padding__hover=&#8221;|||&#8221;][et_pb_gallery gallery_ids=&#8221;1268,1270,1271,1273,1274,1275,1276,2878&#8243; posts_number=&#8221;8&#8243; show_title_and_caption=&#8221;off&#8221; show_pagination=&#8221;off&#8221; zoom_icon_color=&#8221;#e02b20&#8243; _builder_version=&#8221;3.0.66&#8243;]<\/p>\n<p>[\/et_pb_gallery][\/et_pb_column][\/et_pb_row][et_pb_row _builder_version=&#8221;3.25&#8243; background_size=&#8221;initial&#8221; background_position=&#8221;top_left&#8221; background_repeat=&#8221;repeat&#8221; global_module=&#8221;343&#8243;][et_pb_column type=&#8221;4_4&#8243; _builder_version=&#8221;3.0.47&#8243; background_position=&#8221;top_left&#8221; custom_padding=&#8221;|||&#8221; custom_padding__hover=&#8221;|||&#8221;][et_pb_image src=&#8221;https:\/\/www.lopanner.com\/vda\/wp-content\/uploads\/2017\/08\/intangiblesearch.png&#8221; url=&#8221;http:\/\/www.intangiblesearch.eu\/search\/show_ich_detail.php?db_name=intangible_search&#038;lingua=italiano&#038;idk=ICH-DST00-0000000292&#8243; url_new_window=&#8221;on&#8221; align=&#8221;center&#8221; align_tablet=&#8221;center&#8221; align_phone=&#8221;&#8221; align_last_edited=&#8221;on|desktop&#8221; admin_label=&#8221;LOGO INSTANGIBLE SEARCH&#8221; _builder_version=&#8221;3.29.2&#8243; width=&#8221;400px&#8221; max_width=&#8221;400px&#8221; animation=&#8221;off&#8221; border_style=&#8221;solid&#8221; sticky=&#8221;off&#8221; always_center_on_mobile=&#8221;on&#8221;][\/et_pb_image][et_pb_image src=&#8221;https:\/\/lopanner.com\/vda\/wp-content\/uploads\/2025\/10\/Loghi-generali2025.jpg&#8221; title_text=&#8221;Loghi-generali2025&#8243; align=&#8221;center&#8221; align_tablet=&#8221;center&#8221; align_phone=&#8221;&#8221; align_last_edited=&#8221;on|desktop&#8221; admin_label=&#8221;LOGHI UNIONE EUROPEA&#8221; _builder_version=&#8221;4.6.1&#8243; animation=&#8221;off&#8221; border_style=&#8221;solid&#8221; sticky=&#8221;off&#8221; always_center_on_mobile=&#8221;on&#8221;][\/et_pb_image][\/et_pb_column][\/et_pb_row][\/et_pb_section][et_pb_section fb_built=&#8221;1&#8243; _builder_version=&#8221;3.22&#8243;][et_pb_row _builder_version=&#8221;3.25&#8243; background_size=&#8221;initial&#8221; background_position=&#8221;top_left&#8221; background_repeat=&#8221;repeat&#8221;][\/et_pb_row][\/et_pb_section][et_pb_section fb_built=&#8221;1&#8243; _builder_version=&#8221;3.22&#8243;][et_pb_row _builder_version=&#8221;3.25&#8243; background_size=&#8221;initial&#8221; background_position=&#8221;top_left&#8221; background_repeat=&#8221;repeat&#8221;][\/et_pb_row][\/et_pb_section]<\/p>\n","protected":false},"excerpt":{"rendered":"<p>[et_pb_section fb_built=&#8221;1&#8243; fullwidth=&#8221;on&#8221; _builder_version=&#8221;3.0.66&#8243; background_color=&#8221;#e02b20&#8243; global_module=&#8221;247&#8243; locked=&#8221;off&#8221;][et_pb_fullwidth_image src=&#8221;https:\/\/www.lopanner.com\/vda\/wp-content\/uploads\/2017\/09\/forno_home2.jpg&#8221; disabled_on=&#8221;on|on|&#8221; _builder_version=&#8221;3.0.87&#8243; animation=&#8221;off&#8221; border_style=&#8221;solid&#8221;][\/et_pb_fullwidth_image][et_pb_fullwidth_image src=&#8221;https:\/\/www.lopanner.com\/vda\/wp-content\/uploads\/2017\/09\/forno_home.jpg&#8221; disabled_on=&#8221;||on&#8221; _builder_version=&#8221;3.0.87&#8243; animation=&#8221;off&#8221; border_style=&#8221;solid&#8221;][\/et_pb_fullwidth_image][\/et_pb_section][et_pb_section fb_built=&#8221;1&#8243; _builder_version=&#8221;3.29.2&#8243; custom_padding=&#8221;30px|0px|40px|0px&#8221; z_index_tablet=&#8221;500&#8243; box_shadow_horizontal_tablet=&#8221;0px&#8221; box_shadow_vertical_tablet=&#8221;0px&#8221; box_shadow_blur_tablet=&#8221;40px&#8221; box_shadow_spread_tablet=&#8221;0px&#8221;][et_pb_row column_structure=&#8221;3_5,2_5&#8243; _builder_version=&#8221;3.29.2&#8243; background_size=&#8221;initial&#8221; background_position=&#8221;top_left&#8221; background_repeat=&#8221;repeat&#8221; custom_padding=&#8221;32px|0px|15px|0px&#8221; z_index_tablet=&#8221;500&#8243; box_shadow_horizontal_tablet=&#8221;0px&#8221; box_shadow_vertical_tablet=&#8221;0px&#8221; box_shadow_blur_tablet=&#8221;40px&#8221; box_shadow_spread_tablet=&#8221;0px&#8221;][et_pb_column type=&#8221;3_5&#8243; _builder_version=&#8221;3.0.47&#8243; custom_padding=&#8221;|||&#8221; custom_padding__hover=&#8221;|||&#8221;][et_pb_text admin_label=&#8221;I FORNI DELLA FESTA DE LO PAN NER&#8221; _builder_version=&#8221;3.29.2&#8243; header_font_size=&#8221;40px&#8221; custom_margin=&#8221;50px|||&#8221; header_font_size_tablet=&#8221;&#8221; header_font_size_phone=&#8221;25px&#8221; header_font_size_last_edited=&#8221;on|phone&#8221; z_index_tablet=&#8221;500&#8243; [&hellip;]<\/p>\n","protected":false},"author":1,"featured_media":0,"parent":0,"menu_order":0,"comment_status":"closed","ping_status":"closed","template":"","meta":{"_et_pb_use_builder":"on","_et_pb_old_content":"","_et_gb_content_width":""},"_links":{"self":[{"href":"https:\/\/lopanner.com\/vda\/wp-json\/wp\/v2\/pages\/1111"}],"collection":[{"href":"https:\/\/lopanner.com\/vda\/wp-json\/wp\/v2\/pages"}],"about":[{"href":"https:\/\/lopanner.com\/vda\/wp-json\/wp\/v2\/types\/page"}],"author":[{"embeddable":true,"href":"https:\/\/lopanner.com\/vda\/wp-json\/wp\/v2\/users\/1"}],"replies":[{"embeddable":true,"href":"https:\/\/lopanner.com\/vda\/wp-json\/wp\/v2\/comments?post=1111"}],"version-history":[{"count":43,"href":"https:\/\/lopanner.com\/vda\/wp-json\/wp\/v2\/pages\/1111\/revisions"}],"predecessor-version":[{"id":9066,"href":"https:\/\/lopanner.com\/vda\/wp-json\/wp\/v2\/pages\/1111\/revisions\/9066"}],"wp:attachment":[{"href":"https:\/\/lopanner.com\/vda\/wp-json\/wp\/v2\/media?parent=1111"}],"curies":[{"name":"wp","href":"https:\/\/api.w.org\/{rel}","templated":true}]}}