{"id":1718,"date":"2017-10-09T15:09:02","date_gmt":"2017-10-09T13:09:02","guid":{"rendered":"http:\/\/www.lopanner.com\/vda\/?page_id=1718"},"modified":"2025-10-14T17:38:35","modified_gmt":"2025-10-14T15:38:35","slug":"cogne","status":"publish","type":"page","link":"https:\/\/lopanner.com\/vda\/cogne\/","title":{"rendered":"Cogne"},"content":{"rendered":"<p>[et_pb_section fb_built=&#8221;1&#8243; fullwidth=&#8221;on&#8221; _builder_version=&#8221;3.0.66&#8243; background_color=&#8221;#e02b20&#8243; global_module=&#8221;247&#8243; locked=&#8221;off&#8221;][et_pb_fullwidth_image src=&#8221;https:\/\/www.lopanner.com\/vda\/wp-content\/uploads\/2017\/09\/forno_home2.jpg&#8221; disabled_on=&#8221;on|on|&#8221; _builder_version=&#8221;3.0.87&#8243; animation=&#8221;off&#8221; border_style=&#8221;solid&#8221;][\/et_pb_fullwidth_image][et_pb_fullwidth_image src=&#8221;https:\/\/www.lopanner.com\/vda\/wp-content\/uploads\/2017\/09\/forno_home.jpg&#8221; disabled_on=&#8221;||on&#8221; _builder_version=&#8221;3.0.87&#8243; animation=&#8221;off&#8221; border_style=&#8221;solid&#8221;][\/et_pb_fullwidth_image][\/et_pb_section][et_pb_section fb_built=&#8221;1&#8243; _builder_version=&#8221;3.29.2&#8243; custom_padding=&#8221;30px|0px|40px|0px&#8221; z_index_tablet=&#8221;500&#8243; box_shadow_horizontal_tablet=&#8221;0px&#8221; box_shadow_vertical_tablet=&#8221;0px&#8221; box_shadow_blur_tablet=&#8221;40px&#8221; box_shadow_spread_tablet=&#8221;0px&#8221;][et_pb_row column_structure=&#8221;3_5,2_5&#8243; _builder_version=&#8221;3.29.2&#8243; background_size=&#8221;initial&#8221; background_position=&#8221;top_left&#8221; background_repeat=&#8221;repeat&#8221; custom_padding=&#8221;32px|0px|15px|0px&#8221; z_index_tablet=&#8221;500&#8243; box_shadow_horizontal_tablet=&#8221;0px&#8221; box_shadow_vertical_tablet=&#8221;0px&#8221; box_shadow_blur_tablet=&#8221;40px&#8221; box_shadow_spread_tablet=&#8221;0px&#8221;][et_pb_column type=&#8221;3_5&#8243; _builder_version=&#8221;3.0.47&#8243; custom_padding=&#8221;|||&#8221; custom_padding__hover=&#8221;|||&#8221;][et_pb_text admin_label=&#8221;I FORNI DELLA FESTA DE LO PAN NER&#8221; _builder_version=&#8221;3.29.2&#8243; header_font_size=&#8221;40px&#8221; custom_margin=&#8221;50px|||&#8221; header_font_size_tablet=&#8221;&#8221; header_font_size_phone=&#8221;25px&#8221; header_font_size_last_edited=&#8221;on|phone&#8221; z_index_tablet=&#8221;500&#8243; text_text_shadow_horizontal_length_tablet=&#8221;0px&#8221; text_text_shadow_vertical_length_tablet=&#8221;0px&#8221; text_text_shadow_blur_strength_tablet=&#8221;1px&#8221; link_text_shadow_horizontal_length_tablet=&#8221;0px&#8221; link_text_shadow_vertical_length_tablet=&#8221;0px&#8221; link_text_shadow_blur_strength_tablet=&#8221;1px&#8221; ul_text_shadow_horizontal_length_tablet=&#8221;0px&#8221; ul_text_shadow_vertical_length_tablet=&#8221;0px&#8221; ul_text_shadow_blur_strength_tablet=&#8221;1px&#8221; ol_text_shadow_horizontal_length_tablet=&#8221;0px&#8221; ol_text_shadow_vertical_length_tablet=&#8221;0px&#8221; ol_text_shadow_blur_strength_tablet=&#8221;1px&#8221; quote_text_shadow_horizontal_length_tablet=&#8221;0px&#8221; quote_text_shadow_vertical_length_tablet=&#8221;0px&#8221; quote_text_shadow_blur_strength_tablet=&#8221;1px&#8221; header_text_shadow_horizontal_length_tablet=&#8221;0px&#8221; header_text_shadow_vertical_length_tablet=&#8221;0px&#8221; header_text_shadow_blur_strength_tablet=&#8221;1px&#8221; header_2_text_shadow_horizontal_length_tablet=&#8221;0px&#8221; header_2_text_shadow_vertical_length_tablet=&#8221;0px&#8221; header_2_text_shadow_blur_strength_tablet=&#8221;1px&#8221; header_3_text_shadow_horizontal_length_tablet=&#8221;0px&#8221; header_3_text_shadow_vertical_length_tablet=&#8221;0px&#8221; header_3_text_shadow_blur_strength_tablet=&#8221;1px&#8221; header_4_text_shadow_horizontal_length_tablet=&#8221;0px&#8221; header_4_text_shadow_vertical_length_tablet=&#8221;0px&#8221; header_4_text_shadow_blur_strength_tablet=&#8221;1px&#8221; header_5_text_shadow_horizontal_length_tablet=&#8221;0px&#8221; header_5_text_shadow_vertical_length_tablet=&#8221;0px&#8221; header_5_text_shadow_blur_strength_tablet=&#8221;1px&#8221; header_6_text_shadow_horizontal_length_tablet=&#8221;0px&#8221; header_6_text_shadow_vertical_length_tablet=&#8221;0px&#8221; header_6_text_shadow_blur_strength_tablet=&#8221;1px&#8221; box_shadow_horizontal_tablet=&#8221;0px&#8221; box_shadow_vertical_tablet=&#8221;0px&#8221; box_shadow_blur_tablet=&#8221;40px&#8221; box_shadow_spread_tablet=&#8221;0px&#8221;]<\/p>\n<h1 style=\"text-align: left;\"><strong>I FORNI DELLA FESTA <br \/>DE LO PAN NER<\/strong><\/h1>\n<p>[\/et_pb_text][et_pb_text admin_label=&#8221;NOME FORNO&#8221; _builder_version=&#8221;3.29.2&#8243; z_index_tablet=&#8221;500&#8243; text_text_shadow_horizontal_length_tablet=&#8221;0px&#8221; text_text_shadow_vertical_length_tablet=&#8221;0px&#8221; text_text_shadow_blur_strength_tablet=&#8221;1px&#8221; link_text_shadow_horizontal_length_tablet=&#8221;0px&#8221; link_text_shadow_vertical_length_tablet=&#8221;0px&#8221; link_text_shadow_blur_strength_tablet=&#8221;1px&#8221; ul_text_shadow_horizontal_length_tablet=&#8221;0px&#8221; ul_text_shadow_vertical_length_tablet=&#8221;0px&#8221; ul_text_shadow_blur_strength_tablet=&#8221;1px&#8221; ol_text_shadow_horizontal_length_tablet=&#8221;0px&#8221; ol_text_shadow_vertical_length_tablet=&#8221;0px&#8221; ol_text_shadow_blur_strength_tablet=&#8221;1px&#8221; quote_text_shadow_horizontal_length_tablet=&#8221;0px&#8221; quote_text_shadow_vertical_length_tablet=&#8221;0px&#8221; quote_text_shadow_blur_strength_tablet=&#8221;1px&#8221; header_text_shadow_horizontal_length_tablet=&#8221;0px&#8221; header_text_shadow_vertical_length_tablet=&#8221;0px&#8221; header_text_shadow_blur_strength_tablet=&#8221;1px&#8221; header_2_text_shadow_horizontal_length_tablet=&#8221;0px&#8221; header_2_text_shadow_vertical_length_tablet=&#8221;0px&#8221; header_2_text_shadow_blur_strength_tablet=&#8221;1px&#8221; header_3_text_shadow_horizontal_length_tablet=&#8221;0px&#8221; header_3_text_shadow_vertical_length_tablet=&#8221;0px&#8221; header_3_text_shadow_blur_strength_tablet=&#8221;1px&#8221; header_4_text_shadow_horizontal_length_tablet=&#8221;0px&#8221; header_4_text_shadow_vertical_length_tablet=&#8221;0px&#8221; header_4_text_shadow_blur_strength_tablet=&#8221;1px&#8221; header_5_text_shadow_horizontal_length_tablet=&#8221;0px&#8221; header_5_text_shadow_vertical_length_tablet=&#8221;0px&#8221; header_5_text_shadow_blur_strength_tablet=&#8221;1px&#8221; header_6_text_shadow_horizontal_length_tablet=&#8221;0px&#8221; header_6_text_shadow_vertical_length_tablet=&#8221;0px&#8221; header_6_text_shadow_blur_strength_tablet=&#8221;1px&#8221; box_shadow_horizontal_tablet=&#8221;0px&#8221; box_shadow_vertical_tablet=&#8221;0px&#8221; box_shadow_blur_tablet=&#8221;40px&#8221; box_shadow_spread_tablet=&#8221;0px&#8221;]<\/p>\n<h1 style=\"text-align: left;\"><strong>Cogne<\/strong><\/h1>\n<p>[\/et_pb_text][\/et_pb_column][et_pb_column type=&#8221;2_5&#8243; _builder_version=&#8221;3.0.47&#8243; custom_padding=&#8221;|||&#8221; custom_padding__hover=&#8221;|||&#8221;][et_pb_image src=&#8221;https:\/\/www.lopanner.com\/vda\/wp-content\/uploads\/2017\/10\/cogne.jpg&#8221; url=&#8221;https:\/\/www.lopanner.com\/vda\/&#8221; align_tablet=&#8221;center&#8221; align_phone=&#8221;&#8221; align_last_edited=&#8221;on|desktop&#8221; admin_label=&#8221;CARTINA FORNO&#8221; _builder_version=&#8221;3.29.2&#8243; animation_style=&#8221;slide&#8221; animation_direction=&#8221;left&#8221; animation_duration=&#8221;500ms&#8221; animation_intensity_slide=&#8221;10%&#8221; z_index_tablet=&#8221;500&#8243; box_shadow_horizontal_tablet=&#8221;0px&#8221; box_shadow_vertical_tablet=&#8221;0px&#8221; box_shadow_blur_tablet=&#8221;40px&#8221; box_shadow_spread_tablet=&#8221;0px&#8221;]<br \/>\n[\/et_pb_image][\/et_pb_column][\/et_pb_row][et_pb_row column_structure=&#8221;1_3,1_3,1_3&#8243; _builder_version=&#8221;3.29.2&#8243; background_size=&#8221;initial&#8221; background_position=&#8221;top_left&#8221; background_repeat=&#8221;repeat&#8221; z_index_tablet=&#8221;500&#8243; box_shadow_horizontal_tablet=&#8221;0px&#8221; box_shadow_vertical_tablet=&#8221;0px&#8221; box_shadow_blur_tablet=&#8221;40px&#8221; box_shadow_spread_tablet=&#8221;0px&#8221;][et_pb_column type=&#8221;1_3&#8243; _builder_version=&#8221;3.0.47&#8243; custom_padding=&#8221;|||&#8221; custom_padding__hover=&#8221;|||&#8221;][et_pb_text disabled_on=&#8221;off|off|off&#8221; _builder_version=&#8221;4.6.1&#8243; text_font_size=&#8221;18px&#8221; text_line_height=&#8221;1.8em&#8221;]<\/p>\n<p><strong>I forni di Gimillan<\/strong><br \/>Le pi\u00f9 antiche tracce del For de Tchapp\u00e9 sembrano risalire al 1676. La struttura si trova a monte dell&#8217;abitato di Gimillan, nella localit\u00e0 denominata <em>Tchapp\u00e9<\/em>. Come dimostra una data incisa su di una trave, il forno fu rifatto nel 1778. Restaurato di recente, la bocca pu\u00f2 ospitare 50 forme di pane da cuocere.<br \/>Inaugurato nel 1967, il\u00a0For de la Tsapella\u00a0\u00e8 ubicato nella struttura che, presso la piazzetta della cappella intitolata a San Pantaleone, ospitava la latteria del villaggio.<br \/>Oggi rappresenta il principale forno della frazione, dove, a partire dall&#8217;Immacolata e sino a Natale, le numerose famiglie residenti si dedicano alla cottura del pane nero e del <em>m\u00e9coulin<\/em>.<br \/>Il forno ha una capienza di circa 200 pani ed \u00e8 attrezzato di locale attiguo per la panificazione.<br \/>Claudio Perratone<\/p>\n<p>[\/et_pb_text][\/et_pb_column][et_pb_column type=&#8221;1_3&#8243; _builder_version=&#8221;3.0.47&#8243; custom_padding=&#8221;|||&#8221; custom_padding__hover=&#8221;|||&#8221;][et_pb_text disabled_on=&#8221;off|off|off&#8221; admin_label=&#8221;Testo&#8221; _builder_version=&#8221;4.6.1&#8243; text_font_size=&#8221;18&#8243; text_line_height=&#8221;1.8em&#8221; link_option_url_new_window=&#8221;on&#8221;]<\/p>\n<p><strong>I forni di \u00c9pinel<\/strong><br \/>Ad \u00c9pinel un tempo esistevano almeno tre forni.<br \/>Il pi\u00f9 antico sembra essere quello di\u00a0Grange; esistente fin dal 1618 \u00e8 stato poi rifatto e pi\u00f9 volte restaurato. Gli ultimi importanti interventi risalgono agli inizi degli anni \u201960 del Novecento quando fu anche aggiunto un piano superiore. La struttura \u00e8 quella utilizzata tuttora per la cottura del pane da parte di alcune famiglie ed anche in occasione di eventi.<br \/>Il forno di\u00a0Bordon, invece, \u00e8 citato almeno fin dal 1687 ed \u00e8 stato attivo fino al 2000 quando fu danneggiato dall&#8217;alluvione di quell&#8217;anno.<br \/>Il \u201cfor commun de la Cuaz\u201d, infine, \u00e8 segnalato in un atto notarile risalente al 1762. Nel 1860 fu rifatto e rest\u00f2 in attivit\u00e0 fino alla fine degli anni \u201960 del Novecento.<br \/>Alla fine di quelli Novanta fu restaurato a cura del Comune di Cogne.<br \/>Mauro Caniggia Nicolotti (storico e guida turistica)<\/p>\n<p style=\"background-color: #ffffff; font-size: 18px;\"><span style=\"font-size: 18px; font-weight: bold;\"><a style=\"font-size: 18px;\" href=\"http:\/\/www.lovevda.it\/it\/banca-dati\/3\/localita\/valle-d-aosta\/cogne\/380\">www.lovevda.it<\/a><br \/><\/span><a style=\"font-size: 18px;\" href=\"http:\/\/www.cogneturismo.it\/homepage.asp?l=1\" target=\"_blank\" rel=\"noopener noreferrer\">www.cogneturismo.it<\/a><\/p>\n<p style=\"background-color: #ffffff; font-size: 18px;\">Scopri il <a href=\"http:\/\/essenzaincucina.blogspot.com\/2017\/11\/lo-pan-ner-pane-segale-tradizionale-valdostano.html\">viaggio di Cinzia Donadini a Cogne nel 2017<\/a><\/p>\n<p>&nbsp;<\/p>\n<p>[\/et_pb_text][\/et_pb_column][et_pb_column type=&#8221;1_3&#8243; _builder_version=&#8221;3.0.47&#8243; background_color=&#8221;rgba(0,0,0,0.06)&#8221; custom_padding=&#8221;25px|25px|10px|25px&#8221; custom_padding_tablet=&#8221;|||&#8221; custom_padding_phone=&#8221;|||&#8221; background_color_gradient_direction_tablet=&#8221;180deg&#8221; background_color_gradient_direction_phone=&#8221;180deg&#8221; background_color_gradient_start_position_tablet=&#8221;0%&#8221; background_color_gradient_start_position_phone=&#8221;0%&#8221; background_color_gradient_end_position_tablet=&#8221;100%&#8221; background_color_gradient_end_position_phone=&#8221;100%&#8221; z_index_tablet=&#8221;9&#8243; z_index_phone=&#8221;9&#8243; filter_hue_rotate_tablet=&#8221;0deg&#8221; filter_hue_rotate_phone=&#8221;0deg&#8221; filter_saturate_tablet=&#8221;100%&#8221; filter_saturate_phone=&#8221;100%&#8221; filter_brightness_tablet=&#8221;100%&#8221; filter_brightness_phone=&#8221;100%&#8221; filter_contrast_tablet=&#8221;100%&#8221; filter_contrast_phone=&#8221;100%&#8221; filter_invert_tablet=&#8221;0%&#8221; filter_invert_phone=&#8221;0%&#8221; filter_sepia_tablet=&#8221;0%&#8221; filter_sepia_phone=&#8221;0%&#8221; filter_opacity_tablet=&#8221;100%&#8221; filter_opacity_phone=&#8221;100%&#8221; filter_blur_tablet=&#8221;0px&#8221; filter_blur_phone=&#8221;0px&#8221; animation_duration_tablet=&#8221;1000ms&#8221; animation_duration_phone=&#8221;1000ms&#8221; animation_delay_tablet=&#8221;0ms&#8221; animation_delay_phone=&#8221;0ms&#8221; animation_intensity_slide_tablet=&#8221;50%&#8221; animation_intensity_slide_phone=&#8221;50%&#8221; animation_intensity_zoom_tablet=&#8221;50%&#8221; animation_intensity_zoom_phone=&#8221;50%&#8221; animation_intensity_flip_tablet=&#8221;50%&#8221; animation_intensity_flip_phone=&#8221;50%&#8221; animation_intensity_fold_tablet=&#8221;50%&#8221; animation_intensity_fold_phone=&#8221;50%&#8221; animation_intensity_roll_tablet=&#8221;50%&#8221; animation_intensity_roll_phone=&#8221;50%&#8221; animation_starting_opacity_tablet=&#8221;0%&#8221; animation_starting_opacity_phone=&#8221;0%&#8221; hover_transition_duration_tablet=&#8221;300ms&#8221; hover_transition_duration_phone=&#8221;300ms&#8221; hover_transition_delay_tablet=&#8221;0ms&#8221; hover_transition_delay_phone=&#8221;0ms&#8221; box_shadow_horizontal_tablet=&#8221;0px&#8221; box_shadow_horizontal_phone=&#8221;0px&#8221; box_shadow_vertical_tablet=&#8221;0px&#8221; box_shadow_vertical_phone=&#8221;0px&#8221; box_shadow_blur_tablet=&#8221;40px&#8221; box_shadow_blur_phone=&#8221;40px&#8221; box_shadow_spread_tablet=&#8221;0px&#8221; box_shadow_spread_phone=&#8221;0px&#8221; disabled=&#8221;%91object HTMLInputElement%93&#8243; custom_padding__hover=&#8221;|||&#8221;][et_pb_image _builder_version=&#8221;4.6.1&#8243; _module_preset=&#8221;default&#8221; title_text=&#8221;PROGRAMMA COGNE 2025&#8243; src=&#8221;https:\/\/lopanner.com\/vda\/wp-content\/uploads\/2025\/10\/PROGRAMMA-COGNE-2025.jpg&#8221; show_in_lightbox=&#8221;on&#8221; hover_enabled=&#8221;0&#8243; sticky_enabled=&#8221;0&#8243;][\/et_pb_image][et_pb_button button_url=&#8221;https:\/\/lopanner.com\/vda\/wp-content\/uploads\/2025\/10\/PROGRAMMA-COGNE-2025.pdf&#8221; url_new_window=&#8221;on&#8221; button_text=&#8221;Programma 2025 (PDF)&#8221; disabled_on=&#8221;off|off|off&#8221; admin_label=&#8221;Pulsante Programma &#8221; _builder_version=&#8221;4.6.1&#8243; custom_button=&#8221;on&#8221; button_bg_color=&#8221;#024e64&#8243; background_layout=&#8221;dark&#8221; hover_enabled=&#8221;0&#8243; z_index_tablet=&#8221;500&#8243; button_text_shadow_horizontal_length_tablet=&#8221;0px&#8221; button_text_shadow_vertical_length_tablet=&#8221;0px&#8221; button_text_shadow_blur_strength_tablet=&#8221;1px&#8221; box_shadow_horizontal_tablet=&#8221;0px&#8221; box_shadow_vertical_tablet=&#8221;0px&#8221; box_shadow_blur_tablet=&#8221;40px&#8221; box_shadow_spread_tablet=&#8221;0px&#8221; sticky_enabled=&#8221;0&#8243;][\/et_pb_button][et_pb_text disabled_on=&#8221;on|on|on&#8221; _builder_version=&#8221;4.6.1&#8243; text_font_size=&#8221;18&#8243; text_line_height=&#8221;1.8em&#8221; locked=&#8221;off&#8221; disabled=&#8221;on&#8221;]<\/p>\n<p>Programma in via di definizione<\/p>\n<p>[\/et_pb_text][\/et_pb_column][\/et_pb_row][et_pb_row _builder_version=&#8221;3.29.2&#8243; background_size=&#8221;initial&#8221; background_position=&#8221;top_left&#8221; background_repeat=&#8221;repeat&#8221; z_index_tablet=&#8221;500&#8243; box_shadow_horizontal_tablet=&#8221;0px&#8221; box_shadow_vertical_tablet=&#8221;0px&#8221; box_shadow_blur_tablet=&#8221;40px&#8221; box_shadow_spread_tablet=&#8221;0px&#8221;][et_pb_column type=&#8221;4_4&#8243; _builder_version=&#8221;3.0.47&#8243; custom_padding=&#8221;|||&#8221; custom_padding__hover=&#8221;|||&#8221;][et_pb_code _builder_version=&#8221;4.6.1&#8243; text_orientation=&#8221;left&#8221; hover_enabled=&#8221;0&#8243; z_index_tablet=&#8221;500&#8243; sticky_enabled=&#8221;0&#8243;]<iframe src=\"https:\/\/www.google.com\/maps\/d\/embed?mid=1RFV2t0vT4QKjtxfwdSfTkd06piI\" width=\"100%\" height=\"450\"><\/iframe>[\/et_pb_code][\/et_pb_column][\/et_pb_row][\/et_pb_section][et_pb_section fb_built=&#8221;1&#8243; _builder_version=&#8221;3.22&#8243; custom_padding=&#8221;0px|0px|64px|0px&#8221;][et_pb_row use_custom_gutter=&#8221;on&#8221; gutter_width=&#8221;1&#8243; module_class=&#8221; et_pb_row_fullwidth et_pb_row_fullwidth&#8221; _builder_version=&#8221;3.25&#8243; width=&#8221;100%&#8221; width_tablet=&#8221;100%&#8221; width_phone=&#8221;&#8221; width_last_edited=&#8221;on|desktop&#8221; max_width=&#8221;100%&#8221; max_width_tablet=&#8221;100%&#8221; max_width_phone=&#8221;&#8221; max_width_last_edited=&#8221;on|desktop&#8221; custom_padding=&#8221;0px|0px|32px|0px&#8221; make_fullwidth=&#8221;on&#8221; custom_width_px=&#8221;1041px&#8221;][et_pb_column type=&#8221;4_4&#8243; _builder_version=&#8221;3.0.47&#8243; background_position=&#8221;top_left&#8221; custom_padding=&#8221;|||&#8221; custom_padding__hover=&#8221;|||&#8221;][et_pb_gallery gallery_ids=&#8221;2566,2567,2568,2569,2570,2571,2572,2573,2574,2575,2576,2577&#8243; posts_number=&#8221;12&#8243; show_title_and_caption=&#8221;off&#8221; show_pagination=&#8221;off&#8221; zoom_icon_color=&#8221;#e02b20&#8243; _builder_version=&#8221;3.0.66&#8243;]<br \/>\n[\/et_pb_gallery][\/et_pb_column][\/et_pb_row][et_pb_row _builder_version=&#8221;3.25&#8243; background_size=&#8221;initial&#8221; background_position=&#8221;top_left&#8221; background_repeat=&#8221;repeat&#8221; global_module=&#8221;343&#8243;][et_pb_column type=&#8221;4_4&#8243; _builder_version=&#8221;3.0.47&#8243; background_position=&#8221;top_left&#8221; custom_padding=&#8221;|||&#8221; custom_padding__hover=&#8221;|||&#8221;][et_pb_image src=&#8221;https:\/\/www.lopanner.com\/vda\/wp-content\/uploads\/2017\/08\/intangiblesearch.png&#8221; url=&#8221;http:\/\/www.intangiblesearch.eu\/search\/show_ich_detail.php?db_name=intangible_search&#038;lingua=italiano&#038;idk=ICH-DST00-0000000292&#8243; url_new_window=&#8221;on&#8221; align=&#8221;center&#8221; align_tablet=&#8221;center&#8221; align_phone=&#8221;&#8221; align_last_edited=&#8221;on|desktop&#8221; admin_label=&#8221;LOGO INSTANGIBLE SEARCH&#8221; _builder_version=&#8221;3.29.2&#8243; width=&#8221;400px&#8221; max_width=&#8221;400px&#8221; animation=&#8221;off&#8221; border_style=&#8221;solid&#8221; sticky=&#8221;off&#8221; always_center_on_mobile=&#8221;on&#8221;][\/et_pb_image][et_pb_image src=&#8221;https:\/\/lopanner.com\/vda\/wp-content\/uploads\/2025\/10\/Loghi-generali2025.jpg&#8221; title_text=&#8221;Loghi-generali2025&#8243; align=&#8221;center&#8221; align_tablet=&#8221;center&#8221; align_phone=&#8221;&#8221; align_last_edited=&#8221;on|desktop&#8221; admin_label=&#8221;LOGHI UNIONE EUROPEA&#8221; _builder_version=&#8221;4.6.1&#8243; animation=&#8221;off&#8221; border_style=&#8221;solid&#8221; sticky=&#8221;off&#8221; always_center_on_mobile=&#8221;on&#8221;][\/et_pb_image][\/et_pb_column][\/et_pb_row][\/et_pb_section]<\/p>\n","protected":false},"excerpt":{"rendered":"<p>[et_pb_section fb_built=&#8221;1&#8243; fullwidth=&#8221;on&#8221; _builder_version=&#8221;3.0.66&#8243; background_color=&#8221;#e02b20&#8243; global_module=&#8221;247&#8243; locked=&#8221;off&#8221;][et_pb_fullwidth_image src=&#8221;https:\/\/www.lopanner.com\/vda\/wp-content\/uploads\/2017\/09\/forno_home2.jpg&#8221; disabled_on=&#8221;on|on|&#8221; _builder_version=&#8221;3.0.87&#8243; animation=&#8221;off&#8221; border_style=&#8221;solid&#8221;][\/et_pb_fullwidth_image][et_pb_fullwidth_image src=&#8221;https:\/\/www.lopanner.com\/vda\/wp-content\/uploads\/2017\/09\/forno_home.jpg&#8221; disabled_on=&#8221;||on&#8221; _builder_version=&#8221;3.0.87&#8243; animation=&#8221;off&#8221; border_style=&#8221;solid&#8221;][\/et_pb_fullwidth_image][\/et_pb_section][et_pb_section fb_built=&#8221;1&#8243; _builder_version=&#8221;3.29.2&#8243; custom_padding=&#8221;30px|0px|40px|0px&#8221; z_index_tablet=&#8221;500&#8243; box_shadow_horizontal_tablet=&#8221;0px&#8221; box_shadow_vertical_tablet=&#8221;0px&#8221; box_shadow_blur_tablet=&#8221;40px&#8221; box_shadow_spread_tablet=&#8221;0px&#8221;][et_pb_row column_structure=&#8221;3_5,2_5&#8243; _builder_version=&#8221;3.29.2&#8243; background_size=&#8221;initial&#8221; background_position=&#8221;top_left&#8221; background_repeat=&#8221;repeat&#8221; custom_padding=&#8221;32px|0px|15px|0px&#8221; z_index_tablet=&#8221;500&#8243; box_shadow_horizontal_tablet=&#8221;0px&#8221; box_shadow_vertical_tablet=&#8221;0px&#8221; box_shadow_blur_tablet=&#8221;40px&#8221; box_shadow_spread_tablet=&#8221;0px&#8221;][et_pb_column type=&#8221;3_5&#8243; _builder_version=&#8221;3.0.47&#8243; custom_padding=&#8221;|||&#8221; custom_padding__hover=&#8221;|||&#8221;][et_pb_text admin_label=&#8221;I FORNI DELLA FESTA DE LO PAN NER&#8221; _builder_version=&#8221;3.29.2&#8243; header_font_size=&#8221;40px&#8221; custom_margin=&#8221;50px|||&#8221; header_font_size_tablet=&#8221;&#8221; header_font_size_phone=&#8221;25px&#8221; header_font_size_last_edited=&#8221;on|phone&#8221; z_index_tablet=&#8221;500&#8243; [&hellip;]<\/p>\n","protected":false},"author":1,"featured_media":0,"parent":0,"menu_order":0,"comment_status":"closed","ping_status":"closed","template":"","meta":{"_et_pb_use_builder":"on","_et_pb_old_content":"","_et_gb_content_width":""},"_links":{"self":[{"href":"https:\/\/lopanner.com\/vda\/wp-json\/wp\/v2\/pages\/1718"}],"collection":[{"href":"https:\/\/lopanner.com\/vda\/wp-json\/wp\/v2\/pages"}],"about":[{"href":"https:\/\/lopanner.com\/vda\/wp-json\/wp\/v2\/types\/page"}],"author":[{"embeddable":true,"href":"https:\/\/lopanner.com\/vda\/wp-json\/wp\/v2\/users\/1"}],"replies":[{"embeddable":true,"href":"https:\/\/lopanner.com\/vda\/wp-json\/wp\/v2\/comments?post=1718"}],"version-history":[{"count":50,"href":"https:\/\/lopanner.com\/vda\/wp-json\/wp\/v2\/pages\/1718\/revisions"}],"predecessor-version":[{"id":9113,"href":"https:\/\/lopanner.com\/vda\/wp-json\/wp\/v2\/pages\/1718\/revisions\/9113"}],"wp:attachment":[{"href":"https:\/\/lopanner.com\/vda\/wp-json\/wp\/v2\/media?parent=1718"}],"curies":[{"name":"wp","href":"https:\/\/api.w.org\/{rel}","templated":true}]}}