{"id":3133,"date":"2018-09-26T09:41:15","date_gmt":"2018-09-26T07:41:15","guid":{"rendered":"http:\/\/www.lopanner.com\/vda\/?page_id=3133"},"modified":"2019-08-06T11:20:39","modified_gmt":"2019-08-06T09:20:39","slug":"il-pane-nero-in-valle-daosta","status":"publish","type":"page","link":"https:\/\/lopanner.com\/vda\/il-pane-nero-in-valle-daosta\/","title":{"rendered":"Il pane nero in Valle d&#8217;Aosta"},"content":{"rendered":"<p>[et_pb_section fb_built=&#8221;1&#8243; background_color=&#8221;#e02b20&#8243; fullwidth=&#8221;on&#8221; _builder_version=&#8221;3.0.66&#8243; global_module=&#8221;247&#8243;][et_pb_fullwidth_image src=&#8221;http:\/\/www.lopanner.com\/vda\/wp-content\/uploads\/2017\/09\/forno_home2.jpg&#8221; animation=&#8221;off&#8221; disabled_on=&#8221;on|on|&#8221; _builder_version=&#8221;3.0.66&#8243;][\/et_pb_fullwidth_image][et_pb_fullwidth_image src=&#8221;http:\/\/www.lopanner.com\/vda\/wp-content\/uploads\/2017\/09\/forno_home.jpg&#8221; animation=&#8221;off&#8221; disabled_on=&#8221;||on&#8221; _builder_version=&#8221;3.0.66&#8243;][\/et_pb_fullwidth_image][\/et_pb_section][et_pb_section fb_built=&#8221;1&#8243; custom_padding=&#8221;30px|0px|40px|0px&#8221; _builder_version=&#8221;3.0.47&#8243;][et_pb_row custom_padding=&#8221;32px|0px|15px|0px&#8221; _builder_version=&#8221;3.0.47&#8243; background_size=&#8221;initial&#8221; background_position=&#8221;top_left&#8221; background_repeat=&#8221;repeat&#8221;][et_pb_column type=&#8221;4_4&#8243; _builder_version=&#8221;3.0.47&#8243; parallax=&#8221;off&#8221; parallax_method=&#8221;on&#8221;][et_pb_text admin_label=&#8221;Il pane nero in Valle d&#8217;Aosta&#8221; _builder_version=&#8221;3.0.66&#8243; header_font_size=&#8221;40px&#8221; header_font_size_phone=&#8221;25px&#8221; header_font_size_last_edited=&#8221;on|phone&#8221;]<\/p>\n<h1 style=\"text-align: center;\"><strong>Il pane nero in Valle d&#8217;Aosta<br \/>\n<\/strong><\/h1>\n<p>[\/et_pb_text][\/et_pb_column][\/et_pb_row][et_pb_row _builder_version=&#8221;3.0.47&#8243; background_size=&#8221;initial&#8221; background_position=&#8221;top_left&#8221; background_repeat=&#8221;repeat&#8221;][et_pb_column type=&#8221;4_4&#8243; _builder_version=&#8221;3.0.47&#8243; parallax=&#8221;off&#8221; parallax_method=&#8221;on&#8221;][et_pb_text _builder_version=&#8221;3.0.66&#8243; text_font_size=&#8221;18px&#8221; text_line_height=&#8221;1.8em&#8221;]<\/p>\n<p>Edmondo Lavanche di \u00c9troubles in un\u2019intervista del 1986 ci confida la ricetta del pane nero per 100\/110 forme: si versano nella madia 20-25 kg di farina di segale, 80 kg di farina di frumento, 40-45 litri di acqua calda, 6 manciate di sale e il lievito ben diluito. Si mescola bene e si copre con un telo. Si lascia riposare per due ore e mezza circa. Ogni tanto si accende un fiammifero sull\u2019impasto: quando si spegne significa che l\u2019impasto \u00e8 pronto per essere impastato e per fare i pani.<\/p>\n<p>Prima di tagliare una forma di pane si usava tracciare il segno della croce con la lama del coltello come preghiera propiziatoria e di ringraziamento per il pane ricevuto.<\/p>\n<p>[\/et_pb_text][\/et_pb_column][\/et_pb_row][et_pb_row _builder_version=&#8221;3.0.66&#8243; background_size=&#8221;initial&#8221; background_position=&#8221;top_left&#8221; background_repeat=&#8221;repeat&#8221;][et_pb_column type=&#8221;1_3&#8243; _builder_version=&#8221;3.0.47&#8243; parallax=&#8221;off&#8221; parallax_method=&#8221;on&#8221;][et_pb_text _builder_version=&#8221;3.0.66&#8243; text_font_size=&#8221;18px&#8221; text_line_height=&#8221;1.8em&#8221;]<\/p>\n<p><em>Le viou l\u00e8ichavon pa bett\u00e9 lo pan a botson dessu la tabla; l\u2019\u00ebre consider\u00e0 un manque de resp\u00e8 pe la nourriteura. <\/em>(Aim\u00e9 Chenal, Raymond Vautherin,\u00a0<em>Nouveau Dictionnaire de Patois vald\u00f4tain<\/em>, Musumeci Editeur, <br \/>Quart, 1997)<\/p>\n<p>[\/et_pb_text][\/et_pb_column][et_pb_column type=&#8221;1_3&#8243; _builder_version=&#8221;3.0.47&#8243; parallax=&#8221;off&#8221; parallax_method=&#8221;on&#8221;][et_pb_text _builder_version=&#8221;3.0.66&#8243; text_font_size=&#8221;18px&#8221; text_line_height=&#8221;1.8em&#8221;]<\/p>\n<p style=\"font-family: courier\">Nos anc\u00eatres ne permettaient pas de mettre le pain sur la table sans dessus dessous, car ils consid\u00e9raient ce geste comme un manque de respect pour la nourriture.<\/p>\n<p>[\/et_pb_text][\/et_pb_column][et_pb_column type=&#8221;1_3&#8243; _builder_version=&#8221;3.0.47&#8243; parallax=&#8221;off&#8221; parallax_method=&#8221;on&#8221;][et_pb_text _builder_version=&#8221;3.0.66&#8243; text_font_size=&#8221;18&#8243; text_line_height=&#8221;1.8em&#8221;]<\/p>\n<p>I nostri anziani non permettevano di posare sul tavolo il pane capovolto, in quanto lo consideravano una mancanza di rispetto per il cibo.<\/p>\n<p>\u00a0<\/p>\n<p>[\/et_pb_text][\/et_pb_column][\/et_pb_row][et_pb_row _builder_version=&#8221;3.0.47&#8243; background_size=&#8221;initial&#8221; background_position=&#8221;top_left&#8221; background_repeat=&#8221;repeat&#8221;][et_pb_column type=&#8221;4_4&#8243; _builder_version=&#8221;3.0.47&#8243; parallax=&#8221;off&#8221; parallax_method=&#8221;on&#8221;][et_pb_text _builder_version=&#8221;3.0.66&#8243; text_font_size=&#8221;18px&#8221; text_line_height=&#8221;1.8em&#8221;]<\/p>\n<p>Per tagliare a pezzi il pane duro di segale si usava il <em>coppap\u00e0n<\/em>, una lama bloccata ad un tagliere di legno.<\/p>\n<p>[\/et_pb_text][\/et_pb_column][\/et_pb_row][et_pb_row _builder_version=&#8221;3.0.66&#8243; background_size=&#8221;initial&#8221; background_position=&#8221;top_left&#8221; background_repeat=&#8221;repeat&#8221;][et_pb_column type=&#8221;1_3&#8243; _builder_version=&#8221;3.0.47&#8243; parallax=&#8221;off&#8221; parallax_method=&#8221;on&#8221;][et_pb_text _builder_version=&#8221;3.0.66&#8243; text_font_size=&#8221;18px&#8221; text_line_height=&#8221;1.8em&#8221;]<\/p>\n<p><em>Ora lo mindj\u00e0 di nouhtre fam\u00e9ye l\u2019\u00e8 reutcho \u00e8 y \u00e8 boub\u00e9n d\u00e8 poss\u00e9b\u00e9let\u00e0 d\u00e8 tserne la cal\u00e9t\u00e0 da roba. P\u00e8 la gran part lo mindj\u00e0 l\u2019\u00e9ra lo m\u00e9mo p\u00e8 caje totte l\u00e9 fam\u00e9ye : Lo mat\u00ecn m\u00e9n\u00e9htra r\u00e8choud\u00e0 ou pan \u00e8 beudz\u00e0 i y adjognavon un ts\u00f2 d\u00e8 vin; l\u00e9 pieu reutcho pan \u00e9 lart. A l\u2019asile l\u00e9 m\u00e9in\u00e0 maque un bocconet d\u00e8 pan dur d\u00e9 bi\u00e0 ; A mi\u00e9djor pol\u00e8nta \u00e8 fromadjo, A noit euna m\u00e9n\u00e9htra s\u00e8ria : d\u00e9v\u00e9n lo catset deumi\u00e9 d\u2019\u00e9va y adjognavon dove ou tr\u00e9 potche d\u00e8 l\u00e9its\u00e9l \u00e9 i y\u00e8 poussavon un ts\u00f2 d\u00e8 gran picht \u00e8 p\u00e8 la r\u00e9nde un ts\u00f2 pieu nourissante i y adjognavon euna tayura d\u00e8 fromadjo prima, prima ou m\u00e9n\u00e9htra \u00e8nt\u00f3 d\u00e8 pan \u00e8 d\u00e8 fromadjo, Euna pitida par de la far\u00e8na non la tameujava \u00e8 a servichava p\u00e8 fare la papetta condi\u00e0 \u00e8nt\u00f3 d\u00e8 burro \u00e8 d\u00e8 l\u00e9its\u00e9l. Lo pan bianc l\u2019\u00e9ra r\u00e9serv\u00e0 i gran occasi\u00f3n : bat\u00e9mo, notse, patr\u00f3n. <\/em><\/p>\n<p>Ecole primaire d\u2019Ayas Champoluc, <br \/>classe de 3e, <br \/>25e\u00a0Concours scolaire de Patois <br \/>Jean-Baptiste Cerlogne<em><br \/> <\/em><\/p>\n<p>[\/et_pb_text][\/et_pb_column][et_pb_column type=&#8221;1_3&#8243; _builder_version=&#8221;3.0.47&#8243; parallax=&#8221;off&#8221; parallax_method=&#8221;on&#8221;][et_pb_text _builder_version=&#8221;3.0.66&#8243; text_font_size=&#8221;18px&#8221; text_line_height=&#8221;1.8em&#8221;]<\/p>\n<p style=\"font-family: courier;\">Aujourd\u2019hui, nos femmes font une cuisine riche et on a la possibilit\u00e9 de choisir des aliments de qualit\u00e9. Autrefois on mangeait \u00e0 peu pr\u00e8s tous les m\u00eames choses. Le matin de la soupe r\u00e9chauff\u00e9e ou du pain et du babeurre auquel on ajoutait un peu de vin ; les personnes les plus ais\u00e9es du pain et du lard. \u00c0 l\u2019\u00e9cole maternelle les enfants ne mangeaient qu\u2019un petit morceau de pain de seigle dur. \u00c0 midi de la polenta et du fromage. Au souper une pauvre soupe faite d\u2019une demicasserol\u00e9e d\u2019eau \u00e0 laquelle on ajoutait deux ou trois louches de lait et un peu de gruau pour la rendre plus nourrissante et une lamelle bien fine de fromage ou de la soupe avec du pain et du fromage. Une petite partie de farine \u00e9tait tamis\u00e9e pour faire de la bouillie au beurre et au lait. Le pain blanc \u00e9tait r\u00e9serv\u00e9 aux grandes occasions : aux bapt\u00eames, aux noces et \u00e0 la f\u00eate patronale.<\/p>\n<p>Ecole primaire d\u2019Ayas Champoluc, <br \/>classe de 3e, <br \/>25e\u00a0Concours scolaire de Patois <br \/>Jean-Baptiste Cerlogne<\/p>\n<p>[\/et_pb_text][\/et_pb_column][et_pb_column type=&#8221;1_3&#8243; _builder_version=&#8221;3.0.47&#8243; parallax=&#8221;off&#8221; parallax_method=&#8221;on&#8221;][et_pb_text _builder_version=&#8221;3.0.66&#8243; text_font_size=&#8221;18&#8243; text_line_height=&#8221;1.8em&#8221;]<\/p>\n<p>Oggi nelle nostre famiglie si cucina in modo ricco con prodotti di buona qualit\u00e0. Un tempo si mangiava quasi tutti le stesse cose. La colazione consisteva in una minestra riscaldata oppure pane e latticello, al quale si aggiungeva un po\u2019 di vino, mentre i pi\u00f9 ricchi potevano permettersi pane e lardo. Nelle scuole materne i bambini mangiavano soltanto un pezzetto di pane di segale secco. A mezzogiorno polenta e formaggio. A cena una povera minestra fatta con mezza pentola d\u2019acqua alla quale sia aggiungevano due o tre mestoli di latte e un po\u2019 di grano schiacciato per renderla pi\u00f9 nutriente, con una fetta sottilissima di formaggio oppure una zuppa accompagnata da pane e formaggio. Una parte di farina era setacciata per cucinarla come una pappina con burro e latte. Il pane bianco era riservato alle grandi occasioni: battesimi, nozze o feste patronali.<\/p>\n<p>Scuola elementare di Ayas Champoluc, <br \/>classe di 3a, <br \/>25\u00b0\u00a0Concours scolaire de Patois <br \/>Jean-Baptiste Cerlogne<strong><br \/> <\/strong><\/p>\n<p>\u00a0<\/p>\n<p>[\/et_pb_text][\/et_pb_column][\/et_pb_row][et_pb_row _builder_version=&#8221;3.0.47&#8243; background_size=&#8221;initial&#8221; background_position=&#8221;top_left&#8221; background_repeat=&#8221;repeat&#8221;][et_pb_column type=&#8221;4_4&#8243; _builder_version=&#8221;3.0.47&#8243; parallax=&#8221;off&#8221; parallax_method=&#8221;on&#8221;][et_pb_text _builder_version=&#8221;3.0.66&#8243; text_font_size=&#8221;18px&#8221; text_line_height=&#8221;1.8em&#8221;]<\/p>\n<p>Il pane si mangiava comunque con tutto, anche da solo. La tradizione lo vuole sia nelle zuppe, sia nei dolci ma anche nel brodo o nel vino. Per spuntino, <em>lou ressegn\u00f2n<\/em>, talvolta si faceva la <em>seuppa rodze<\/em> con vino rosso, zucchero e pezzi di pane nero in ammollo; le donne accompagnavano la <em>mandol\u00e0<\/em>, mandorle tritate cotte in acqua, con pezzi di pane. Per l\u2019estate vi era pane duro da ammollare nell\u2019acqua per uno spuntino veloce con del formaggio o da inzuppare nella minestra o nel latte.<\/p>\n<p>Ai bambini golosi si diceva: <em>Djan Djan peucca pan, lo from\u00e9dzo va dev\u00e0n \u00e9 lo pan reuste eun man &#8211; <\/em>Giovanni Giovanni mangia pane, il formaggio va via per primo e il pane resta in mano (Sandra Berthod, Introd)<\/p>\n<p>[\/et_pb_text][\/et_pb_column][\/et_pb_row][\/et_pb_section][et_pb_section fb_built=&#8221;1&#8243; custom_padding=&#8221;0px|0px|64px|0px&#8221; _builder_version=&#8221;3.0.47&#8243;][et_pb_row make_fullwidth=&#8221;on&#8221; custom_width_px=&#8221;1041px&#8221; use_custom_gutter=&#8221;on&#8221; gutter_width=&#8221;1&#8243; custom_padding=&#8221;0px|0px|32px|0px&#8221; background_position_1=&#8221;top_left&#8221; background_repeat_1=&#8221;no-repeat&#8221; _builder_version=&#8221;3.0.66&#8243;][et_pb_column type=&#8221;4_4&#8243; _builder_version=&#8221;3.0.47&#8243; parallax=&#8221;off&#8221; parallax_method=&#8221;on&#8221; background_position=&#8221;top_left&#8221; background_repeat=&#8221;no-repeat&#8221;][et_pb_gallery gallery_ids=&#8221;3139,3138,3137,3140&#8243; posts_number=&#8221;4&#8243; show_title_and_caption=&#8221;off&#8221; show_pagination=&#8221;off&#8221; zoom_icon_color=&#8221;#e02b20&#8243; _builder_version=&#8221;3.0.66&#8243;][\/et_pb_gallery][\/et_pb_column][\/et_pb_row][et_pb_row _builder_version=&#8221;3.0.47&#8243; background_size=&#8221;initial&#8221; background_position=&#8221;top_left&#8221; background_repeat=&#8221;repeat&#8221;][et_pb_column type=&#8221;4_4&#8243; _builder_version=&#8221;3.0.47&#8243; parallax=&#8221;off&#8221; parallax_method=&#8221;on&#8221;][et_pb_text admin_label=&#8221;GLOSSARIO&#8221; _builder_version=&#8221;3.0.66&#8243;]<\/p>\n<h3 style=\"text-align: center;\">GLOSSARIO<\/h3>\n<p>[\/et_pb_text][\/et_pb_column][\/et_pb_row][et_pb_row _builder_version=&#8221;3.0.47&#8243; background_size=&#8221;initial&#8221; background_position=&#8221;top_left&#8221; background_repeat=&#8221;repeat&#8221;][et_pb_column type=&#8221;1_3&#8243; _builder_version=&#8221;3.0.47&#8243; parallax=&#8221;off&#8221; parallax_method=&#8221;on&#8221;][et_pb_text _builder_version=&#8221;3.0.66&#8243;]<\/p>\n<p>Tagliapane<\/p>\n<p>Tagliare il pane<\/p>\n<p>Sminuzzare il pane<\/p>\n<p>Pestare il pane<\/p>\n<p>Rammollire il pane con l\u2019acqua<\/p>\n<p>Pane duro<\/p>\n<p>Pane, vino freddo e zucchero<\/p>\n<p>Spuntino<\/p>\n<p>\u00a0<\/p>\n<p>[\/et_pb_text][\/et_pb_column][et_pb_column type=&#8221;2_3&#8243; _builder_version=&#8221;3.0.47&#8243; parallax=&#8221;off&#8221; parallax_method=&#8221;on&#8221;][et_pb_text _builder_version=&#8221;3.0.66&#8243;]<\/p>\n<p><em>coppap\u00e0n<\/em><\/p>\n<p><em>cop\u00e9 lo pan<\/em><\/p>\n<p><em>tsapl\u00e9 lo pan<\/em><\/p>\n<p><em>pel\u00e9 lo pan<\/em><\/p>\n<p><em>moill\u00e9 lo pan\/eunmeill\u00e9 lo pan<\/em><\/p>\n<p><em>pan deur<\/em><\/p>\n<p><em>seuppa fr\u00e8ide\/seuppa rodze<\/em><\/p>\n<p><em>ressegn\u00f2n<\/em><\/p>\n<p>[\/et_pb_text][\/et_pb_column][\/et_pb_row][et_pb_row background_position_1=&#8221;top_left&#8221; background_repeat_1=&#8221;no-repeat&#8221; _builder_version=&#8221;3.0.66&#8243; background_size=&#8221;initial&#8221; background_position=&#8221;top_left&#8221; background_repeat=&#8221;repeat&#8221; global_module=&#8221;343&#8243;][et_pb_column type=&#8221;4_4&#8243; _builder_version=&#8221;3.0.47&#8243; parallax=&#8221;off&#8221; parallax_method=&#8221;on&#8221; background_position=&#8221;top_left&#8221; background_repeat=&#8221;no-repeat&#8221;][et_pb_image src=&#8221;http:\/\/www.lopanner.com\/vda\/wp-content\/uploads\/2017\/08\/intangiblesearch.png&#8221; url=&#8221;http:\/\/www.intangiblesearch.eu\/search\/show_ich_detail.php?db_name=intangible_search&#038;lingua=italiano&#038;idk=ICH-DST00-0000000292&#8243; url_new_window=&#8221;on&#8221; animation=&#8221;off&#8221; align=&#8221;center&#8221; admin_label=&#8221;LOGO INSTANGIBLE SEARCH&#8221; _builder_version=&#8221;3.0.66&#8243;][\/et_pb_image][et_pb_image src=&#8221;http:\/\/www.lopanner.com\/vda\/wp-content\/uploads\/2017\/08\/SequenzaLoghi-2.jpg&#8221; animation=&#8221;off&#8221; align=&#8221;center&#8221; admin_label=&#8221;LOGHI UNIONE EUROPEA&#8221; _builder_version=&#8221;3.0.66&#8243;][\/et_pb_image][\/et_pb_column][\/et_pb_row][\/et_pb_section]<\/p>\n","protected":false},"excerpt":{"rendered":"<p>[et_pb_section fb_built=&#8221;1&#8243; background_color=&#8221;#e02b20&#8243; fullwidth=&#8221;on&#8221; _builder_version=&#8221;3.0.66&#8243; global_module=&#8221;247&#8243;][et_pb_fullwidth_image src=&#8221;http:\/\/www.lopanner.com\/vda\/wp-content\/uploads\/2017\/09\/forno_home2.jpg&#8221; animation=&#8221;off&#8221; disabled_on=&#8221;on|on|&#8221; _builder_version=&#8221;3.0.66&#8243;][\/et_pb_fullwidth_image][et_pb_fullwidth_image src=&#8221;http:\/\/www.lopanner.com\/vda\/wp-content\/uploads\/2017\/09\/forno_home.jpg&#8221; animation=&#8221;off&#8221; disabled_on=&#8221;||on&#8221; _builder_version=&#8221;3.0.66&#8243;][\/et_pb_fullwidth_image][\/et_pb_section][et_pb_section fb_built=&#8221;1&#8243; custom_padding=&#8221;30px|0px|40px|0px&#8221; _builder_version=&#8221;3.0.47&#8243;][et_pb_row custom_padding=&#8221;32px|0px|15px|0px&#8221; _builder_version=&#8221;3.0.47&#8243; background_size=&#8221;initial&#8221; background_position=&#8221;top_left&#8221; background_repeat=&#8221;repeat&#8221;][et_pb_column type=&#8221;4_4&#8243; _builder_version=&#8221;3.0.47&#8243; parallax=&#8221;off&#8221; parallax_method=&#8221;on&#8221;][et_pb_text admin_label=&#8221;Il pane nero in Valle d&#8217;Aosta&#8221; _builder_version=&#8221;3.0.66&#8243; header_font_size=&#8221;40px&#8221; header_font_size_phone=&#8221;25px&#8221; header_font_size_last_edited=&#8221;on|phone&#8221;] Il pane nero in Valle d&#8217;Aosta [\/et_pb_text][\/et_pb_column][\/et_pb_row][et_pb_row _builder_version=&#8221;3.0.47&#8243; background_size=&#8221;initial&#8221; background_position=&#8221;top_left&#8221; background_repeat=&#8221;repeat&#8221;][et_pb_column type=&#8221;4_4&#8243; _builder_version=&#8221;3.0.47&#8243; parallax=&#8221;off&#8221; parallax_method=&#8221;on&#8221;][et_pb_text _builder_version=&#8221;3.0.66&#8243; text_font_size=&#8221;18px&#8221; text_line_height=&#8221;1.8em&#8221;] Edmondo [&hellip;]<\/p>\n","protected":false},"author":4,"featured_media":0,"parent":0,"menu_order":0,"comment_status":"closed","ping_status":"closed","template":"","meta":{"_et_pb_use_builder":"on","_et_pb_old_content":"","_et_gb_content_width":""},"_links":{"self":[{"href":"https:\/\/lopanner.com\/vda\/wp-json\/wp\/v2\/pages\/3133"}],"collection":[{"href":"https:\/\/lopanner.com\/vda\/wp-json\/wp\/v2\/pages"}],"about":[{"href":"https:\/\/lopanner.com\/vda\/wp-json\/wp\/v2\/types\/page"}],"author":[{"embeddable":true,"href":"https:\/\/lopanner.com\/vda\/wp-json\/wp\/v2\/users\/4"}],"replies":[{"embeddable":true,"href":"https:\/\/lopanner.com\/vda\/wp-json\/wp\/v2\/comments?post=3133"}],"version-history":[{"count":13,"href":"https:\/\/lopanner.com\/vda\/wp-json\/wp\/v2\/pages\/3133\/revisions"}],"predecessor-version":[{"id":4381,"href":"https:\/\/lopanner.com\/vda\/wp-json\/wp\/v2\/pages\/3133\/revisions\/4381"}],"wp:attachment":[{"href":"https:\/\/lopanner.com\/vda\/wp-json\/wp\/v2\/media?parent=3133"}],"curies":[{"name":"wp","href":"https:\/\/api.w.org\/{rel}","templated":true}]}}