{"id":3151,"date":"2018-09-26T11:30:39","date_gmt":"2018-09-26T09:30:39","guid":{"rendered":"http:\/\/www.lopanner.com\/vda\/?page_id=3151"},"modified":"2019-10-21T15:27:47","modified_gmt":"2019-10-21T13:27:47","slug":"la-tradizione-si-rinnova","status":"publish","type":"page","link":"https:\/\/lopanner.com\/vda\/la-tradizione-si-rinnova\/","title":{"rendered":"La tradizione si rinnova"},"content":{"rendered":"<p>[et_pb_section fb_built=&#8221;1&#8243; fullwidth=&#8221;on&#8221; _builder_version=&#8221;3.0.66&#8243; background_color=&#8221;#e02b20&#8243; global_module=&#8221;247&#8243; fb_built=&#8221;1&#8243; _i=&#8221;0&#8243; _address=&#8221;0&#8243;][et_pb_fullwidth_image src=&#8221;https:\/\/www.lopanner.com\/vda\/wp-content\/uploads\/2017\/09\/forno_home2.jpg&#8221; disabled_on=&#8221;on|on|&#8221; _builder_version=&#8221;3.0.87&#8243; animation=&#8221;off&#8221; border_style=&#8221;solid&#8221; _i=&#8221;0&#8243; _address=&#8221;0.0&#8243;][\/et_pb_fullwidth_image][et_pb_fullwidth_image src=&#8221;https:\/\/www.lopanner.com\/vda\/wp-content\/uploads\/2017\/09\/forno_home.jpg&#8221; disabled_on=&#8221;||on&#8221; _builder_version=&#8221;3.0.87&#8243; animation=&#8221;off&#8221; border_style=&#8221;solid&#8221; _i=&#8221;1&#8243; _address=&#8221;0.1&#8243;][\/et_pb_fullwidth_image][\/et_pb_section][et_pb_section fb_built=&#8221;1&#8243; _builder_version=&#8221;3.22&#8243; custom_padding=&#8221;30px|0px|40px|0px&#8221; fb_built=&#8221;1&#8243; _i=&#8221;1&#8243; _address=&#8221;1&#8243;][et_pb_row _builder_version=&#8221;3.25&#8243; background_size=&#8221;initial&#8221; background_position=&#8221;top_left&#8221; background_repeat=&#8221;repeat&#8221; custom_padding=&#8221;32px|0px|15px|0px&#8221; _i=&#8221;0&#8243; _address=&#8221;1.0&#8243;][et_pb_column type=&#8221;4_4&#8243; _builder_version=&#8221;3.25&#8243; custom_padding=&#8221;|||&#8221; _i=&#8221;0&#8243; _address=&#8221;1.0.0&#8243; custom_padding__hover=&#8221;|||&#8221;][et_pb_text admin_label=&#8221;La tradizione si rinnova&#8221; _builder_version=&#8221;3.27.4&#8243; header_font_size=&#8221;40px&#8221; header_font_size_phone=&#8221;25px&#8221; header_font_size_last_edited=&#8221;on|phone&#8221; _i=&#8221;0&#8243; _address=&#8221;1.0.0.0&#8243;]<\/p>\n<h1 style=\"text-align: center;\"><strong>La tradizione si rinnova<\/strong><\/h1>\n<p>[\/et_pb_text][et_pb_text _builder_version=&#8221;3.27.4&#8243; _i=&#8221;1&#8243; _address=&#8221;1.0.0.1&#8243;]<\/p>\n<p style=\"text-align: center;\"><em>Ricerca degli alunni Scuola secondaria di primo grado Luigi Barone di Brusson<\/em><\/p>\n<p>[\/et_pb_text][\/et_pb_column][\/et_pb_row][et_pb_row _builder_version=&#8221;3.25&#8243; background_size=&#8221;initial&#8221; background_position=&#8221;top_left&#8221; background_repeat=&#8221;repeat&#8221; _i=&#8221;1&#8243; _address=&#8221;1.1&#8243; column_structure=&#8221;1_2,1_2&#8243;][et_pb_column type=&#8221;1_2&#8243; _builder_version=&#8221;3.25&#8243; custom_padding=&#8221;|||&#8221; _i=&#8221;0&#8243; _address=&#8221;1.1.0&#8243; custom_padding__hover=&#8221;|||&#8221;][et_pb_text admin_label=&#8221;Titolo&#8221; _builder_version=&#8221;3.27.4&#8243; _i=&#8221;0&#8243; _address=&#8221;1.1.0.0&#8243;]<\/p>\n<h4 style=\"text-align: center;\"><strong>INSALATA ESTIVA DI PANE NERO<\/strong><\/h4>\n<p>[\/et_pb_text][et_pb_text _builder_version=&#8221;3.27.4&#8243; _i=&#8221;1&#8243; _address=&#8221;1.1.0.1&#8243;]<\/p>\n<p><em>Ingredienti: 1 pane nero &#8211; 1 cipolla tritata &#8211; 2 pomodori &#8211; olio, aceto, sale e pepe <\/em><\/p>\n<p><em>Preparazione<\/em>: Prendete il pane nero e mettetelo a bagno in acqua fredda per 5 minuti. Scolatelo bene, tagliatelo a dadini e mettetelo in un&rsquo;insalatiera. Condite il tutto con olio, aceto, sale e pepe. Aggiungete la cipolla e i pomodori tagliati a pezzi. Mescolate e servite.<\/p>\n<p>[\/et_pb_text][\/et_pb_column][et_pb_column type=&#8221;1_2&#8243; _builder_version=&#8221;3.25&#8243; custom_padding=&#8221;|||&#8221; _i=&#8221;1&#8243; _address=&#8221;1.1.1&#8243; custom_padding__hover=&#8221;|||&#8221;][et_pb_text admin_label=&#8221;Titolo&#8221; _builder_version=&#8221;3.27.4&#8243; _i=&#8221;0&#8243; _address=&#8221;1.1.1.0&#8243;]<\/p>\n<h4 style=\"text-align: center;\"><strong>ZUPPA DI PANE NERO<\/strong><\/h4>\n<p>[\/et_pb_text][et_pb_text _builder_version=&#8221;3.27.4&#8243; _i=&#8221;1&#8243; _address=&#8221;1.1.1.1&#8243;]<\/p>\n<p><em>Ingredienti: pane nero tagliato a fette &#8211; brodo di carne &#8211; cipolla &#8211; sedano &#8211; carote &#8211; 100 g di lardo &#8211; 50 g di prosciutto cotto &#8211; mezzo cavolo (500 g circa) &#8211; 500 g di fontina o di formaggio valdostano &#8211; olio d\u2019oliva<\/em><\/p>\n<p><em>Preparazione<\/em>: Scaldate il brodo. Pulite il cavolo e affettatelo finemente. In una padella mettete un filo d\u2019olio, aggiungete un trito di cipolla, di carote e sedano. Aggiungete il lardo e il prosciutto ridotti a dadini. Lasciate cuocere a fuoco lento per 15 minuti. Se necessario, aggiungete un po\u2019 di brodo. Una volta pronta, componete la zuppa in una pirofila: fate uno strato di pane, uno di cavolo, bagnate con il brodo, aggiungete il formaggio a fette e continuate fino ad esaurimento degli ingredienti. Cuocete in forno a 180\u00b0 per 30-40 minuti.<\/p>\n<p>[\/et_pb_text][\/et_pb_column][\/et_pb_row][et_pb_row _builder_version=&#8221;3.25&#8243; background_size=&#8221;initial&#8221; background_position=&#8221;top_left&#8221; background_repeat=&#8221;repeat&#8221; _i=&#8221;2&#8243; _address=&#8221;1.2&#8243; column_structure=&#8221;1_2,1_2&#8243;][et_pb_column type=&#8221;1_2&#8243; _builder_version=&#8221;3.25&#8243; custom_padding=&#8221;|||&#8221; _i=&#8221;0&#8243; _address=&#8221;1.2.0&#8243; custom_padding__hover=&#8221;|||&#8221;][et_pb_text admin_label=&#8221;Titolo&#8221; _builder_version=&#8221;3.27.4&#8243; _i=&#8221;0&#8243; _address=&#8221;1.2.0.0&#8243;]<\/p>\n<h4 style=\"text-align: center;\"><strong>CARROZZA NERA<\/strong><\/h4>\n<p>[\/et_pb_text][et_pb_text _builder_version=&#8221;3.27.4&#8243; _i=&#8221;1&#8243; _address=&#8221;1.2.0.1&#8243;]<\/p>\n<p><em>Ingredienti: 20 fette di pane &#8211; 3 uova &#8211; farina di grano duro q.b. &#8211; 10 fette di mozzarella &#8211; olio di arachidi &#8211; sale<\/em><\/p>\n<p><em>Preparazione<\/em>: Mettete tra due fette di pane nero 1 o 2 fettine di mozzarella, poi chiudete con uno stuzzicadenti. Bagnate i panini nelle uova sbattute e passateli nella farina. Infine, friggeteli in una padella nell&rsquo;olio caldo. Salate e servite.<\/p>\n<p>[\/et_pb_text][\/et_pb_column][et_pb_column type=&#8221;1_2&#8243; _builder_version=&#8221;3.25&#8243; custom_padding=&#8221;|||&#8221; _i=&#8221;1&#8243; _address=&#8221;1.2.1&#8243; custom_padding__hover=&#8221;|||&#8221;][et_pb_text admin_label=&#8221;Titolo&#8221; _builder_version=&#8221;3.27.4&#8243; _i=&#8221;0&#8243; _address=&#8221;1.2.1.0&#8243;]<\/p>\n<h4 style=\"text-align: center;\"><strong>SEMIFREDDO AL PANE NERO 1<\/strong><\/h4>\n<p>[\/et_pb_text][et_pb_text _builder_version=&#8221;3.27.4&#8243; _i=&#8221;1&#8243; _address=&#8221;1.2.1.1&#8243;]<\/p>\n<p><em>Ingredienti: 1 pane nero &#8211; 3 uova &#8211; 3 bicchieri di panna da montare &#8211; zucchero<\/em><\/p>\n<p><em>Preparazione<\/em>: Prendete il pane e fatelo tostare nel forno acceso a 100&deg;. Fatelo raffreddare e poi grattugiatelo. Separate gli albumi dai tuorli. Montate a neve gli albumi e, a parte, sbattete i tuorli fino a renderli spumosi. Montate la panna con lo zucchero. Amalgamate delicatamente tutte le preparazioni e versate il composto ottenuto in uno stampo. Mettete in freezer per 3 ore dopodich&eacute; sformate e servite.<\/p>\n<p>[\/et_pb_text][\/et_pb_column][\/et_pb_row][et_pb_row _builder_version=&#8221;3.25&#8243; background_size=&#8221;initial&#8221; background_position=&#8221;top_left&#8221; background_repeat=&#8221;repeat&#8221; _i=&#8221;3&#8243; _address=&#8221;1.3&#8243; column_structure=&#8221;1_2,1_2&#8243;][et_pb_column type=&#8221;1_2&#8243; _builder_version=&#8221;3.25&#8243; custom_padding=&#8221;|||&#8221; _i=&#8221;0&#8243; _address=&#8221;1.3.0&#8243; custom_padding__hover=&#8221;|||&#8221;][et_pb_text admin_label=&#8221;Titolo&#8221; _builder_version=&#8221;3.27.4&#8243; _i=&#8221;0&#8243; _address=&#8221;1.3.0.0&#8243;]<\/p>\n<h4 style=\"text-align: center;\"><strong>SEMIFREDDO AL PANE NERO 2<\/strong><\/h4>\n<p>[\/et_pb_text][et_pb_text _builder_version=&#8221;3.27.4&#8243; _i=&#8221;1&#8243; _address=&#8221;1.3.0.1&#8243;]<\/p>\n<p><em>Ingredienti: 1 l di panna da montare &#8211; 6 tuorli &#8211; 350 g di zucchero &#8211; noci e mandorle q.b. &#8211; pane q.b. &#8211; noce moscata q.b.<\/em><\/p>\n<p><em>Preparazione<\/em>: Montate la panna fino a ottenere una consistenza ferma. <em>Amalgamate<\/em> tuorli e zucchero. Tritate il pane con la frutta secca e unite il tutto alla crema di tuorli. Aggiungete la panna montata e versate il tutto in due stampi da plum-cake. Lasciate in freezer per una notte. Sformate e servite.<\/p>\n<p>[\/et_pb_text][\/et_pb_column][et_pb_column type=&#8221;1_2&#8243; _builder_version=&#8221;3.25&#8243; custom_padding=&#8221;|||&#8221; _i=&#8221;1&#8243; _address=&#8221;1.3.1&#8243; custom_padding__hover=&#8221;|||&#8221;][et_pb_text admin_label=&#8221;Titolo&#8221; _builder_version=&#8221;3.27.4&#8243; _i=&#8221;0&#8243; _address=&#8221;1.3.1.0&#8243;]<\/p>\n<h4 style=\"text-align: center;\"><strong>TORTA DI PANE NERO<\/strong><\/h4>\n<p>[\/et_pb_text][et_pb_text _builder_version=&#8221;3.27.4&#8243; _i=&#8221;1&#8243; _address=&#8221;1.3.1.1&#8243;]<\/p>\n<p><em>Ingredienti: 300 g di pane nero &#8211; 10 noci &#8211; 2 bustine di vanillina &#8211; 2 mele &#8211; 100 cl di latte &#8211; 4 cucchiai di farina integrale &#8211; 2 cucchiai di cannella &#8211; 4 cucchiai di panna da montare &#8211; 2 uova &#8211; 1 pizzico di sale &#8211; 4 cucchiai di miele &#8211; burro<\/em><\/p>\n<p><em>Preparazione<\/em>: Tagliate il pane a pezzetti e mettetelo in un recipiente con il latte e la vanillina. Lasciatelo in ammollo per 12 ore. Successivamente, mescolate il composto fino a ottenere una crema omogenea. A parte, montate a neve gli albumi, aggiungete i tuorli e amalgamate. Preparate le mele: sbucciatele e tagliatele a dadini. Sgusciate le noci e unitele alle mele, al miele e alla cannella. Mescolate bene. Versate il tutto nel recipiente del pane. Aggiungete la panna, il sale e la farina. Unite delicatamente le uova. Amalgamate e versate in uno stampo. Cuocere in forno a 180\/200&deg; per 1 ora. Sformate e servite.<\/p>\n<p>[\/et_pb_text][\/et_pb_column][\/et_pb_row][et_pb_row _builder_version=&#8221;3.25&#8243; background_size=&#8221;initial&#8221; background_position=&#8221;top_left&#8221; background_repeat=&#8221;repeat&#8221; _i=&#8221;4&#8243; _address=&#8221;1.4&#8243; column_structure=&#8221;1_2,1_2&#8243;][et_pb_column type=&#8221;1_2&#8243; _builder_version=&#8221;3.25&#8243; custom_padding=&#8221;|||&#8221; _i=&#8221;0&#8243; _address=&#8221;1.4.0&#8243; custom_padding__hover=&#8221;|||&#8221;][et_pb_text admin_label=&#8221;Titolo&#8221; _builder_version=&#8221;3.27.4&#8243; _i=&#8221;0&#8243; _address=&#8221;1.4.0.0&#8243;]<\/p>\n<h4 style=\"text-align: center;\"><strong>TIRAMIS\u00d9 AL PANE NERO<\/strong><\/h4>\n<p>[\/et_pb_text][et_pb_text _builder_version=&#8221;3.27.4&#8243; _i=&#8221;1&#8243; _address=&#8221;1.4.0.1&#8243;]<\/p>\n<p><em>Ingredienti: 20 fette di pane nero &#8211; 150 g di zucchero &#8211; 250 g di mascarpone &#8211; <br \/>1 tazza di caff&egrave; &#8211; 4 uova &#8211; cacao in polvere<\/em><\/p>\n<p><em>Preparazione<\/em>: Separate i tuorli dagli albumi. In un recipiente sbattete i tuorli con lo zucchero fino a renderli spumosi, poi aggiungete il mascarpone e amalgamare. Montate gli albumi a neve ferma e aggiungeteli delicatamente al composto di tuorli. Bagnate le fette di pane nel caff&egrave;. In una pirofila fate uno strato di crema, uno di pane, ancora uno di crema e cos&igrave; fino a esaurire gli ingredienti. Lasciate riposare in frigo per 2 ore. Spolverizzate con il cacao e servite.<\/p>\n<p>[\/et_pb_text][\/et_pb_column][et_pb_column type=&#8221;1_2&#8243; _builder_version=&#8221;3.25&#8243; custom_padding=&#8221;|||&#8221; _i=&#8221;1&#8243; _address=&#8221;1.4.1&#8243; custom_padding__hover=&#8221;|||&#8221;][et_pb_text admin_label=&#8221;Titolo&#8221; _builder_version=&#8221;3.27.4&#8243; _i=&#8221;0&#8243; _address=&#8221;1.4.1.0&#8243;]<\/p>\n<h4 style=\"text-align: center;\"><strong>GELATO AL PANE NERO E NOCCIOLE<\/strong><\/h4>\n<p>[\/et_pb_text][et_pb_text _builder_version=&#8221;3.27.4&#8243; _i=&#8221;1&#8243; _address=&#8221;1.4.1.1&#8243;]<\/p>\n<p><em>Ingredienti per 4 persone: 110 g di pane integrale fresco a pezzetti &#8211; 55 g di nocciole finemente tritate &#8211; 55 g di zucchero di canna chiaro &#8211; 1\/2 cucchiaino di cannella &#8211; 375 ml di panna da montare &#8211; 3 cucchiai di rum dorato &#8211; 55 g di zucchero a velo &#8211; salsa al cioccolato &#8211; granella di nocciole per decorare<\/em><\/p>\n<p>Un semifreddo che \u00e8 anche un eccellente modo per smaltire il pane integrale in eccesso. Pu\u00f2 essere servito da solo o accompagnato con fragole o ciliegie. La ricetta \u00e8 tratta dal libro 500 Dessert di Wendy Sweetser.<\/p>\n<p><em>Preparazione<\/em>: Preriscaldare il forno a 200\u00b0. In una terrina mescolare il pane, le nocciole tritate, lo zucchero di canna e la cannella. Stendere in una teglia da forno e cuocere per 10 minuti mescolando il composto almeno un paio di volte. Lo zucchero dovrebbe caramellare leggermente, il pane diventare croccante e le nocciole tostarsi. Lasciare raffreddare e passare nel mixer. In una terrina montare la panna insieme allo zucchero a velo e al rum. Trasferire il composto in un contenitore da congelatore e mettere in freezer per 2 o 3 ore. Trasferire il composto in una terrina e sbattere con le fruste per rompere i cristalli di ghiaccio. Unire il composto di pane e rimettere in freezer per diverse ore o una notte. Un\u2019ora prima di servire, trasferire il contenitore nel frigorifero. Formare delle palline di gelato, metterle nelle coppe e guarnire con salsa di cioccolato e granella di nocciole La salsa di cioccolato si pu\u00f2 preparare facendo fondere a bagnomaria 50 g di burro, 200 ml di panna e 225 g di cioccolato fondente, mescolando per renderla omogenea.<\/p>\n<p>[\/et_pb_text][\/et_pb_column][\/et_pb_row][\/et_pb_section][et_pb_section fb_built=&#8221;1&#8243; _builder_version=&#8221;3.22&#8243; custom_padding=&#8221;0px|0px|64px|0px&#8221; fb_built=&#8221;1&#8243; _i=&#8221;2&#8243; _address=&#8221;2&#8243;][et_pb_row use_custom_gutter=&#8221;on&#8221; gutter_width=&#8221;1&#8243; disabled_on=&#8221;on|on|on&#8221; module_class=&#8221; et_pb_row_fullwidth&#8221; _builder_version=&#8221;3.25&#8243; width=&#8221;100%&#8221; width_tablet=&#8221;100%&#8221; width_last_edited=&#8221;on|desktop&#8221; max_width=&#8221;100%&#8221; max_width_tablet=&#8221;100%&#8221; max_width_last_edited=&#8221;on|desktop&#8221; custom_padding=&#8221;0px|0px|32px|0px&#8221; make_fullwidth=&#8221;on&#8221; custom_width_px=&#8221;1041px&#8221; disabled=&#8221;on&#8221; _i=&#8221;0&#8243; _address=&#8221;2.0&#8243;][et_pb_column type=&#8221;4_4&#8243; _builder_version=&#8221;3.25&#8243; background_position=&#8221;top_left&#8221; custom_padding=&#8221;|||&#8221; _i=&#8221;0&#8243; _address=&#8221;2.0.0&#8243; custom_padding__hover=&#8221;|||&#8221;][et_pb_gallery gallery_ids=&#8221;3139,3138,3147,3148&#8243; show_title_and_caption=&#8221;off&#8221; show_pagination=&#8221;off&#8221; zoom_icon_color=&#8221;#e02b20&#8243; _builder_version=&#8221;3.0.66&#8243; _i=&#8221;0&#8243; _address=&#8221;2.0.0.0&#8243;][\/et_pb_gallery][\/et_pb_column][\/et_pb_row][et_pb_row _builder_version=&#8221;3.0.66&#8243; background_size=&#8221;initial&#8221; background_position=&#8221;top_left&#8221; background_repeat=&#8221;repeat&#8221; global_module=&#8221;343&#8243; _i=&#8221;1&#8243; _address=&#8221;2.1&#8243;][et_pb_column type=&#8221;4_4&#8243; _builder_version=&#8221;3.0.47&#8243; background_position=&#8221;top_left&#8221; custom_padding=&#8221;|||&#8221; custom_padding__hover=&#8221;|||&#8221; _i=&#8221;0&#8243; _address=&#8221;2.1.0&#8243;][et_pb_image src=&#8221;https:\/\/www.lopanner.com\/vda\/wp-content\/uploads\/2017\/08\/intangiblesearch.png&#8221; url=&#8221;http:\/\/www.intangiblesearch.eu\/search\/show_ich_detail.php?db_name=intangible_search&#038;lingua=italiano&#038;idk=ICH-DST00-0000000292&#8243; url_new_window=&#8221;on&#8221; align=&#8221;center&#8221; align_tablet=&#8221;center&#8221; align_last_edited=&#8221;on|desktop&#8221; admin_label=&#8221;LOGO INSTANGIBLE SEARCH&#8221; _builder_version=&#8221;3.23&#8243; animation=&#8221;off&#8221; border_style=&#8221;solid&#8221; sticky=&#8221;off&#8221; always_center_on_mobile=&#8221;on&#8221; _i=&#8221;0&#8243; _address=&#8221;2.1.0.0&#8243;][\/et_pb_image][et_pb_image src=&#8221;https:\/\/www.lopanner.com\/vda\/wp-content\/uploads\/2017\/08\/SequenzaLoghi-2.jpg&#8221; align=&#8221;center&#8221; align_tablet=&#8221;center&#8221; align_last_edited=&#8221;on|desktop&#8221; admin_label=&#8221;LOGHI UNIONE EUROPEA&#8221; _builder_version=&#8221;3.23&#8243; animation=&#8221;off&#8221; border_style=&#8221;solid&#8221; sticky=&#8221;off&#8221; always_center_on_mobile=&#8221;on&#8221; _i=&#8221;1&#8243; _address=&#8221;2.1.0.1&#8243;][\/et_pb_image][\/et_pb_column][\/et_pb_row][\/et_pb_section]<\/p>\n","protected":false},"excerpt":{"rendered":"<p>[et_pb_section fb_built=&#8221;1&#8243; fullwidth=&#8221;on&#8221; _builder_version=&#8221;3.0.66&#8243; background_color=&#8221;#e02b20&#8243; global_module=&#8221;247&#8243; fb_built=&#8221;1&#8243; _i=&#8221;0&#8243; _address=&#8221;0&#8243;][et_pb_fullwidth_image src=&#8221;https:\/\/www.lopanner.com\/vda\/wp-content\/uploads\/2017\/09\/forno_home2.jpg&#8221; disabled_on=&#8221;on|on|&#8221; _builder_version=&#8221;3.0.87&#8243; animation=&#8221;off&#8221; border_style=&#8221;solid&#8221; _i=&#8221;0&#8243; _address=&#8221;0.0&#8243;][\/et_pb_fullwidth_image][et_pb_fullwidth_image src=&#8221;https:\/\/www.lopanner.com\/vda\/wp-content\/uploads\/2017\/09\/forno_home.jpg&#8221; disabled_on=&#8221;||on&#8221; _builder_version=&#8221;3.0.87&#8243; animation=&#8221;off&#8221; border_style=&#8221;solid&#8221; _i=&#8221;1&#8243; _address=&#8221;0.1&#8243;][\/et_pb_fullwidth_image][\/et_pb_section][et_pb_section fb_built=&#8221;1&#8243; _builder_version=&#8221;3.22&#8243; custom_padding=&#8221;30px|0px|40px|0px&#8221; fb_built=&#8221;1&#8243; _i=&#8221;1&#8243; _address=&#8221;1&#8243;][et_pb_row _builder_version=&#8221;3.25&#8243; background_size=&#8221;initial&#8221; background_position=&#8221;top_left&#8221; background_repeat=&#8221;repeat&#8221; custom_padding=&#8221;32px|0px|15px|0px&#8221; _i=&#8221;0&#8243; _address=&#8221;1.0&#8243;][et_pb_column type=&#8221;4_4&#8243; _builder_version=&#8221;3.25&#8243; custom_padding=&#8221;|||&#8221; _i=&#8221;0&#8243; _address=&#8221;1.0.0&#8243; custom_padding__hover=&#8221;|||&#8221;][et_pb_text admin_label=&#8221;La tradizione si rinnova&#8221; _builder_version=&#8221;3.27.4&#8243; header_font_size=&#8221;40px&#8221; header_font_size_phone=&#8221;25px&#8221; header_font_size_last_edited=&#8221;on|phone&#8221; _i=&#8221;0&#8243; _address=&#8221;1.0.0.0&#8243;] La tradizione si [&hellip;]<\/p>\n","protected":false},"author":4,"featured_media":0,"parent":0,"menu_order":0,"comment_status":"closed","ping_status":"closed","template":"","meta":{"_et_pb_use_builder":"on","_et_pb_old_content":"","_et_gb_content_width":""},"_links":{"self":[{"href":"https:\/\/lopanner.com\/vda\/wp-json\/wp\/v2\/pages\/3151"}],"collection":[{"href":"https:\/\/lopanner.com\/vda\/wp-json\/wp\/v2\/pages"}],"about":[{"href":"https:\/\/lopanner.com\/vda\/wp-json\/wp\/v2\/types\/page"}],"author":[{"embeddable":true,"href":"https:\/\/lopanner.com\/vda\/wp-json\/wp\/v2\/users\/4"}],"replies":[{"embeddable":true,"href":"https:\/\/lopanner.com\/vda\/wp-json\/wp\/v2\/comments?post=3151"}],"version-history":[{"count":7,"href":"https:\/\/lopanner.com\/vda\/wp-json\/wp\/v2\/pages\/3151\/revisions"}],"predecessor-version":[{"id":5816,"href":"https:\/\/lopanner.com\/vda\/wp-json\/wp\/v2\/pages\/3151\/revisions\/5816"}],"wp:attachment":[{"href":"https:\/\/lopanner.com\/vda\/wp-json\/wp\/v2\/media?parent=3151"}],"curies":[{"name":"wp","href":"https:\/\/api.w.org\/{rel}","templated":true}]}}