{"id":396,"date":"2017-08-30T16:24:40","date_gmt":"2017-08-30T14:24:40","guid":{"rendered":"http:\/\/www.lopanner.com\/vda\/?page_id=396"},"modified":"2023-06-23T17:50:39","modified_gmt":"2023-06-23T15:50:39","slug":"fare-il-pane","status":"publish","type":"page","link":"https:\/\/lopanner.com\/vda\/fare-il-pane\/","title":{"rendered":"Fare il pane"},"content":{"rendered":"<p>[et_pb_section fb_built=&#8221;1&#8243; fullwidth=&#8221;on&#8221; _builder_version=&#8221;3.0.66&#8243; background_color=&#8221;#e02b20&#8243; global_module=&#8221;247&#8243; locked=&#8221;off&#8221;][et_pb_fullwidth_image src=&#8221;https:\/\/www.lopanner.com\/vda\/wp-content\/uploads\/2017\/09\/forno_home2.jpg&#8221; disabled_on=&#8221;on|on|&#8221; _builder_version=&#8221;3.0.87&#8243; animation=&#8221;off&#8221; border_style=&#8221;solid&#8221;][\/et_pb_fullwidth_image][et_pb_fullwidth_image src=&#8221;https:\/\/www.lopanner.com\/vda\/wp-content\/uploads\/2017\/09\/forno_home.jpg&#8221; disabled_on=&#8221;||on&#8221; _builder_version=&#8221;3.0.87&#8243; animation=&#8221;off&#8221; border_style=&#8221;solid&#8221;][\/et_pb_fullwidth_image][\/et_pb_section][et_pb_section fb_built=&#8221;1&#8243; _builder_version=&#8221;3.22&#8243;][et_pb_row _builder_version=&#8221;3.25&#8243; background_size=&#8221;initial&#8221; background_position=&#8221;top_left&#8221; background_repeat=&#8221;repeat&#8221;][et_pb_column type=&#8221;4_4&#8243; _builder_version=&#8221;3.25&#8243; custom_padding=&#8221;|||&#8221; custom_padding__hover=&#8221;|||&#8221;][et_pb_text admin_label=&#8221;INSERIRE QUI TITOLO PAGINA&#8221; _builder_version=&#8221;3.27.4&#8243; header_font_size=&#8221;40px&#8221; header_font_size_tablet=&#8221;&#8221; header_font_size_phone=&#8221;25px&#8221; header_font_size_last_edited=&#8221;on|phone&#8221; border_style=&#8221;solid&#8221;]<\/p>\n<h1 style=\"text-align: center;\"><strong>FARE IL PANE<\/strong><\/h1>\n<p>[\/et_pb_text][et_pb_text admin_label=&#8221;TESTO PAGINA&#8221; _builder_version=&#8221;4.6.1&#8243; text_font_size=&#8221;19&#8243; text_line_height=&#8221;1.8em&#8221; hover_enabled=&#8221;0&#8243; border_style=&#8221;solid&#8221; sticky_enabled=&#8221;0&#8243;]<div id=\"attachment_398\" style=\"width: 310px\" class=\"wp-caption alignleft\"><img aria-describedby=\"caption-attachment-398\" loading=\"lazy\" class=\"wp-image-398 size-medium\" src=\"https:\/\/www.lopanner.com\/vda\/wp-content\/uploads\/2017\/08\/foto1-pane-300x300.jpg\" alt=\"\" width=\"300\" height=\"300\" srcset=\"https:\/\/lopanner.com\/vda\/wp-content\/uploads\/2017\/08\/foto1-pane-300x300.jpg 300w, https:\/\/lopanner.com\/vda\/wp-content\/uploads\/2017\/08\/foto1-pane-150x150.jpg 150w, https:\/\/lopanner.com\/vda\/wp-content\/uploads\/2017\/08\/foto1-pane-768x768.jpg 768w, https:\/\/lopanner.com\/vda\/wp-content\/uploads\/2017\/08\/foto1-pane.jpg 800w\" sizes=\"(max-width: 300px) 100vw, 300px\" \/><p id=\"caption-attachment-398\" class=\"wp-caption-text\">Rh\u00eames-Notre-Dame, 2015. Fabio Vauthier<\/p><\/div><\/p>\n<p><strong>\u201cFare il pane\u201d<\/strong><br \/>\u201cOra facciamo il pane\u201d: frase che si enunciava abitualmente allorch\u00e9 si intraprendeva l\u2019inizio della panificazione.<br \/>In particolare, come gi\u00e0 precisato nella precedente sezione, era consuetudine iniziare il 4 dicembre, a Santa Barbara, o comunque agli inizi di dicembre, preferibilmente in fase di luna calante, per ottenere migliori risultati.<br \/>La produzione media doveva soddisfare il consumo annuo, corrispondente a cento pani pro capite, ovvero un quintale di segale ad impasto. Da segnalare per\u00f2, che non tutti i nuclei familiari potevano permettersi siffatta quantit\u00e0.<br \/>Perci\u00f2, ci si indebitava per il pagamento, saldato in seguito grazie al ricavato della vendita di burro e formaggio.<\/p>\n<p>Di solito, la farina era ottenuta da grano locale o acquistata in pianura.<br \/>Quando possibile, si acquistava la farina setacciata \u201cdoppio zero\u201d.<br \/>Il pane di puro frumento\u00a0era una rarit\u00e0 ed era apprezzato come fosse un dolce. Era consuetudine utilizzare una mistura di farina di segale e di frumento. D\u2019altra parte, il pane di sola segale non era particolarmente apprezzato, perch\u00e9 lievitava meno e si induriva prima.<\/p>\n<p>Quindi, ci si accingeva all\u2019accensione dei forni collettivi per la cottura del pane nero della tradizione. In occasione delle festivit\u00e0 natalizie, le famiglie potevano presentare in tavola e apprezzare il pane ancora sufficientemente fresco, da poter essere tagliato a fette.<\/p>\n<p>Alcuni forni avevano un locale adibito alla panificazione definito la tsambra di pan\u00a0oppure\u00a0la\u00a0tsambra de cou\u00e9e.<br \/>Era una stanza molto sobria, con lo stretto necessario a disposizione: una stufa per scaldare l\u2019acqua, una madia senza coperchio in cui si impastava, un tavolo di legno con i bordi rialzati per trattenere la farina, dei ripiani in legno su cui si disponevano i pani per la lievitazione e, una volta estratti dal forno, per lasciarli raffreddare.<\/p>\n<p>La temperatura della\u00a0tsambra\u00a0doveva essere elevata per consentire la lievitazione del pane. Gli ingredienti utilizzati (lievito, acqua, farina) dovevano essere di buona qualit\u00e0.<br \/>Serviva acqua di torrente, priva di calcare, per rallentare la fermentazione.<\/p>\n<p>Prima di cuocere il pane, era indispensabile preparare il lievito madre. Nella zona di Saint-Vincent e Ch\u00e2tillon si usava il luppolo, che cresceva spontaneo nei campi.<br \/>La preparazione del lievito si affidava ad una donna anziana, dotata di indubbia esperienza.<br \/>Per favorire la fermentazione e la successiva trasformazione in lievito, bisognava lasciar riposare per il tempo necessario la segale miscelata con l\u2019acqua.<br \/>Spesso, si preparava il lievito gi\u00e0 dall\u2019anno precedente.<\/p>\n<p>\u201cQuando il pane non era lievitato bene, consumarlo era una penitenza; veniva definito\u00a0alis, pane azzimo\u201d. (Edwald Obert, Ayas, 1970)<\/p>\n<div id=\"attachment_399\" style=\"width: 310px\" class=\"wp-caption alignleft\"><img aria-describedby=\"caption-attachment-399\" loading=\"lazy\" class=\"wp-image-399 size-medium\" src=\"https:\/\/www.lopanner.com\/vda\/wp-content\/uploads\/2017\/08\/foto2-pane-300x300.jpg\" alt=\"\" width=\"300\" height=\"300\" srcset=\"https:\/\/lopanner.com\/vda\/wp-content\/uploads\/2017\/08\/foto2-pane-300x300.jpg 300w, https:\/\/lopanner.com\/vda\/wp-content\/uploads\/2017\/08\/foto2-pane-150x150.jpg 150w, https:\/\/lopanner.com\/vda\/wp-content\/uploads\/2017\/08\/foto2-pane-768x768.jpg 768w, https:\/\/lopanner.com\/vda\/wp-content\/uploads\/2017\/08\/foto2-pane.jpg 800w\" sizes=\"(max-width: 300px) 100vw, 300px\" \/><p id=\"caption-attachment-399\" class=\"wp-caption-text\">La Salle, 2015. Jaccod Giulia<\/p><\/div>\n<p>Gli uomini, per la loro spiccata forza fisica, impastavano vigorosamente gli ingredienti contenuti nella madia.<br \/>Poi, lasciavano lievitare e constatavano l\u2019avvenuta fermentazione semplicemente controllando se un fiammifero acceso avvicinato all\u2019impasto si spegneva.<\/p>\n<p>Quindi, le donne sollevavano il\u00a0past\u00f3n, lo posavano su un grande tavolo e lo coprivano con\u00a0un lenzuolo. Poi lavoravano l\u2019impasto con le mani.<\/p>\n<p>Con una paletta di legno o di ferro, si frazionava la pasta in pezzi pi\u00f9 piccoli, modellandoli sino ad ottenere le singole forme di pane. Talvolta, serviva la collaborazione di un maggior numero di persone, perch\u00e9 la lavorazione avveniva passandosi da una persona all\u2019altra le singole porzioni.<br \/>L\u2019ultimo della fila conferiva la forma dei pani, poi li disponeva in fila su assi sovrapposte, distanziandoli con spessori di legno. Una volta lavorata tutta la pasta, la si ricopriva con un telo e si aspettava con pazienza la seconda lievitazione.<br \/>Ogni pane veniva inciso con uno o due tagli in mezzo, mentre qualcuno faceva un segno al centro, pizzicando la pasta con le dita.<\/p>\n<div id=\"attachment_400\" style=\"width: 310px\" class=\"wp-caption alignleft\"><img aria-describedby=\"caption-attachment-400\" loading=\"lazy\" class=\"wp-image-400 size-medium\" src=\"https:\/\/www.lopanner.com\/vda\/wp-content\/uploads\/2017\/08\/foto3-pane-300x201.jpg\" alt=\"\" width=\"300\" height=\"201\" srcset=\"https:\/\/lopanner.com\/vda\/wp-content\/uploads\/2017\/08\/foto3-pane-300x201.jpg 300w, https:\/\/lopanner.com\/vda\/wp-content\/uploads\/2017\/08\/foto3-pane-768x516.jpg 768w, https:\/\/lopanner.com\/vda\/wp-content\/uploads\/2017\/08\/foto3-pane.jpg 800w\" sizes=\"(max-width: 300px) 100vw, 300px\" \/><p id=\"caption-attachment-400\" class=\"wp-caption-text\">La Salle, 2015. Attilio Tampan<\/p><\/div>\n<p>Si usavano anche degli stampi con disegni o iniziali impressi su\u00a0un lato del pane: impronte di riconoscimento, quando pi\u00f9 persone panificavano congiuntamente.<br \/>Finalmente, iniziava la tanto attesa infornata.<br \/>La stima del grado di cottura, avveniva grazie ad un pratico e semplice gesto: eseguire dei colpetti sul pane con le nocchie delle mani e, in base al suono emesso, si percepiva<br \/>Il punto di cottura. Si poteva capirlo anche dalla leggerezza del pane, soppesato con una mano.<\/p>\n<p>&nbsp;<\/p>\n<p>&nbsp;<\/p>\n<blockquote>\n<p class=\"p4\"><i>\u00ab \u2026On embauchait des filles, boulang\u00e8res d\u2019occasion,\u00a0<\/i>le<i> <\/i>panat\u00e9re<i>, pour aider la famille \u00e0 p\u00e9trir le pain. Le travail pouvait durer toute la journ\u00e9e et m\u00eame la nuit \u00bb<br \/><\/i><i>\u201c \u2026 si assumevano delle ragazze, panettiere d\u2019occasione,\u00a0<\/i>le panat\u00e9re<i>, per aiutare la famiglia a impastare il pane. Il lavoro poteva durare tutta la giornata e continuare di notte\u201d . Cassette n\u00b0 674 e n\u00b0 1222\u00a0<span class=\"Apple-converted-space\">\u00a0 \u00a0 \u00a0\u00a0<\/span>Data : 1983 \u00a0 \u00a0Informatore: Jean Guichardaz, Cogne<\/i><\/p>\n<\/blockquote>\n<p class=\"p1\">\n<p>&nbsp;<\/p>\n<p class=\"p1\"><div id=\"attachment_401\" style=\"width: 310px\" class=\"wp-caption alignleft\"><img aria-describedby=\"caption-attachment-401\" loading=\"lazy\" class=\"wp-image-401 size-medium\" src=\"https:\/\/www.lopanner.com\/vda\/wp-content\/uploads\/2017\/08\/Grand-Villa-7-300x199.jpg\" alt=\"\" width=\"300\" height=\"199\" srcset=\"https:\/\/lopanner.com\/vda\/wp-content\/uploads\/2017\/08\/Grand-Villa-7-300x199.jpg 300w, https:\/\/lopanner.com\/vda\/wp-content\/uploads\/2017\/08\/Grand-Villa-7-768x511.jpg 768w, https:\/\/lopanner.com\/vda\/wp-content\/uploads\/2017\/08\/Grand-Villa-7-1024x681.jpg 1024w, https:\/\/lopanner.com\/vda\/wp-content\/uploads\/2017\/08\/Grand-Villa-7-1080x718.jpg 1080w\" sizes=\"(max-width: 300px) 100vw, 300px\" \/><p id=\"caption-attachment-401\" class=\"wp-caption-text\">Verrayes, 2015. Wanda Chapellu<\/p><\/div><\/p>\n<p class=\"p1\">\n<p>&nbsp;<\/p>\n<p>&nbsp;<\/p>\n<p>&nbsp;<\/p>\n<p class=\"p1\">\n<p class=\"p8\"><b>GLOSSAIRE<\/b><\/p>\n<p>&nbsp;<\/p>\n<table>\n<tbody>\n<tr>\n<td>asse<\/td>\n<td>lan<\/td>\n<\/tr>\n<tr>\n<td>fare il pane<\/td>\n<td>f\u00e9ye le pan\/f\u00e9e le pan<\/td>\n<\/tr>\n<tr>\n<td>fermentare<\/td>\n<td>sopouegn\u00e9<\/td>\n<\/tr>\n<tr>\n<td>grosso pane di pasta<\/td>\n<td>pat\u00f3n\/pah\u00f3n<\/td>\n<\/tr>\n<tr>\n<td>impastare<\/td>\n<td>br\u00e8y\u00ec\/br\u00e8y\u00e9\/pahoun-\u00e9<\/td>\n<\/tr>\n<tr>\n<td>levitare<\/td>\n<td>l\u00e9v\u00e9\/l\u00e9\u00e9<\/td>\n<\/tr>\n<tr>\n<td>lievito madre<\/td>\n<td>lev\u00e0n<\/td>\n<\/tr>\n<tr>\n<td>madia<\/td>\n<td>mi\/ma<\/td>\n<\/tr>\n<tr>\n<td>marca del pane<\/td>\n<td>marca dou pan \/marca di pan<\/td>\n<\/tr>\n<tr>\n<td>marcare i pani<\/td>\n<td>marqu\u00e9 le pan<\/td>\n<\/tr>\n<tr>\n<td>pala da forno<\/td>\n<td>pala\/ pola<\/td>\n<\/tr>\n<tr>\n<td>paletta per la farina<\/td>\n<td>potse<\/td>\n<\/tr>\n<tr>\n<td>pane<\/td>\n<td>pan<\/td>\n<\/tr>\n<tr>\n<td>pasta del pane<\/td>\n<td>p\u00e2ta\/poha<\/td>\n<\/tr>\n<tr>\n<td>radimadia<\/td>\n<td>paletta\/rap\u00e9\/rapetta<\/td>\n<\/tr>\n<tr>\n<td>ripiano per i pani<\/td>\n<td>tabl\u00e8\/tabl\u00e9<\/td>\n<\/tr>\n<tr>\n<td>setacciare<\/td>\n<td>tamij\u00ec\/tamou\u00e9j\u00e9<\/td>\n<\/tr>\n<tr>\n<td>stanza di panificazione<\/td>\n<td>pasteun<\/td>\n<\/tr>\n<tr>\n<td>tavolo con bordi<\/td>\n<td>t\u00f4la\/tobla<\/td>\n<\/tr>\n<\/tbody>\n<\/table>\n<p>[\/et_pb_text][\/et_pb_column][\/et_pb_row][\/et_pb_section][et_pb_section fb_built=&#8221;1&#8243; _builder_version=&#8221;3.22&#8243; custom_padding=&#8221;0px|0px|64px|0px&#8221;][et_pb_row _builder_version=&#8221;3.25&#8243; background_size=&#8221;initial&#8221; background_position=&#8221;top_left&#8221; background_repeat=&#8221;repeat&#8221; global_module=&#8221;343&#8243;][et_pb_column type=&#8221;4_4&#8243; _builder_version=&#8221;3.0.47&#8243; background_position=&#8221;top_left&#8221; custom_padding=&#8221;|||&#8221; custom_padding__hover=&#8221;|||&#8221;][et_pb_image src=&#8221;https:\/\/www.lopanner.com\/vda\/wp-content\/uploads\/2017\/08\/intangiblesearch.png&#8221; url=&#8221;http:\/\/www.intangiblesearch.eu\/search\/show_ich_detail.php?db_name=intangible_search&#038;lingua=italiano&#038;idk=ICH-DST00-0000000292&#8243; url_new_window=&#8221;on&#8221; align=&#8221;center&#8221; align_tablet=&#8221;center&#8221; align_phone=&#8221;&#8221; align_last_edited=&#8221;on|desktop&#8221; admin_label=&#8221;LOGO INSTANGIBLE SEARCH&#8221; _builder_version=&#8221;3.29.2&#8243; width=&#8221;400px&#8221; max_width=&#8221;400px&#8221; animation=&#8221;off&#8221; border_style=&#8221;solid&#8221; sticky=&#8221;off&#8221; always_center_on_mobile=&#8221;on&#8221;][\/et_pb_image][et_pb_image src=&#8221;https:\/\/lopanner.com\/vda\/wp-content\/uploads\/2022\/09\/Loghi-generali2022_web.jpg&#8221; title_text=&#8221;Loghi-generali2022_web&#8221; align=&#8221;center&#8221; align_tablet=&#8221;center&#8221; align_phone=&#8221;&#8221; align_last_edited=&#8221;on|desktop&#8221; admin_label=&#8221;LOGHI UNIONE EUROPEA&#8221; _builder_version=&#8221;4.6.1&#8243; animation=&#8221;off&#8221; border_style=&#8221;solid&#8221; sticky=&#8221;off&#8221; always_center_on_mobile=&#8221;on&#8221;][\/et_pb_image][\/et_pb_column][\/et_pb_row][\/et_pb_section]<\/p>\n","protected":false},"excerpt":{"rendered":"<p>[et_pb_section fb_built=&#8221;1&#8243; fullwidth=&#8221;on&#8221; _builder_version=&#8221;3.0.66&#8243; background_color=&#8221;#e02b20&#8243; global_module=&#8221;247&#8243; locked=&#8221;off&#8221;][et_pb_fullwidth_image src=&#8221;https:\/\/www.lopanner.com\/vda\/wp-content\/uploads\/2017\/09\/forno_home2.jpg&#8221; disabled_on=&#8221;on|on|&#8221; _builder_version=&#8221;3.0.87&#8243; animation=&#8221;off&#8221; border_style=&#8221;solid&#8221;][\/et_pb_fullwidth_image][et_pb_fullwidth_image src=&#8221;https:\/\/www.lopanner.com\/vda\/wp-content\/uploads\/2017\/09\/forno_home.jpg&#8221; disabled_on=&#8221;||on&#8221; _builder_version=&#8221;3.0.87&#8243; animation=&#8221;off&#8221; border_style=&#8221;solid&#8221;][\/et_pb_fullwidth_image][\/et_pb_section][et_pb_section fb_built=&#8221;1&#8243; _builder_version=&#8221;3.22&#8243;][et_pb_row _builder_version=&#8221;3.25&#8243; background_size=&#8221;initial&#8221; background_position=&#8221;top_left&#8221; background_repeat=&#8221;repeat&#8221;][et_pb_column type=&#8221;4_4&#8243; _builder_version=&#8221;3.25&#8243; custom_padding=&#8221;|||&#8221; custom_padding__hover=&#8221;|||&#8221;][et_pb_text admin_label=&#8221;INSERIRE QUI TITOLO PAGINA&#8221; _builder_version=&#8221;3.27.4&#8243; header_font_size=&#8221;40px&#8221; header_font_size_tablet=&#8221;&#8221; header_font_size_phone=&#8221;25px&#8221; header_font_size_last_edited=&#8221;on|phone&#8221; border_style=&#8221;solid&#8221;] FARE IL PANE [\/et_pb_text][et_pb_text admin_label=&#8221;TESTO PAGINA&#8221; _builder_version=&#8221;4.6.1&#8243; text_font_size=&#8221;19&#8243; text_line_height=&#8221;1.8em&#8221; hover_enabled=&#8221;0&#8243; border_style=&#8221;solid&#8221; sticky_enabled=&#8221;0&#8243;] \u201cFare il pane\u201d\u201cOra facciamo il pane\u201d: [&hellip;]<\/p>\n","protected":false},"author":1,"featured_media":0,"parent":0,"menu_order":0,"comment_status":"closed","ping_status":"closed","template":"","meta":{"_et_pb_use_builder":"on","_et_pb_old_content":"","_et_gb_content_width":""},"_links":{"self":[{"href":"https:\/\/lopanner.com\/vda\/wp-json\/wp\/v2\/pages\/396"}],"collection":[{"href":"https:\/\/lopanner.com\/vda\/wp-json\/wp\/v2\/pages"}],"about":[{"href":"https:\/\/lopanner.com\/vda\/wp-json\/wp\/v2\/types\/page"}],"author":[{"embeddable":true,"href":"https:\/\/lopanner.com\/vda\/wp-json\/wp\/v2\/users\/1"}],"replies":[{"embeddable":true,"href":"https:\/\/lopanner.com\/vda\/wp-json\/wp\/v2\/comments?post=396"}],"version-history":[{"count":14,"href":"https:\/\/lopanner.com\/vda\/wp-json\/wp\/v2\/pages\/396\/revisions"}],"predecessor-version":[{"id":7910,"href":"https:\/\/lopanner.com\/vda\/wp-json\/wp\/v2\/pages\/396\/revisions\/7910"}],"wp:attachment":[{"href":"https:\/\/lopanner.com\/vda\/wp-json\/wp\/v2\/media?parent=396"}],"curies":[{"name":"wp","href":"https:\/\/api.w.org\/{rel}","templated":true}]}}