{"id":428,"date":"2017-08-31T16:49:15","date_gmt":"2017-08-31T14:49:15","guid":{"rendered":"http:\/\/www.lopanner.com\/vda\/?page_id=428"},"modified":"2023-06-23T17:58:02","modified_gmt":"2023-06-23T15:58:02","slug":"pane-bambini","status":"publish","type":"page","link":"https:\/\/lopanner.com\/vda\/pane-bambini\/","title":{"rendered":"Pane &#038; Bambini"},"content":{"rendered":"<p>[et_pb_section fb_built=&#8221;1&#8243; fullwidth=&#8221;on&#8221; _builder_version=&#8221;3.0.66&#8243; background_color=&#8221;#e02b20&#8243; global_module=&#8221;247&#8243; locked=&#8221;off&#8221;][et_pb_fullwidth_image src=&#8221;https:\/\/www.lopanner.com\/vda\/wp-content\/uploads\/2017\/09\/forno_home2.jpg&#8221; disabled_on=&#8221;on|on|&#8221; _builder_version=&#8221;3.0.87&#8243; animation=&#8221;off&#8221; border_style=&#8221;solid&#8221;][\/et_pb_fullwidth_image][et_pb_fullwidth_image src=&#8221;https:\/\/www.lopanner.com\/vda\/wp-content\/uploads\/2017\/09\/forno_home.jpg&#8221; disabled_on=&#8221;||on&#8221; _builder_version=&#8221;3.0.87&#8243; animation=&#8221;off&#8221; border_style=&#8221;solid&#8221;][\/et_pb_fullwidth_image][\/et_pb_section][et_pb_section fb_built=&#8221;1&#8243; _builder_version=&#8221;3.22&#8243; custom_padding=&#8221;30px|0px|40px|0px&#8221;][et_pb_row _builder_version=&#8221;3.25&#8243; background_size=&#8221;initial&#8221; background_position=&#8221;top_left&#8221; background_repeat=&#8221;repeat&#8221; custom_padding=&#8221;32px|0px|15px|0px&#8221;][et_pb_column type=&#8221;4_4&#8243; _builder_version=&#8221;3.25&#8243; custom_padding=&#8221;|||&#8221; custom_padding__hover=&#8221;|||&#8221;][et_pb_text admin_label=&#8221;INSERIRE QUI TITOLO PAGINA&#8221; _builder_version=&#8221;3.27.4&#8243; header_font_size=&#8221;40px&#8221; header_font_size_tablet=&#8221;&#8221; header_font_size_phone=&#8221;25px&#8221; header_font_size_last_edited=&#8221;on|phone&#8221; border_style=&#8221;solid&#8221;]<\/p>\n<h1 style=\"text-align: center;\"><strong>Pane &amp; Bambini<\/strong><\/h1>\n<p>[\/et_pb_text][\/et_pb_column][\/et_pb_row][et_pb_row _builder_version=&#8221;3.25&#8243; background_size=&#8221;initial&#8221; background_position=&#8221;top_left&#8221; background_repeat=&#8221;repeat&#8221;][et_pb_column type=&#8221;4_4&#8243; _builder_version=&#8221;3.25&#8243; custom_padding=&#8221;|||&#8221; custom_padding__hover=&#8221;|||&#8221;][et_pb_text admin_label=&#8221;TESTO E FOTO DELLA PAGINA&#8221; _builder_version=&#8221;4.6.1&#8243; text_font_size=&#8221;19&#8243; text_line_height=&#8221;1.8em&#8221; hover_enabled=&#8221;0&#8243; border_style=&#8221;solid&#8221; sticky_enabled=&#8221;0&#8243;]<\/p>\n<p><strong>\u201cPane e Bambini\u201d<\/strong><br \/>L\u2019anno agrario iniziava in occasione della festa di Sant\u2019Antonio, circa quindici giorni dopo Capodanno, ecco perch\u00e9 non si trattava di una ricorrenza particolarmente riconosciuta. Invece, Capodanno era celebrato come il giorno delle strenne, rigorosamente destinate ai bambini, che auguravano felice anno nuovo agli adulti recitando la filastrocca \u2018tchica de tr\u00e8ina d\u2019an,\u00a0n\u2019i panco vu-n\u00e8n pe sit an\u2019 una strenna per il nuovo anno, non ne ho ancora avute per quest\u2019anno\u2019.<br \/>Invece, per i piccoli della comunit\u00e0 walser, di tradizione germanica, il vero rituale dei doni avveniva il 6 dicembre, a San Nicola, mentre per tutti gli altri si aspettava l\u2019Epifania, con l\u2019arrivo dei Re Magi.<br \/>Anche per i bambini, in trepidante attesa dell\u2019evento, l\u2019inizio della cottura del pane era un momento di condivisione intergenerazionale. Nella penombra e al calore dei locali, i bambini contrastavano il sonno, in attesa di vedere e di assaggiare i loro piccoli pani appena sfornati e ancora caldi. Spesso, per alcuni di loro, era addirittura l\u2019unica occasione per assaporare qualcosa di dolce.<br \/>\u201cDa noi non si facevano n\u00e9 il gr\u00e9ich\u00e8n n\u00e9 altri dolci, non c\u2019erano soldi per farli; quando il pane era molto duro, per noi bambini lo si metteva nell\u2019acqua o nel latte per ammorbidirlo\u00bb. (Lidia Perrod, Courmayeur, 12\/12\/2011)<\/p>\n<p>Spesso per i bimbi valdostani, un dolce era\u00a0semplicemente in un pezzo di pane spalmato con burro oppure, quando quest\u2019ultimo era fuso al punto giusto, la mamma vi inzuppava alcuni pezzetti di pane nero duro che poi estraeva subito. Era poco, ma per loro si trattava di una prelibatezza. (Gignod)<\/p>\n<div id=\"attachment_430\" style=\"width: 235px\" class=\"wp-caption alignleft\"><img aria-describedby=\"caption-attachment-430\" loading=\"lazy\" class=\"wp-image-430 size-medium\" src=\"http:\/\/www.lopanner.com\/vda\/wp-content\/uploads\/2017\/08\/foto2-bambini-225x300.jpg\" alt=\"\" width=\"225\" height=\"300\" srcset=\"https:\/\/lopanner.com\/vda\/wp-content\/uploads\/2017\/08\/foto2-bambini-225x300.jpg 225w, https:\/\/lopanner.com\/vda\/wp-content\/uploads\/2017\/08\/foto2-bambini.jpg 540w\" sizes=\"(max-width: 225px) 100vw, 225px\" \/><p id=\"caption-attachment-430\" class=\"wp-caption-text\">Aosta, 2015. Concorso.<\/p><\/div>\n<p>Oltre al classico pane di segale, gli adulti impastavano anche alcune pagnottelle zuccherate, a cui conferivano forme diverse, come galletti o altri animali. Nel frattempo, i\u00a0pargoli contribuivano, inserendo nei piccoli pani fagioli o pezzettini di carbone, al posto degli occhi. Con un rametto di legno disegnavano delle ali oppure dei quadratini, fiori e stelle. D\u2019altra parte, le bambine creavano dolci a forma di bambola o di treccia.<\/p>\n<p>\u201cAutrefois on faisait des flantse. Pour cela faire, il fallait pr\u00e9parer des p\u00e2tons avec tr\u00e8s peu de levain et fa\u00e7onner la p\u00e2te assez dure pour qu\u2019elle ne l\u00e8ve pas. Ces pains ne gonflaient pas, ils restaient plats\u00a0\u201c.<\/p>\n<p>\u201cUna volta si cuocevano le flantse, si doveva preparare un impasto con poco lievito e lavorare la pasta di modo che restasse un po\u2019 dura per non farla lievitare. Questi pani non gonfiavano, restavano piatti\u201d.<\/p>\n<p>\u201cPer fare le flantse si aggiungeva del latte, delle volte un po\u2019 di farina di frumento e zucchero oppure dell\u2019olio di mais, ma non troppo altrimenti i pani diventano rancidi.\u00a0\u00a0Si facevano anche i flantch\u00f3n, erano la stessa cosa ma di pezzatura pi\u00f9 piccola\u201d. (Rosina Thomasset, Saint-Nicolas, 2015)<\/p>\n<p>Da sempre, a Cogne si inforna il\u00a0\u201cm\u00e9coul\u00ecn\u201d: un tipico pane dolce, di origine antichissima,\u00a0realizzato con farina, latte, panna, uvetta e liquore, di cui si riporter\u00e0 la ricetta, pi\u00f9 avanti nel presente testo.<\/p>\n<p>\u201cOltre al pane ordinario si producevano le mecque, pane dolce con castagne, nocciole, noci e a volte semi di carvi che lo rendevano pi\u00f9 digeribile\u201d. (Mario Vassoney 1993)<\/p>\n<p>&nbsp;<\/p>\n<p><strong>La storia delle \u2018piate\u2019<\/strong><\/p>\n<p>Le\u00a0Piate\u00a0di Issogne<br \/>Il nome della \u201cpiate\u201d, dolce di Issogne, \u00e8 legato a quello di Assunto Dublanc (Arnad 1931- Issogne 1999), che, verso la fine degli anni \u201960 del secolo scorso, le ha riscoperte e diffuse in tutta la Valle. Nella frazione in cui abitava, a Les Mariettes di Issogne, era stato costruito dal nonno della moglie Romana, un forno a legna che,\u00a0nonostante fosse privato, era utilizzato anche da altre famiglie dei dintorni. Queste venivano a cuocere il pane nero, arricchendolo a volte con burro, zucchero e frutta o con verdura e salumi. Dopo molti anni che il forno era stato inattivo, Assunto decise di produrre del pane da vendere, che gli permettesse di integrare il suo stipendio da operaio, per il sostentamento della numerosa famiglia. L\u2019idea non era quella di produrre del pane ordinario, ma qualcosa di originale, sebbene ispirato dalla tradizione locale. Egli stesso era stato colpito dalla diversit\u00e0 dei prodotti portati dalle persone che si appressavano al forno, che mescolavano all\u2019impasto o che disponevano sulla superficie prima della cottura. Spesso, le forme erano quelle di bambole o visi: in questo caso l\u2019impasto era dolce, con zucchero e talora uvetta. Ovviamente, era tutto a base di farina di frumento integrale. Come gi\u00e0 detto, si usava anche inserirvi salumi, ortaggi e spezie.<br \/>Dopo vari tentativi, Dublanc decise di produrre il miccot, un pane con castagne secche diffuso in altre zone della Valle d\u2019Aosta, e altri due prodotti ispirati alla tradizione locale: la \u201cpiata\u201d dolce e la \u201cpiata\u201d salata.<br \/>La prima, sottile, conteneva nell\u2019 impasto tanto burro, uvetta e noci, mentre sulla superficie di forma rettangolare, si aggiungevano mele, arricchite da una glassa di zucchero.<\/p>\n<p>La seconda, salata, includeva aglio e sale ed era aromatizzata con il cumino (tseurio,\u00a0in patois). Questa versione era dura e aveva una forma bassa e circolare, con alcuni tagli sulla superficie a formare numerosi rombi.<br \/>La variet\u00e0 dolce, rispetto a quella analoga che si produce attualmente, era pi\u00f9 sottile e conteneva pi\u00f9 burro, oltre ad essere rettangolare e non ovale.<br \/>Entrambe, la dolce e la salata, fanno parte della tradizione locale, con la differenza\u00a0che in passato avevano forme e ingredienti diversi, in base ai gusti e alle abitudini delle famiglie.<br \/>Assunto ha cercato di realizzare prodotti conformi alla vendita, identificando gli ingredienti e le caratteristiche dell\u2019usanza popolare mantenuta nel tempo.<br \/>Grazie a lui, che ha partecipato a manifestazioni di prodotti locali e ricevuto svariati premi, le\u00a0piate\u00a0sono state apprezzate anche fuori dalla nostra regione.<br \/>All\u2019 inizio la\u00a0piata\u00a0dolce era chiamata \u201cfocaccia valdostana\u201d, ma \u00e8 sempre stata identificata come\u00a0\u201cPiata\u00a0di Issogne\u201d<\/p>\n<p><strong>Le\u00a0piate\u00a0oggi<\/strong><\/p>\n<p>Oggi la\u00a0piata, sia dolce che salata, viene prodotta da panifici locali e da alcune famiglie, che hanno recuperato l\u2019usanza di cuocerla quando si prepara il pane di segale o di frumento nei\u00a0tradizionali forni di villaggio.<\/p>\n<blockquote data-secret=\"SSdru2NNIm\" class=\"wp-embedded-content\"><p><a href=\"http:\/\/www.comune.issogne.ao.it\/?page_id=83\">Gastronomia<\/a><\/p><\/blockquote>\n<p><iframe class=\"wp-embedded-content\" sandbox=\"allow-scripts\" security=\"restricted\" style=\"position: absolute; clip: rect(1px, 1px, 1px, 1px);\" src=\"http:\/\/www.comune.issogne.ao.it\/?page_id=83&#038;embed=true#?secret=SSdru2NNIm\" data-secret=\"SSdru2NNIm\" width=\"600\" height=\"338\" title=\"&#8220;Gastronomia&#8221; &#8212; Sito Istituzionale del Comune di Issogne - Regione Autonoma Valle d&#039;Aosta\" frameborder=\"0\" marginwidth=\"0\" marginheight=\"0\" scrolling=\"no\"><\/iframe><\/p>\n<p>&nbsp;<\/p>\n<div id=\"attachment_431\" style=\"width: 686px\" class=\"wp-caption alignnone\"><img aria-describedby=\"caption-attachment-431\" loading=\"lazy\" class=\"wp-image-431 size-full\" src=\"http:\/\/www.lopanner.com\/vda\/wp-content\/uploads\/2017\/08\/foto6-bambini-e1473313464650.jpg\" alt=\"\" width=\"676\" height=\"900\" srcset=\"https:\/\/lopanner.com\/vda\/wp-content\/uploads\/2017\/08\/foto6-bambini-e1473313464650.jpg 676w, https:\/\/lopanner.com\/vda\/wp-content\/uploads\/2017\/08\/foto6-bambini-e1473313464650-225x300.jpg 225w\" sizes=\"(max-width: 676px) 100vw, 676px\" \/><p id=\"caption-attachment-431\" class=\"wp-caption-text\">TROVA L \u2018INTRUSO Rh\u00eames-Notre-Dame 2015. Fabio Vauthier<\/p><\/div>\n<p class=\"p1\"><strong>Glossario<\/strong><\/p>\n<table>\n<tbody>\n<tr>\n<td>Pane per bambini<\/td>\n<td>\u00a0Poulicco, dzeleunna, pouetta, tr\u00e8he<\/td>\n<\/tr>\n<tr>\n<td>Pane dolce<\/td>\n<td>\u00a0\u00a0Flantse\/flants\u00f2n\/gr\u00e9ich\u00e8n\/ mecque\/micooula\/m\u00e9coul\u00ecn<\/td>\n<\/tr>\n<tr>\n<td>Pane dolce con frutta secca, burro e zucchero<\/td>\n<td>\u00a0Le gr\u00e9ich\u00e8n\u00a0(Valdigne)<\/td>\n<\/tr>\n<tr>\n<td>Pane dolce con frumento, latte, zucchero<\/td>\n<td>\u00a0Flantse\/flantch\u00f3n\u00a0(Saint-Nicolas)<\/td>\n<\/tr>\n<tr>\n<td>Pane dolce con castagne, nocciole, noci<\/td>\n<td>\u00a0Mecque<\/td>\n<\/tr>\n<tr>\n<td>Pane dolce con farina di frumento, farina di segale, castagne, fichi, noci, uvetta<\/td>\n<td>\u00a0La\u00a0micooula\u00a0(H\u00f4ne)<\/td>\n<\/tr>\n<tr>\n<td>Pane dolce con burro, zucchero e frutta<\/td>\n<td>\u00a0Le\u00a0piate\u00a0dolci (Issogne)<\/td>\n<\/tr>\n<tr>\n<td>Pane con castagne secche<\/td>\n<td>\u00a0Micot\u00a0(Issogne)<\/td>\n<\/tr>\n<tr>\n<td>Pane dolce con latte, panna, uova, uvetta<\/td>\n<td>\u00a0Lou m\u00e9coul\u00ecn\u00a0(Cogne)<\/td>\n<\/tr>\n<\/tbody>\n<\/table>\n<p>[\/et_pb_text][\/et_pb_column][\/et_pb_row][\/et_pb_section][et_pb_section fb_built=&#8221;1&#8243; _builder_version=&#8221;3.22&#8243; custom_padding=&#8221;0px|0px|64px|0px&#8221;][et_pb_row _builder_version=&#8221;3.25&#8243; background_size=&#8221;initial&#8221; background_position=&#8221;top_left&#8221; background_repeat=&#8221;repeat&#8221; global_module=&#8221;343&#8243;][et_pb_column type=&#8221;4_4&#8243; _builder_version=&#8221;3.0.47&#8243; background_position=&#8221;top_left&#8221; custom_padding=&#8221;|||&#8221; custom_padding__hover=&#8221;|||&#8221;][et_pb_image src=&#8221;https:\/\/www.lopanner.com\/vda\/wp-content\/uploads\/2017\/08\/intangiblesearch.png&#8221; url=&#8221;http:\/\/www.intangiblesearch.eu\/search\/show_ich_detail.php?db_name=intangible_search&#038;lingua=italiano&#038;idk=ICH-DST00-0000000292&#8243; url_new_window=&#8221;on&#8221; align=&#8221;center&#8221; align_tablet=&#8221;center&#8221; align_phone=&#8221;&#8221; align_last_edited=&#8221;on|desktop&#8221; admin_label=&#8221;LOGO INSTANGIBLE SEARCH&#8221; _builder_version=&#8221;3.29.2&#8243; width=&#8221;400px&#8221; max_width=&#8221;400px&#8221; animation=&#8221;off&#8221; border_style=&#8221;solid&#8221; sticky=&#8221;off&#8221; always_center_on_mobile=&#8221;on&#8221;][\/et_pb_image][et_pb_image src=&#8221;https:\/\/lopanner.com\/vda\/wp-content\/uploads\/2022\/09\/Loghi-generali2022_web.jpg&#8221; title_text=&#8221;Loghi-generali2022_web&#8221; align=&#8221;center&#8221; align_tablet=&#8221;center&#8221; align_phone=&#8221;&#8221; align_last_edited=&#8221;on|desktop&#8221; admin_label=&#8221;LOGHI UNIONE EUROPEA&#8221; _builder_version=&#8221;4.6.1&#8243; animation=&#8221;off&#8221; border_style=&#8221;solid&#8221; sticky=&#8221;off&#8221; always_center_on_mobile=&#8221;on&#8221;][\/et_pb_image][\/et_pb_column][\/et_pb_row][\/et_pb_section][et_pb_section fb_built=&#8221;1&#8243; _builder_version=&#8221;3.22&#8243;][et_pb_row _builder_version=&#8221;3.25&#8243; background_size=&#8221;initial&#8221; background_position=&#8221;top_left&#8221; background_repeat=&#8221;repeat&#8221;][\/et_pb_row][\/et_pb_section]<\/p>\n","protected":false},"excerpt":{"rendered":"<p>[et_pb_section fb_built=&#8221;1&#8243; fullwidth=&#8221;on&#8221; _builder_version=&#8221;3.0.66&#8243; background_color=&#8221;#e02b20&#8243; global_module=&#8221;247&#8243; locked=&#8221;off&#8221;][et_pb_fullwidth_image src=&#8221;https:\/\/www.lopanner.com\/vda\/wp-content\/uploads\/2017\/09\/forno_home2.jpg&#8221; disabled_on=&#8221;on|on|&#8221; _builder_version=&#8221;3.0.87&#8243; animation=&#8221;off&#8221; border_style=&#8221;solid&#8221;][\/et_pb_fullwidth_image][et_pb_fullwidth_image src=&#8221;https:\/\/www.lopanner.com\/vda\/wp-content\/uploads\/2017\/09\/forno_home.jpg&#8221; disabled_on=&#8221;||on&#8221; _builder_version=&#8221;3.0.87&#8243; animation=&#8221;off&#8221; border_style=&#8221;solid&#8221;][\/et_pb_fullwidth_image][\/et_pb_section][et_pb_section fb_built=&#8221;1&#8243; _builder_version=&#8221;3.22&#8243; custom_padding=&#8221;30px|0px|40px|0px&#8221;][et_pb_row _builder_version=&#8221;3.25&#8243; background_size=&#8221;initial&#8221; background_position=&#8221;top_left&#8221; background_repeat=&#8221;repeat&#8221; custom_padding=&#8221;32px|0px|15px|0px&#8221;][et_pb_column type=&#8221;4_4&#8243; _builder_version=&#8221;3.25&#8243; custom_padding=&#8221;|||&#8221; custom_padding__hover=&#8221;|||&#8221;][et_pb_text admin_label=&#8221;INSERIRE QUI TITOLO PAGINA&#8221; _builder_version=&#8221;3.27.4&#8243; header_font_size=&#8221;40px&#8221; header_font_size_tablet=&#8221;&#8221; header_font_size_phone=&#8221;25px&#8221; header_font_size_last_edited=&#8221;on|phone&#8221; border_style=&#8221;solid&#8221;] Pane &amp; Bambini [\/et_pb_text][\/et_pb_column][\/et_pb_row][et_pb_row _builder_version=&#8221;3.25&#8243; background_size=&#8221;initial&#8221; background_position=&#8221;top_left&#8221; background_repeat=&#8221;repeat&#8221;][et_pb_column type=&#8221;4_4&#8243; _builder_version=&#8221;3.25&#8243; custom_padding=&#8221;|||&#8221; custom_padding__hover=&#8221;|||&#8221;][et_pb_text admin_label=&#8221;TESTO E FOTO DELLA [&hellip;]<\/p>\n","protected":false},"author":1,"featured_media":0,"parent":0,"menu_order":0,"comment_status":"closed","ping_status":"closed","template":"","meta":{"_et_pb_use_builder":"on","_et_pb_old_content":"","_et_gb_content_width":""},"_links":{"self":[{"href":"https:\/\/lopanner.com\/vda\/wp-json\/wp\/v2\/pages\/428"}],"collection":[{"href":"https:\/\/lopanner.com\/vda\/wp-json\/wp\/v2\/pages"}],"about":[{"href":"https:\/\/lopanner.com\/vda\/wp-json\/wp\/v2\/types\/page"}],"author":[{"embeddable":true,"href":"https:\/\/lopanner.com\/vda\/wp-json\/wp\/v2\/users\/1"}],"replies":[{"embeddable":true,"href":"https:\/\/lopanner.com\/vda\/wp-json\/wp\/v2\/comments?post=428"}],"version-history":[{"count":5,"href":"https:\/\/lopanner.com\/vda\/wp-json\/wp\/v2\/pages\/428\/revisions"}],"predecessor-version":[{"id":7921,"href":"https:\/\/lopanner.com\/vda\/wp-json\/wp\/v2\/pages\/428\/revisions\/7921"}],"wp:attachment":[{"href":"https:\/\/lopanner.com\/vda\/wp-json\/wp\/v2\/media?parent=428"}],"curies":[{"name":"wp","href":"https:\/\/api.w.org\/{rel}","templated":true}]}}