{"id":437,"date":"2017-08-31T16:57:20","date_gmt":"2017-08-31T14:57:20","guid":{"rendered":"http:\/\/www.lopanner.com\/vda\/?page_id=437"},"modified":"2017-08-31T16:57:20","modified_gmt":"2017-08-31T14:57:20","slug":"bibliografia-e-sitografia","status":"publish","type":"page","link":"https:\/\/lopanner.com\/vda\/bibliografia-e-sitografia\/","title":{"rendered":"Bibliografia e sitografia"},"content":{"rendered":"<p>[et_pb_section bb_built=&#8221;1&#8243; background_color=&#8221;#e02b20&#8243; fullwidth=&#8221;on&#8221; _builder_version=&#8221;3.0.66&#8243; global_module=&#8221;247&#8243;][et_pb_fullwidth_image global_parent=&#8221;247&#8243; src=&#8221;http:\/\/www.lopanner.com\/vda\/wp-content\/uploads\/2017\/08\/img_forni.jpg&#8221; animation=&#8221;off&#8221; _builder_version=&#8221;3.0.66&#8243; \/][\/et_pb_section][et_pb_section bb_built=&#8221;1&#8243; custom_padding=&#8221;30px|0px|40px|0px&#8221; _builder_version=&#8221;3.0.47&#8243;][et_pb_row custom_padding=&#8221;32px|0px|15px|0px&#8221; _builder_version=&#8221;3.0.47&#8243; background_size=&#8221;initial&#8221; background_position=&#8221;top_left&#8221; background_repeat=&#8221;repeat&#8221;][et_pb_column type=&#8221;4_4&#8243;][et_pb_text admin_label=&#8221;INSERIRE QUI TITOLO PAGINA&#8221; _builder_version=&#8221;3.0.66&#8243; header_font_size=&#8221;40px&#8221; header_font_size_phone=&#8221;25px&#8221; header_font_size_last_edited=&#8221;on|phone&#8221; background_layout=&#8221;light&#8221; text_orientation=&#8221;left&#8221; border_style=&#8221;solid&#8221;]<\/p>\n<h1 style=\"text-align: center;\"><strong>Bibliografia e sitografia<\/strong><\/h1>\n<p>[\/et_pb_text][\/et_pb_column][\/et_pb_row][et_pb_row _builder_version=&#8221;3.0.66&#8243; background_size=&#8221;initial&#8221; background_position=&#8221;top_left&#8221; background_repeat=&#8221;repeat&#8221;][et_pb_column type=&#8221;4_4&#8243;][et_pb_text admin_label=&#8221;TESTO E FOTO DELLA PAGINA&#8221; _builder_version=&#8221;3.0.66&#8243; text_font_size=&#8221;19&#8243; text_line_height=&#8221;1.8em&#8221; background_layout=&#8221;light&#8221; text_orientation=&#8221;left&#8221; border_style=&#8221;solid&#8221;]<\/p>\n<p><strong>BIBLIOGRAFIA<\/strong><\/p>\n<p><em>Arvier<\/em>:\u00a0<em>una comunit\u00e0 nella storia, une communaut\u00e9 au fil de l\u2019histoire<\/em>, a cura del Comune di Arvier, Musumeci, Quart (Ao), 2004, pagg. 443-444<\/p>\n<p>B\u00c9TEMPS ALEXIS,\u00a0<em>Le temps suspendu\u00a0: de la No\u00ebl \u00e0 l\u2019\u00c9piphanie\u00a0: le cycle de douze jours dans la Vall\u00e9e d\u2019Aoste<\/em>, Priuli &amp; Verlucca, Scarmagno (To), 2016<\/p>\n<p><em>Biblioth\u00e8que de l\u2019Archivum augustanum, Sources et documents d\u2019histoire vald\u00f4taine<\/em>, a cura dell\u2019Archivio Storico regionale, XX, tomo V, Aosta, 1987, pag. 125<\/p>\n<p>BOIS SYLVAIN,\u00a0<em>Valgrisenche, histoire et \u00e9volution d\u2019une communaut\u00e9,\u00a0<\/em>Tipografia Valdostana, Aosta, \u00a01995, pagg. 66-67<\/p>\n<p>CARLETTO STEFANO, RIVOLIN JOSEPH-GABRIEL,<em>\u00a0Chambave, l\u2019ambiente e la storia<\/em>, a cura del Comune di Chambave, Tipografia Valdostana,\u00a0 Aosta 2005, pag. 58 e pag. 232<\/p>\n<p>CASAGRANDE MARIAGIOVANNA, DEMATTEIS LUIGI<em>,\u00a0\u00a0 Forni da pane. Panificazione, memoria e tradizione a Champorcher in Valle d\u2019Aosta<\/em>, \u201cQuaderni di cultura alpina\u201d, Priuli &amp; Verlucca, Scarmagno (To), 1997<\/p>\n<p>CERUTTI AUGUSTA VITTORIA, BORNEY PIA, CERIANO IRMA,\u00a0<em>Saint-Pierre<\/em>, Musumeci, Quart (Ao), 1993, pag. 162<\/p>\n<p>CHALLANCIN ERNESTO<em>, La Magdeleine<\/em>, Le Ch\u00e2teau, Aosta, 2004<\/p>\n<p><em>Chambave<\/em>:\u00a0<em>l\u2019ambiente e la storia,\u00a0<\/em>a cura del Comune di Chambave, Tipografia Valdostana, Aosta, 2005, pag. 58 e pag. 232<\/p>\n<p>CHENAL AIM\u00c9, VAUTHERIN RAYMOND,\u00a0<em>Nouveau dictionnaire de patois vald\u00f4tain,\u00a0<\/em>a cura del Centre d\u2019Etudes Francoproven\u00e7ales Ren\u00e9 Willien di Saint-Nicolas, Musumeci, Quart (Ao), 1997<\/p>\n<p>CLOS AUGUSTE,<em>\u00a0M\u00e9moire de la Paroisse d\u2019Ayas (1889)<\/em>, a cura di Favre Saverio, Tipografia E. Duc, Aosta, 1997, pag. 105<\/p>\n<p>CRAVEL PIERRE-ANTOINE,\u00a0<em>Usages religieux et populaires vald\u00f4tains<\/em>, in<em>\u00a0Recherches sur l\u2019ancienne liturgie d\u2019Aoste et les usages religieux et populaires vald\u00f4tains. 1<\/em>, a cura dell\u2019Archivio storico regionale<em>, Marguerettaz-Musumeci, Aosta, 1969<\/em><\/p>\n<p><em>Du bl\u00e9 au pain,\u00a0<\/em>A.M.E., Amis du Mus\u00e9e d\u2019\u00c9troubles<em>,\u00a0<\/em>Musumeci, Quart (Ao), 1987<\/p>\n<p>FALETTO LANDI LUCIENNE,\u00a0<em>Les vald\u00f4tains \u00e0 table<\/em>, Musumeci, Quart (Ao), 1992<\/p>\n<p>GAL MARCO,\u00a0<em>Gressan, profili di storia sociale e culturale,\u00a0<\/em>vol. I<em>,\u00a0<\/em>\u00a0a cura della Cassa Rurale ed Artigiana di Gressan, Tipografia Marcoz,\u00a0 Morgex (Ao), 1992, pagg. 182-183<\/p>\n<p>GUICHARDAZ CELESTINO, FASS\u00d2 ANDREA,<em>\u00a0La parlata francoprovenzale di Cogne (Val d\u2019Aosta): il lessico rustico, analisi fonematica della parola<\/em>, \u00a0Supplemento al\u00a0<em>Bollettino dell\u2019Atlante Linguistico Italiano<\/em>, Giappichelli,\u00a0 Torino, 1974<\/p>\n<p><em>Introd: segni, storia, contesti<\/em>, a cura di Barber<strong>i\u00a0<\/strong>Sandra, Orlandoni Bruno, Perrin Joseph-C\u00e9sar, Remacle Claudine, Edizioni\u00a0 Fratelli Ronc, s.l., 2002<\/p>\n<p><em>L\u2019Informatore Agricolo-L\u2019Informateur<\/em>\u00a0<em>Agricole,<\/em>\u00a0Assessorato Agricoltura e Risorse naturali, Regione autonoma Valle d\u2019Aosta, Aosta, 3, 2009<\/p>\n<p><em>La M\u00e9moire des Hommes,\u00a0<\/em>Tome I, a cura dell\u2019AVAS, Association vald\u00f4taine archives sonores, Wesak, Gressan (Ao), 2002<\/p>\n<p><em>La Vall\u00e9e d\u2019Aoste au fil des jours<\/em><strong>,<\/strong>\u00a0a cura di B\u00e9temps Alexis, Favre Saverio, Philippot Lidia [et al.], Bureau r\u00e9gional Ethnologie et Linguistique, Assessorato istruzione e cultura, Regione autonoma Valle d\u2019Aosta, \u00a0Priuli&amp;Verlucca, Scarmagno (To), 2006<\/p>\n<p><em>Le flambeau<strong>,<\/strong>\u00a0Revue du Comit\u00e9 des traditions vald\u00f4taines<\/em>, Tipografia G.Marguerettaz, Aosta, estate 1950<\/p>\n<p><em>Les c\u00e9r\u00e9ales et la fili\u00e8re du bl\u00e9<\/em>, Lo gnal\u00e8i, Assessorato Istruzione e cultura, Regione autonoma Valle d\u2019Aosta, Aosta,\u00a0<a href=\"http:\/\/www.patoisvda.org\/\">www.patoisvda.org<\/a>\u00a0(patoisvda.org\/gna\/index.cfm\/fiches-thematiques.html)<\/p>\n<p>MARTINENGO MATILDE,\u00a0<em>Architettura rurale in Valle d\u2019Aosta<\/em>.<em>\u00a0Torgnon,\u00a0<\/em>Allemandi, Torino,\u00a0 st. 1998, pag. 42<\/p>\n<p><em>Mets et recettes<\/em>, Concours Cerlogne, Centre d\u2019Etudes Francoproven\u00e7ales Ren\u00e9 Willien di Saint-Nicolas, Musumeci, Quart (Ao), 1994<\/p>\n<p><em>Planaval\u00a0: histoire, m\u00e9moire et traditions d\u2019une petite communaut\u00e9\u00a0<\/em>, a cura di Glarey Gisella [ et al.]<em>,\u00a0<\/em>Le Ch\u00e2teau, Aosta, 2009<\/p>\n<p>POLIA MARIO<em>, V<\/em><em>\u1f79<\/em><em>torn\u00e9ntse, profilo di una cultura alpina<\/em>, a cura del Comune di Valtournenche, Musumeci, Quart. (Ao), 2007, pag. 70<\/p>\n<p>REMACLE CLAUDINE,\u00a0<em>Les fours \u00e0 pain en Vall\u00e9e d\u2019Aoste<\/em>, Ufficio regionale etnologia e linguistica, Assessorato istruzione e cultura, Regione autonoma Valle d\u2019Aosta, inedito, 2014<\/p>\n<p>REMACLE CLAUDINE, MARCO DANILO, THUMIGER GIOVANNI,\u00a0<em>Ayas, uomini e architettura<\/em>, Livres et Musique, Ayas, 2000<\/p>\n<p>RIVOLIN JOSEPH-GABRIEL<em>\u00a0Saint-Vincent. La vita di una comunit\u00e0 valdostana<\/em>, a cura del Comune di Saint-Vincent, Tipografia Valdostana, Aosta, 2014, pag. 164<\/p>\n<p>RODDI GIUSEPPE,\u00a0<em>Il \u201c Coutumier \u201d della Valle d\u2019Aosta, 1588<\/em>, Musumeci, Quart (Ao), 1988<\/p>\n<p><em>Saint-Marcel\u00a0:<\/em>\u00a0<em>un pays, une communaut\u00e9, une histoire<\/em>, a cura di Favre Saverio, Perrin Joseph-C\u00e9sar, Rivolin Joseph-Gabriel e del Comune di Saint-Marcel, Musumeci, Quart (Ao), 2015, pagg. 302-303<\/p>\n<p><em>\u00a0Saint-Nicolas<\/em>, XLI Concours de Patois Abb\u00e9 Jean-Baptiste Cerlogne, a cura dell\u2019Assessorato Istruzione e cultura, Regione autonoma Valle d\u2019Aosta, Tipografia valdostana, Aosta, 2003, pagg. 52-53<\/p>\n<p>SCHEUERMEIER PAUL<strong>,\u00a0<\/strong><em>Il Lavoro dei contadini: cultura materiale e artigianato rurale in Italia e nella Svizzera italiana e retoromanza<\/em>, tomi 1 e 2, Longanesi, Milano, 1980<\/p>\n<p>SURROZ IVO,<em>\u00a0I forni di Monjovet,\u00a0<\/em>in\u00a0<em>Environnement<\/em>,\u00a0<em>Ambiente e Territorio in Valle d\u2019Aosta,<\/em>\u00a0Assessorato territorio, ambiente e opere pubbliche, Regione autonoma Valle d\u2019Aosta, Aosta, 52, 2011<\/p>\n<p>VASSALLO MARIA FORMICA ENRICO<em>, La Magdeleine, il futuro ha un cuore antico<\/em>, Hever, Ivrea (To),\u00a0 2011<\/p>\n<p>VIOLA LUCIANO,\u00a0<em>\u00a0Antey-Saint-Andr\u00e9, dalle origini ad oggi, Des origines \u00e0 nos jours<\/em>, Comune di Antey-Saint-Andr\u00e9, 1994, pagg. 37-38<\/p>\n<p><strong>SITOGRAFIA<\/strong><br \/>\n<a href=\"http:\/\/www.comune.ayas.ao.it\/comune\/it\/regolamenti2.aspx\">www.comune.ayas.ao.it\/comune\/it\/regolamenti2.aspx<\/a><\/p>\n<p><a href=\"http:\/\/www.comune.villeneuve.ao.it\/site\/wp...\/regolamento-del-forno-di-Montovert\">www.comune.villeneuve.ao.it\/site\/wp\u2026\/regolamento-del-forno-di-Montovert<\/a>.<\/p>\n<p><a href=\"http:\/\/www.comune.villeneuve.ao.it\/site\/wp-content\/...\/Regolamento-forno-Champlong\">www.comune.villeneuve.ao.it\/site\/wp-content\/\u2026\/Regolamento-forno-Champlong<\/a>.<\/p>\n<p><a href=\"http:\/\/www.comune-challandsaintanselme.it\/FSD.axd?id=dc52fa10-1a48-474b-a246\">www.comune-challandsaintanselme.it\/FSD.axd?id=dc52fa10-1a48-474b-a246<\/a><\/p>\n<p><a href=\"http:\/\/www.lovevda.it\/en\/database\/10\/...\/cogne\/lou-mecoulin...di-cogne\/48\">www.lovevda.it\/en\/database\/10\/\u2026\/cogne\/lou-mecoulin\u2026di-cogne\/48<\/a><\/p>\n<p><a href=\"http:\/\/www.patoisvda.org\/\">www.patoisvda.org<\/a><\/p>\n<p><a href=\"http:\/\/www.patoisvda.org\/it\/index.cfm\/news-sportello-linguistico-patois-valle-d-aosta\/gli-alunni-valdostani-alla-festa-del-pan-ner.html\">http:\/\/www.patoisvda.org\/it\/index.cfm\/news-sportello-linguistico-patois-valle-d-aosta\/gli-alunni-valdostani-alla-festa-del-pan-ner.html<\/a><\/p>\n<p><a href=\"http:\/\/blog.giallozafferano.it\/profumodidolci\/gelato-al-pane-nero-e-nocciole\/\">http:\/\/blog.giallozafferano.it\/profumodidolci\/gelato-al-pane-nero-e-nocciole\/<\/a><\/p>\n<p><a href=\"http:\/\/dizionari.corriere.it\/dizionario-modi-di-dire\/\">http:\/\/dizionari.corriere.it\/dizionario-modi-di-dire\/<\/a><\/p>\n<p><a href=\"http:\/\/mangiarebuono.it\/la-micooula-valdostana-il-goloso-pane-natalizio-con-fichi-e-castagne\/\">http:\/\/mangiarebuono.it\/la-micooula-valdostana-il-goloso-pane-natalizio-con-fichi-e-castagne\/<\/a><\/p>\n<p><a href=\"http:\/\/www.comune.issogne.ao.it\/?page_id=83\">http:\/\/www.comune.issogne.ao.it\/?page_id=83<\/a><\/p>\n<p><a href=\"http:\/\/www.comune.villeneuve.ao.it\/turismo\/storia-e-cultura\">http:\/\/www.comune.villeneuve.ao.it\/turismo\/storia-e-cultura<\/a><\/p>\n<p><a href=\"http:\/\/www.comune.villeneuve.ao.it\/turismo\/storia-e-cultura\/\">http:\/\/www.comune.villeneuve.ao.it\/turismo\/storia-e-cultura\/<\/a><\/p>\n<p><a href=\"http:\/\/www.regione.vda.it\/gestione\/riviweb\/templates\/aspx\/environnement.aspx?pkArt=1483\">http:\/\/www.regione.vda.it\/gestione\/riviweb\/templates\/aspx\/environnement.aspx?pkArt=1483<\/a><\/p>\n<p><a href=\"http:\/\/www.sagreneiborghi.it\/festa-della-micooula\/\">http:\/\/www.sagreneiborghi.it\/festa-della-micooula\/<\/a><\/p>\n<p><a href=\"http:\/\/www.tiraccontounaricetta.it\/Public\/RicetteImage\/2013116_104625_324\/Pane_nero_Pan_ner_1.jpg\">http:\/\/www.tiraccontounaricetta.it\/Public\/RicetteImage\/2013116_104625_324\/Pane_nero_Pan_ner_1.jpg<\/a><\/p>\n<p><a href=\"http:\/\/www.naturaosta.it\/prodotti.htm\">www.naturaosta.it\/prodotti.htm<\/a><\/p>\n<p>&nbsp;<\/p>\n<div id=\"attachment_438\" style=\"width: 310px\" class=\"wp-caption aligncenter\"><img aria-describedby=\"caption-attachment-438\" loading=\"lazy\" class=\"wp-image-438 size-medium\" src=\"http:\/\/www.lopanner.com\/vda\/wp-content\/uploads\/2017\/08\/forno-Crest-2-300x169.jpg\" alt=\"\" width=\"300\" height=\"169\" srcset=\"https:\/\/lopanner.com\/vda\/wp-content\/uploads\/2017\/08\/forno-Crest-2-300x169.jpg 300w, https:\/\/lopanner.com\/vda\/wp-content\/uploads\/2017\/08\/forno-Crest-2-768x432.jpg 768w, https:\/\/lopanner.com\/vda\/wp-content\/uploads\/2017\/08\/forno-Crest-2-1024x576.jpg 1024w, https:\/\/lopanner.com\/vda\/wp-content\/uploads\/2017\/08\/forno-Crest-2-1080x608.jpg 1080w, https:\/\/lopanner.com\/vda\/wp-content\/uploads\/2017\/08\/forno-Crest-2.jpg 2048w\" sizes=\"(max-width: 300px) 100vw, 300px\" \/><p id=\"caption-attachment-438\" class=\"wp-caption-text\">Pontboset, 2015. Forno al Crest. Christian Isabel<\/p><\/div>\n<p>[\/et_pb_text][\/et_pb_column][\/et_pb_row][\/et_pb_section][et_pb_section bb_built=&#8221;1&#8243; custom_padding=&#8221;0px|0px|64px|0px&#8221; _builder_version=&#8221;3.0.47&#8243;][et_pb_row _builder_version=&#8221;3.0.66&#8243; background_position_1=&#8221;top_left&#8221; background_repeat_1=&#8221;no-repeat&#8221; global_module=&#8221;343&#8243;][et_pb_column type=&#8221;4_4&#8243;][et_pb_image admin_label=&#8221;LOGO INSTANGIBLE SEARCH&#8221; global_parent=&#8221;343&#8243; _builder_version=&#8221;3.0.66&#8243; src=&#8221;http:\/\/www.lopanner.com\/vda\/wp-content\/uploads\/2017\/08\/intangiblesearch.png&#8221; show_in_lightbox=&#8221;off&#8221; url_new_window=&#8221;on&#8221; use_overlay=&#8221;off&#8221; sticky=&#8221;off&#8221; align=&#8221;center&#8221; always_center_on_mobile=&#8221;on&#8221; border_style=&#8221;solid&#8221; force_fullwidth=&#8221;off&#8221; animation=&#8221;off&#8221; url=&#8221;http:\/\/www.intangiblesearch.eu\/show_ich_detail.php?db_name=intangible_search&amp;lingua=italiano&amp;idk=ICH-DST00-0000000292&#8243; \/][et_pb_image admin_label=&#8221;LOGHI UNIONE EUROPEA&#8221; global_parent=&#8221;343&#8243; _builder_version=&#8221;3.0.66&#8243; src=&#8221;http:\/\/www.lopanner.com\/vda\/wp-content\/uploads\/2017\/08\/LOGHI-europa.jpg&#8221; show_in_lightbox=&#8221;off&#8221; url_new_window=&#8221;off&#8221; use_overlay=&#8221;off&#8221; sticky=&#8221;off&#8221; align=&#8221;center&#8221; always_center_on_mobile=&#8221;on&#8221; border_style=&#8221;solid&#8221; force_fullwidth=&#8221;off&#8221; animation=&#8221;off&#8221; \/][\/et_pb_column][\/et_pb_row][\/et_pb_section][et_pb_section bb_built=&#8221;1&#8243;][et_pb_row][\/et_pb_row][\/et_pb_section]<\/p>\n","protected":false},"excerpt":{"rendered":"<p>[et_pb_section bb_built=&#8221;1&#8243; background_color=&#8221;#e02b20&#8243; fullwidth=&#8221;on&#8221; _builder_version=&#8221;3.0.66&#8243; global_module=&#8221;247&#8243;][et_pb_fullwidth_image global_parent=&#8221;247&#8243; src=&#8221;http:\/\/www.lopanner.com\/vda\/wp-content\/uploads\/2017\/08\/img_forni.jpg&#8221; animation=&#8221;off&#8221; _builder_version=&#8221;3.0.66&#8243; \/][\/et_pb_section][et_pb_section bb_built=&#8221;1&#8243; custom_padding=&#8221;30px|0px|40px|0px&#8221; _builder_version=&#8221;3.0.47&#8243;][et_pb_row custom_padding=&#8221;32px|0px|15px|0px&#8221; _builder_version=&#8221;3.0.47&#8243; background_size=&#8221;initial&#8221; background_position=&#8221;top_left&#8221; background_repeat=&#8221;repeat&#8221;][et_pb_column type=&#8221;4_4&#8243;][et_pb_text admin_label=&#8221;INSERIRE QUI TITOLO PAGINA&#8221; _builder_version=&#8221;3.0.66&#8243; header_font_size=&#8221;40px&#8221; header_font_size_phone=&#8221;25px&#8221; header_font_size_last_edited=&#8221;on|phone&#8221; background_layout=&#8221;light&#8221; text_orientation=&#8221;left&#8221; border_style=&#8221;solid&#8221;] Bibliografia e sitografia [\/et_pb_text][\/et_pb_column][\/et_pb_row][et_pb_row _builder_version=&#8221;3.0.66&#8243; background_size=&#8221;initial&#8221; background_position=&#8221;top_left&#8221; background_repeat=&#8221;repeat&#8221;][et_pb_column type=&#8221;4_4&#8243;][et_pb_text admin_label=&#8221;TESTO E FOTO DELLA PAGINA&#8221; _builder_version=&#8221;3.0.66&#8243; text_font_size=&#8221;19&#8243; text_line_height=&#8221;1.8em&#8221; background_layout=&#8221;light&#8221; text_orientation=&#8221;left&#8221; border_style=&#8221;solid&#8221;] BIBLIOGRAFIA Arvier:\u00a0una comunit\u00e0 nella [&hellip;]<\/p>\n","protected":false},"author":1,"featured_media":0,"parent":0,"menu_order":0,"comment_status":"closed","ping_status":"closed","template":"","meta":{"_et_pb_use_builder":"on","_et_pb_old_content":"","_et_gb_content_width":""},"_links":{"self":[{"href":"https:\/\/lopanner.com\/vda\/wp-json\/wp\/v2\/pages\/437"}],"collection":[{"href":"https:\/\/lopanner.com\/vda\/wp-json\/wp\/v2\/pages"}],"about":[{"href":"https:\/\/lopanner.com\/vda\/wp-json\/wp\/v2\/types\/page"}],"author":[{"embeddable":true,"href":"https:\/\/lopanner.com\/vda\/wp-json\/wp\/v2\/users\/1"}],"replies":[{"embeddable":true,"href":"https:\/\/lopanner.com\/vda\/wp-json\/wp\/v2\/comments?post=437"}],"version-history":[{"count":1,"href":"https:\/\/lopanner.com\/vda\/wp-json\/wp\/v2\/pages\/437\/revisions"}],"predecessor-version":[{"id":439,"href":"https:\/\/lopanner.com\/vda\/wp-json\/wp\/v2\/pages\/437\/revisions\/439"}],"wp:attachment":[{"href":"https:\/\/lopanner.com\/vda\/wp-json\/wp\/v2\/media?parent=437"}],"curies":[{"name":"wp","href":"https:\/\/api.w.org\/{rel}","templated":true}]}}